{"id":2721,"date":"2024-12-27T22:36:58","date_gmt":"2024-12-27T20:36:58","guid":{"rendered":"https:\/\/ish-shalom.co.il\/videos\/"},"modified":"2025-01-16T00:06:45","modified_gmt":"2025-01-15T22:06:45","slug":"videos","status":"publish","type":"page","link":"https:\/\/ish-shalom.co.il\/fr\/videos\/","title":{"rendered":"Vid\u00e9os"},"content":{"rendered":"\t\t<div data-elementor-type=\"wp-page\" data-elementor-id=\"2721\" class=\"elementor elementor-2721 elementor-33\" data-elementor-post-type=\"page\">\n\t\t\t\t<div class=\"elementor-element elementor-element-6290cba e-con-full e-flex e-con e-parent\" data-id=\"6290cba\" data-element_type=\"container\" data-e-type=\"container\" data-settings=\"{&quot;background_background&quot;:&quot;classic&quot;}\">\n\t\t\t\t<\/div>\n\t\t<div class=\"elementor-element elementor-element-ace69ec e-con-full e-flex e-con e-parent\" data-id=\"ace69ec\" data-element_type=\"container\" data-e-type=\"container\" data-settings=\"{&quot;background_background&quot;:&quot;classic&quot;}\">\n\t\t\t\t<div class=\"elementor-element elementor-element-765c12e elementor-testimonial--skin-default elementor-testimonial--layout-image_inline elementor-testimonial--align-center elementor-widget elementor-widget-testimonial-carousel\" data-id=\"765c12e\" data-element_type=\"widget\" data-e-type=\"widget\" data-settings=\"{&quot;slides_per_view&quot;:&quot;6&quot;,&quot;speed&quot;:15000,&quot;autoplay_speed&quot;:0,&quot;slides_per_view_mobile&quot;:&quot;3&quot;,&quot;space_between_mobile&quot;:{&quot;unit&quot;:&quot;px&quot;,&quot;size&quot;:0,&quot;sizes&quot;:[]},&quot;space_between&quot;:{&quot;unit&quot;:&quot;px&quot;,&quot;size&quot;:0,&quot;sizes&quot;:[]},&quot;slides_per_view_tablet_extra&quot;:&quot;6&quot;,&quot;autoplay&quot;:&quot;yes&quot;,&quot;loop&quot;:&quot;yes&quot;,&quot;space_between_tablet_extra&quot;:{&quot;unit&quot;:&quot;px&quot;,&quot;size&quot;:10,&quot;sizes&quot;:[]},&quot;space_between_tablet&quot;:{&quot;unit&quot;:&quot;px&quot;,&quot;size&quot;:10,&quot;sizes&quot;:[]}}\" data-widget_type=\"testimonial-carousel.default\">\n\t\t\t\t<div class=\"elementor-widget-container\">\n\t\t\t\t\t\t\t\t\t<div class=\"elementor-swiper\">\n\t\t\t\t\t<div class=\"elementor-main-swiper swiper\" role=\"region\" aria-roledescription=\"carousel\" aria-label=\"\u05e1\u05dc\u05d9\u05d9\u05d3\u05d9\u05dd\">\n\t\t\t\t<div class=\"swiper-wrapper\">\n\t\t\t\t\t\t\t\t\t\t\t<div class=\"swiper-slide\" role=\"group\" aria-roledescription=\"slide\">\n\t\t\t\t\t\t\t\t\t<div class=\"elementor-testimonial\">\n\t\t\t\t\t\t\t<div class=\"elementor-testimonial__content\">\n\t\t\t\t\t<div class=\"elementor-testimonial__text\">\n\t\t\t\t\t\t<p>Imp\u00f4ts \u2022  <\/p>\n\t\t\t\t\t<\/div>\n\t\t\t\t\t\t\t\t\t<\/div>\n\t\t\t\t\t\t<div class=\"elementor-testimonial__footer\">\n\t\t\t\t\t\t\t\t\t\t\t<\/div>\n\t\t<\/div>\n\t\t\t\t\t\t\t\t<\/div>\n\t\t\t\t\t\t\t\t\t\t\t<div class=\"swiper-slide\" role=\"group\" aria-roledescription=\"slide\">\n\t\t\t\t\t\t\t\t\t<div class=\"elementor-testimonial\">\n\t\t\t\t\t\t\t<div class=\"elementor-testimonial__content\">\n\t\t\t\t\t<div class=\"elementor-testimonial__text\">\n\t\t\t\t\t\t<p>col blanc \u2022  <\/p>\n\t\t\t\t\t<\/div>\n\t\t\t\t\t\t\t\t\t<\/div>\n\t\t\t\t\t\t<div class=\"elementor-testimonial__footer\">\n\t\t\t\t\t\t\t\t\t\t\t<\/div>\n\t\t<\/div>\n\t\t\t\t\t\t\t\t<\/div>\n\t\t\t\t\t\t\t\t\t\t\t<div class=\"swiper-slide\" role=\"group\" aria-roledescription=\"slide\">\n\t\t\t\t\t\t\t\t\t<div class=\"elementor-testimonial\">\n\t\t\t\t\t\t\t<div class=\"elementor-testimonial__content\">\n\t\t\t\t\t<div class=\"elementor-testimonial__text\">\n\t\t\t\t\t\t<p>  Droit des soci\u00e9t\u00e9s \u2022  <\/p>\n\t\t\t\t\t<\/div>\n\t\t\t\t\t\t\t\t\t<\/div>\n\t\t\t\t\t\t<div class=\"elementor-testimonial__footer\">\n\t\t\t\t\t\t\t\t\t\t\t<\/div>\n\t\t<\/div>\n\t\t\t\t\t\t\t\t<\/div>\n\t\t\t\t\t\t\t\t\t\t\t<div class=\"swiper-slide\" role=\"group\" aria-roledescription=\"slide\">\n\t\t\t\t\t\t\t\t\t<div class=\"elementor-testimonial\">\n\t\t\t\t\t\t\t<div class=\"elementor-testimonial__content\">\n\t\t\t\t\t<div class=\"elementor-testimonial__text\">\n\t\t\t\t\t\t<p>Procuration durable \u2022  <\/p>\n\t\t\t\t\t<\/div>\n\t\t\t\t\t\t\t\t\t<\/div>\n\t\t\t\t\t\t<div class=\"elementor-testimonial__footer\">\n\t\t\t\t\t\t\t\t\t\t\t<\/div>\n\t\t<\/div>\n\t\t\t\t\t\t\t\t<\/div>\n\t\t\t\t\t\t\t\t\t\t\t<div class=\"swiper-slide\" role=\"group\" aria-roledescription=\"slide\">\n\t\t\t\t\t\t\t\t\t<div class=\"elementor-testimonial\">\n\t\t\t\t\t\t\t<div class=\"elementor-testimonial__content\">\n\t\t\t\t\t<div class=\"elementor-testimonial__text\">\n\t\t\t\t\t\t<p>M\u00e9diation et arbitrage \u2022<\/p>\n\t\t\t\t\t<\/div>\n\t\t\t\t\t\t\t\t\t<\/div>\n\t\t\t\t\t\t<div class=\"elementor-testimonial__footer\">\n\t\t\t\t\t\t\t\t\t\t\t<\/div>\n\t\t<\/div>\n\t\t\t\t\t\t\t\t<\/div>\n\t\t\t\t\t\t\t\t\t<\/div>\n\t\t\t\t\t\t\t\t\t\t\t\t\t\t\t\t\t\t\t\t\t<\/div>\n\t\t\t\t<\/div>\n\t\t\t\t\t\t\t\t<\/div>\n\t\t\t\t<\/div>\n\t\t\t\t<\/div>\n\t\t<div class=\"elementor-element elementor-element-84cdb9d e-con-full e-flex e-con e-parent\" data-id=\"84cdb9d\" data-element_type=\"container\" data-e-type=\"container\" data-settings=\"{&quot;background_background&quot;:&quot;classic&quot;}\">\n\t\t<div class=\"elementor-element elementor-element-af97603 e-con-full e-flex elementor-invisible e-con e-child\" data-id=\"af97603\" data-element_type=\"container\" data-e-type=\"container\" data-settings=\"{&quot;background_background&quot;:&quot;classic&quot;,&quot;animation&quot;:&quot;fadeInUp&quot;}\">\n\t\t\t\t<div class=\"elementor-element elementor-element-56e04be elementor-widget elementor-widget-video\" data-id=\"56e04be\" data-element_type=\"widget\" data-e-type=\"widget\" data-settings=\"{&quot;youtube_url&quot;:&quot;https:\\\/\\\/youtu.be\\\/fYR0guY_GbQ?si=LAAtN6G_89TQuZPZ&quot;,&quot;mute&quot;:&quot;yes&quot;,&quot;video_type&quot;:&quot;youtube&quot;,&quot;controls&quot;:&quot;yes&quot;}\" data-widget_type=\"video.default\">\n\t\t\t\t<div class=\"elementor-widget-container\">\n\t\t\t\t\t\t\t<div class=\"elementor-wrapper elementor-open-inline\">\n\t\t\t<div class=\"elementor-video\"><\/div>\t\t<\/div>\n\t\t\t\t\t\t<\/div>\n\t\t\t\t<\/div>\n\t\t\t\t<\/div>\n\t\t<div class=\"elementor-element elementor-element-999c4af e-con-full e-flex elementor-invisible e-con e-child\" data-id=\"999c4af\" data-element_type=\"container\" data-e-type=\"container\" data-settings=\"{&quot;background_background&quot;:&quot;classic&quot;,&quot;animation&quot;:&quot;fadeInUp&quot;}\">\n\t\t\t\t<div class=\"elementor-element elementor-element-ddcf844 elementor-widget elementor-widget-video\" data-id=\"ddcf844\" data-element_type=\"widget\" data-e-type=\"widget\" data-settings=\"{&quot;youtube_url&quot;:&quot;https:\\\/\\\/youtu.be\\\/NCpgZRweq9M?si=1Y7roD9JDa4AeI9i&quot;,&quot;mute&quot;:&quot;yes&quot;,&quot;video_type&quot;:&quot;youtube&quot;,&quot;controls&quot;:&quot;yes&quot;}\" data-widget_type=\"video.default\">\n\t\t\t\t<div class=\"elementor-widget-container\">\n\t\t\t\t\t\t\t<div class=\"elementor-wrapper elementor-open-inline\">\n\t\t\t<div class=\"elementor-video\"><\/div>\t\t<\/div>\n\t\t\t\t\t\t<\/div>\n\t\t\t\t<\/div>\n\t\t\t\t<\/div>\n\t\t<div class=\"elementor-element elementor-element-5274f8c e-con-full e-flex elementor-invisible e-con e-child\" data-id=\"5274f8c\" data-element_type=\"container\" data-e-type=\"container\" data-settings=\"{&quot;background_background&quot;:&quot;classic&quot;,&quot;animation&quot;:&quot;fadeInUp&quot;}\">\n\t\t\t\t<div class=\"elementor-element elementor-element-7205bba elementor-widget elementor-widget-video\" data-id=\"7205bba\" data-element_type=\"widget\" data-e-type=\"widget\" data-settings=\"{&quot;youtube_url&quot;:&quot;https:\\\/\\\/youtu.be\\\/qGcT9pSef-Y?si=GjcNADh4qbOBkzVq&quot;,&quot;mute&quot;:&quot;yes&quot;,&quot;video_type&quot;:&quot;youtube&quot;,&quot;controls&quot;:&quot;yes&quot;}\" data-widget_type=\"video.default\">\n\t\t\t\t<div class=\"elementor-widget-container\">\n\t\t\t\t\t\t\t<div class=\"elementor-wrapper elementor-open-inline\">\n\t\t\t<div class=\"elementor-video\"><\/div>\t\t<\/div>\n\t\t\t\t\t\t<\/div>\n\t\t\t\t<\/div>\n\t\t\t\t<\/div>\n\t\t<div class=\"elementor-element elementor-element-182d866 e-con-full e-flex elementor-invisible e-con e-child\" data-id=\"182d866\" data-element_type=\"container\" data-e-type=\"container\" data-settings=\"{&quot;background_background&quot;:&quot;classic&quot;,&quot;animation&quot;:&quot;fadeInUp&quot;}\">\n\t\t\t\t<div class=\"elementor-element elementor-element-c115129 elementor-widget elementor-widget-video\" data-id=\"c115129\" data-element_type=\"widget\" data-e-type=\"widget\" data-settings=\"{&quot;youtube_url&quot;:&quot;https:\\\/\\\/youtu.be\\\/nodyBv6zBog?si=pWdYxHaFtv8ecFKH&quot;,&quot;mute&quot;:&quot;yes&quot;,&quot;video_type&quot;:&quot;youtube&quot;,&quot;controls&quot;:&quot;yes&quot;}\" data-widget_type=\"video.default\">\n\t\t\t\t<div class=\"elementor-widget-container\">\n\t\t\t\t\t\t\t<div class=\"elementor-wrapper elementor-open-inline\">\n\t\t\t<div class=\"elementor-video\"><\/div>\t\t<\/div>\n\t\t\t\t\t\t<\/div>\n\t\t\t\t<\/div>\n\t\t\t\t<\/div>\n\t\t<div class=\"elementor-element elementor-element-4574e80 e-con-full e-flex elementor-invisible e-con e-child\" data-id=\"4574e80\" data-element_type=\"container\" data-e-type=\"container\" data-settings=\"{&quot;background_background&quot;:&quot;classic&quot;,&quot;animation&quot;:&quot;fadeInUp&quot;}\">\n\t\t\t\t<div class=\"elementor-element elementor-element-48edcb8 elementor-widget elementor-widget-video\" data-id=\"48edcb8\" data-element_type=\"widget\" data-e-type=\"widget\" data-settings=\"{&quot;youtube_url&quot;:&quot;https:\\\/\\\/youtu.be\\\/HuafD-B5E8E?si=J64KEWmSSkUdWm76&quot;,&quot;mute&quot;:&quot;yes&quot;,&quot;video_type&quot;:&quot;youtube&quot;,&quot;controls&quot;:&quot;yes&quot;}\" data-widget_type=\"video.default\">\n\t\t\t\t<div class=\"elementor-widget-container\">\n\t\t\t\t\t\t\t<div class=\"elementor-wrapper elementor-open-inline\">\n\t\t\t<div class=\"elementor-video\"><\/div>\t\t<\/div>\n\t\t\t\t\t\t<\/div>\n\t\t\t\t<\/div>\n\t\t\t\t<\/div>\n\t\t\t\t<\/div>\n\t\t\t\t<\/div>\n\t\t","protected":false},"excerpt":{"rendered":"<p>Imp\u00f4ts \u2022 col blanc \u2022 Droit des soci\u00e9t\u00e9s \u2022 Procuration durable \u2022 M\u00e9diation et arbitrage \u2022<\/p>\n","protected":false},"author":1,"featured_media":0,"parent":0,"menu_order":0,"comment_status":"closed","ping_status":"closed","template":"elementor_header_footer","meta":{"footnotes":""},"class_list":["post-2721","page","type-page","status-publish","hentry"],"yoast_head":"<!-- This site is optimized with the Yoast SEO plugin v27.1.1 - https:\/\/yoast.com\/product\/yoast-seo-wordpress\/ -->\n<title>Un autre-Yiniv-Ish-Shalom<\/title>\n<meta name=\"description\" content=\"L&#039;avocat Yaniv Ish-Shalom poss\u00e8de une vaste exp\u00e9rience dans le domaine du droit fiscal et dans le domaine des d\u00e9lits \u00e9conomiques, exp\u00e9rience acquise au cours de son travail au sein de l&#039;administration fiscale o\u00f9 il a trait\u00e9 une grande vari\u00e9t\u00e9 de dossiers d&#039;enqu\u00eate et de renseignement complexes et compliqu\u00e9s concernant la multitude de types. de d\u00e9lits fiscaux.\" \/>\n<meta name=\"robots\" content=\"index, follow, max-snippet:-1, max-image-preview:large, max-video-preview:-1\" \/>\n<link rel=\"canonical\" href=\"https:\/\/ish-shalom.co.il\/fr\/videos\/\" \/>\n<meta property=\"og:locale\" content=\"fr_FR\" \/>\n<meta property=\"og:type\" content=\"article\" \/>\n<meta property=\"og:title\" content=\"Un autre-Yiniv-Ish-Shalom\" \/>\n<meta property=\"og:description\" content=\"L&#039;avocat Yaniv Ish-Shalom poss\u00e8de une vaste exp\u00e9rience dans le domaine du droit fiscal et dans le domaine des d\u00e9lits \u00e9conomiques, exp\u00e9rience acquise au cours de son travail au sein de l&#039;administration fiscale o\u00f9 il a trait\u00e9 une grande vari\u00e9t\u00e9 de dossiers d&#039;enqu\u00eate et de renseignement complexes et compliqu\u00e9s concernant la multitude de types. de d\u00e9lits fiscaux.\" \/>\n<meta property=\"og:url\" content=\"https:\/\/ish-shalom.co.il\/fr\/videos\/\" \/>\n<meta property=\"og:site_name\" content=\"\u05d9\u05e0\u05d9\u05d1 \u05d0\u05d9\u05e9 \u05e9\u05dc\u05d5\u05dd \u05de\u05e9\u05e8\u05d3 \u05e2\u05d5\u05e8\u05db\u05d9 \u05d3\u05d9\u05df\" \/>\n<meta property=\"article:modified_time\" content=\"2025-01-15T22:06:45+00:00\" \/>\n<meta name=\"twitter:card\" content=\"summary_large_image\" \/>\n<script type=\"application\/ld+json\" class=\"yoast-schema-graph\">{\"@context\":\"https:\/\/schema.org\",\"@graph\":[{\"@type\":\"WebPage\",\"@id\":\"https:\/\/ish-shalom.co.il\/fr\/videos\/\",\"url\":\"https:\/\/ish-shalom.co.il\/fr\/videos\/\",\"name\":\"Un autre-Yiniv-Ish-Shalom\",\"isPartOf\":{\"@id\":\"https:\/\/ish-shalom.co.il\/fr\/#website\"},\"datePublished\":\"2024-12-27T20:36:58+00:00\",\"dateModified\":\"2025-01-15T22:06:45+00:00\",\"description\":\"L'avocat Yaniv Ish-Shalom poss\u00e8de une vaste exp\u00e9rience dans le domaine du droit fiscal et dans le domaine des d\u00e9lits \u00e9conomiques, exp\u00e9rience acquise au cours de son travail au sein de l'administration fiscale o\u00f9 il a trait\u00e9 une grande vari\u00e9t\u00e9 de dossiers d'enqu\u00eate et de renseignement complexes et compliqu\u00e9s concernant la multitude de types. de d\u00e9lits fiscaux.\",\"breadcrumb\":{\"@id\":\"https:\/\/ish-shalom.co.il\/fr\/videos\/#breadcrumb\"},\"inLanguage\":\"fr-FR\",\"potentialAction\":[{\"@type\":\"ReadAction\",\"target\":[\"https:\/\/ish-shalom.co.il\/fr\/videos\/\"]}]},{\"@type\":\"BreadcrumbList\",\"@id\":\"https:\/\/ish-shalom.co.il\/fr\/videos\/#breadcrumb\",\"itemListElement\":[{\"@type\":\"ListItem\",\"position\":1,\"name\":\"\u05d3\u05e3 \u05d4\u05d1\u05d9\u05ea\",\"item\":\"https:\/\/ish-shalom.co.il\/fr\/\"},{\"@type\":\"ListItem\",\"position\":2,\"name\":\"Vid\u00e9os\"}]},{\"@type\":\"WebSite\",\"@id\":\"https:\/\/ish-shalom.co.il\/fr\/#website\",\"url\":\"https:\/\/ish-shalom.co.il\/fr\/\",\"name\":\"\u05d9\u05e0\u05d9\u05d1 \u05d0\u05d9\u05e9 \u05e9\u05dc\u05d5\u05dd \u05de\u05e9\u05e8\u05d3 \u05e2\u05d5\u05e8\u05db\u05d9 \u05d3\u05d9\u05df\",\"description\":\"\",\"publisher\":{\"@id\":\"https:\/\/ish-shalom.co.il\/fr\/#organization\"},\"potentialAction\":[{\"@type\":\"SearchAction\",\"target\":{\"@type\":\"EntryPoint\",\"urlTemplate\":\"https:\/\/ish-shalom.co.il\/fr\/?s={search_term_string}\"},\"query-input\":{\"@type\":\"PropertyValueSpecification\",\"valueRequired\":true,\"valueName\":\"search_term_string\"}}],\"inLanguage\":\"fr-FR\"},{\"@type\":\"Organization\",\"@id\":\"https:\/\/ish-shalom.co.il\/fr\/#organization\",\"name\":\"\u05d9\u05e0\u05d9\u05d1 \u05d0\u05d9\u05e9 \u05e9\u05dc\u05d5\u05dd \u05de\u05e9\u05e8\u05d3 \u05e2\u05d5\u05e8\u05db\u05d9 \u05d3\u05d9\u05df\",\"url\":\"https:\/\/ish-shalom.co.il\/fr\/\",\"logo\":{\"@type\":\"ImageObject\",\"inLanguage\":\"fr-FR\",\"@id\":\"https:\/\/ish-shalom.co.il\/fr\/#\/schema\/logo\/image\/\",\"url\":\"https:\/\/ish-shalom.co.il\/wp-content\/uploads\/2024\/12\/logo-site.svg\",\"contentUrl\":\"https:\/\/ish-shalom.co.il\/wp-content\/uploads\/2024\/12\/logo-site.svg\",\"width\":293,\"height\":61,\"caption\":\"\u05d9\u05e0\u05d9\u05d1 \u05d0\u05d9\u05e9 \u05e9\u05dc\u05d5\u05dd \u05de\u05e9\u05e8\u05d3 \u05e2\u05d5\u05e8\u05db\u05d9 \u05d3\u05d9\u05df\"},\"image\":{\"@id\":\"https:\/\/ish-shalom.co.il\/fr\/#\/schema\/logo\/image\/\"}}]}<\/script>\n<!-- \/ Yoast SEO plugin. -->","yoast_head_json":{"title":"Un autre-Yiniv-Ish-Shalom","description":"L'avocat Yaniv Ish-Shalom poss\u00e8de une vaste exp\u00e9rience dans le domaine du droit fiscal et dans le domaine des d\u00e9lits \u00e9conomiques, exp\u00e9rience acquise au cours de son travail au sein de l'administration fiscale o\u00f9 il a trait\u00e9 une grande vari\u00e9t\u00e9 de dossiers d'enqu\u00eate et de renseignement complexes et compliqu\u00e9s concernant la multitude de types. de d\u00e9lits fiscaux.","robots":{"index":"index","follow":"follow","max-snippet":"max-snippet:-1","max-image-preview":"max-image-preview:large","max-video-preview":"max-video-preview:-1"},"canonical":"https:\/\/ish-shalom.co.il\/fr\/videos\/","og_locale":"fr_FR","og_type":"article","og_title":"Un autre-Yiniv-Ish-Shalom","og_description":"L'avocat Yaniv Ish-Shalom poss\u00e8de une vaste exp\u00e9rience dans le domaine du droit fiscal et dans le domaine des d\u00e9lits \u00e9conomiques, exp\u00e9rience acquise au cours de son travail au sein de l'administration fiscale o\u00f9 il a trait\u00e9 une grande vari\u00e9t\u00e9 de dossiers d'enqu\u00eate et de renseignement complexes et compliqu\u00e9s concernant la multitude de types. de d\u00e9lits fiscaux.","og_url":"https:\/\/ish-shalom.co.il\/fr\/videos\/","og_site_name":"\u05d9\u05e0\u05d9\u05d1 \u05d0\u05d9\u05e9 \u05e9\u05dc\u05d5\u05dd \u05de\u05e9\u05e8\u05d3 \u05e2\u05d5\u05e8\u05db\u05d9 \u05d3\u05d9\u05df","article_modified_time":"2025-01-15T22:06:45+00:00","twitter_card":"summary_large_image","schema":{"@context":"https:\/\/schema.org","@graph":[{"@type":"WebPage","@id":"https:\/\/ish-shalom.co.il\/fr\/videos\/","url":"https:\/\/ish-shalom.co.il\/fr\/videos\/","name":"Un autre-Yiniv-Ish-Shalom","isPartOf":{"@id":"https:\/\/ish-shalom.co.il\/fr\/#website"},"datePublished":"2024-12-27T20:36:58+00:00","dateModified":"2025-01-15T22:06:45+00:00","description":"L'avocat Yaniv Ish-Shalom poss\u00e8de une vaste exp\u00e9rience dans le domaine du droit fiscal et dans le domaine des d\u00e9lits \u00e9conomiques, exp\u00e9rience acquise au cours de son travail au sein de l'administration fiscale o\u00f9 il a trait\u00e9 une grande vari\u00e9t\u00e9 de dossiers d'enqu\u00eate et de renseignement complexes et compliqu\u00e9s concernant la multitude de types. de d\u00e9lits fiscaux.","breadcrumb":{"@id":"https:\/\/ish-shalom.co.il\/fr\/videos\/#breadcrumb"},"inLanguage":"fr-FR","potentialAction":[{"@type":"ReadAction","target":["https:\/\/ish-shalom.co.il\/fr\/videos\/"]}]},{"@type":"BreadcrumbList","@id":"https:\/\/ish-shalom.co.il\/fr\/videos\/#breadcrumb","itemListElement":[{"@type":"ListItem","position":1,"name":"\u05d3\u05e3 \u05d4\u05d1\u05d9\u05ea","item":"https:\/\/ish-shalom.co.il\/fr\/"},{"@type":"ListItem","position":2,"name":"Vid\u00e9os"}]},{"@type":"WebSite","@id":"https:\/\/ish-shalom.co.il\/fr\/#website","url":"https:\/\/ish-shalom.co.il\/fr\/","name":"\u05d9\u05e0\u05d9\u05d1 \u05d0\u05d9\u05e9 \u05e9\u05dc\u05d5\u05dd \u05de\u05e9\u05e8\u05d3 \u05e2\u05d5\u05e8\u05db\u05d9 \u05d3\u05d9\u05df","description":"","publisher":{"@id":"https:\/\/ish-shalom.co.il\/fr\/#organization"},"potentialAction":[{"@type":"SearchAction","target":{"@type":"EntryPoint","urlTemplate":"https:\/\/ish-shalom.co.il\/fr\/?s={search_term_string}"},"query-input":{"@type":"PropertyValueSpecification","valueRequired":true,"valueName":"search_term_string"}}],"inLanguage":"fr-FR"},{"@type":"Organization","@id":"https:\/\/ish-shalom.co.il\/fr\/#organization","name":"\u05d9\u05e0\u05d9\u05d1 \u05d0\u05d9\u05e9 \u05e9\u05dc\u05d5\u05dd \u05de\u05e9\u05e8\u05d3 \u05e2\u05d5\u05e8\u05db\u05d9 \u05d3\u05d9\u05df","url":"https:\/\/ish-shalom.co.il\/fr\/","logo":{"@type":"ImageObject","inLanguage":"fr-FR","@id":"https:\/\/ish-shalom.co.il\/fr\/#\/schema\/logo\/image\/","url":"https:\/\/ish-shalom.co.il\/wp-content\/uploads\/2024\/12\/logo-site.svg","contentUrl":"https:\/\/ish-shalom.co.il\/wp-content\/uploads\/2024\/12\/logo-site.svg","width":293,"height":61,"caption":"\u05d9\u05e0\u05d9\u05d1 \u05d0\u05d9\u05e9 \u05e9\u05dc\u05d5\u05dd \u05de\u05e9\u05e8\u05d3 \u05e2\u05d5\u05e8\u05db\u05d9 \u05d3\u05d9\u05df"},"image":{"@id":"https:\/\/ish-shalom.co.il\/fr\/#\/schema\/logo\/image\/"}}]}},"_links":{"self":[{"href":"https:\/\/ish-shalom.co.il\/fr\/wp-json\/wp\/v2\/pages\/2721","targetHints":{"allow":["GET"]}}],"collection":[{"href":"https:\/\/ish-shalom.co.il\/fr\/wp-json\/wp\/v2\/pages"}],"about":[{"href":"https:\/\/ish-shalom.co.il\/fr\/wp-json\/wp\/v2\/types\/page"}],"author":[{"embeddable":true,"href":"https:\/\/ish-shalom.co.il\/fr\/wp-json\/wp\/v2\/users\/1"}],"replies":[{"embeddable":true,"href":"https:\/\/ish-shalom.co.il\/fr\/wp-json\/wp\/v2\/comments?post=2721"}],"version-history":[{"count":3,"href":"https:\/\/ish-shalom.co.il\/fr\/wp-json\/wp\/v2\/pages\/2721\/revisions"}],"predecessor-version":[{"id":3005,"href":"https:\/\/ish-shalom.co.il\/fr\/wp-json\/wp\/v2\/pages\/2721\/revisions\/3005"}],"wp:attachment":[{"href":"https:\/\/ish-shalom.co.il\/fr\/wp-json\/wp\/v2\/media?parent=2721"}],"curies":[{"name":"wp","href":"https:\/\/api.w.org\/{rel}","templated":true}]}}