{"id":2739,"date":"2025-01-03T13:42:04","date_gmt":"2025-01-03T11:42:04","guid":{"rendered":"https:\/\/ish-shalom.co.il\/tva\/"},"modified":"2025-02-05T22:11:57","modified_gmt":"2025-02-05T20:11:57","slug":"tva","status":"publish","type":"page","link":"https:\/\/ish-shalom.co.il\/fr\/tva\/","title":{"rendered":"TVA"},"content":{"rendered":"\t\t<div data-elementor-type=\"wp-page\" data-elementor-id=\"2739\" class=\"elementor elementor-2739 elementor-1259\" data-elementor-post-type=\"page\">\n\t\t\t\t<div class=\"elementor-element elementor-element-28599fb e-con-full e-flex e-con e-parent\" data-id=\"28599fb\" data-element_type=\"container\" data-e-type=\"container\" data-settings=\"{&quot;background_background&quot;:&quot;classic&quot;}\">\n\t\t\t\t<\/div>\n\t\t<div class=\"elementor-element elementor-element-ab43dfd e-con-full e-flex e-con e-parent\" data-id=\"ab43dfd\" data-element_type=\"container\" data-e-type=\"container\" data-settings=\"{&quot;background_background&quot;:&quot;classic&quot;}\">\n\t\t\t\t<div class=\"elementor-element elementor-element-9b10944 elementor-testimonial--skin-default elementor-testimonial--layout-image_inline elementor-testimonial--align-center elementor-widget elementor-widget-testimonial-carousel\" data-id=\"9b10944\" data-element_type=\"widget\" data-e-type=\"widget\" data-settings=\"{&quot;slides_per_view&quot;:&quot;6&quot;,&quot;speed&quot;:15000,&quot;autoplay_speed&quot;:0,&quot;slides_per_view_mobile&quot;:&quot;3&quot;,&quot;space_between_mobile&quot;:{&quot;unit&quot;:&quot;px&quot;,&quot;size&quot;:0,&quot;sizes&quot;:[]},&quot;space_between&quot;:{&quot;unit&quot;:&quot;px&quot;,&quot;size&quot;:0,&quot;sizes&quot;:[]},&quot;slides_per_view_tablet_extra&quot;:&quot;6&quot;,&quot;autoplay&quot;:&quot;yes&quot;,&quot;loop&quot;:&quot;yes&quot;,&quot;space_between_tablet_extra&quot;:{&quot;unit&quot;:&quot;px&quot;,&quot;size&quot;:10,&quot;sizes&quot;:[]},&quot;space_between_tablet&quot;:{&quot;unit&quot;:&quot;px&quot;,&quot;size&quot;:10,&quot;sizes&quot;:[]}}\" data-widget_type=\"testimonial-carousel.default\">\n\t\t\t\t<div class=\"elementor-widget-container\">\n\t\t\t\t\t\t\t\t\t<div class=\"elementor-swiper\">\n\t\t\t\t\t<div class=\"elementor-main-swiper swiper\" role=\"region\" aria-roledescription=\"carousel\" aria-label=\"\u05e1\u05dc\u05d9\u05d9\u05d3\u05d9\u05dd\">\n\t\t\t\t<div class=\"swiper-wrapper\">\n\t\t\t\t\t\t\t\t\t\t\t<div class=\"swiper-slide\" role=\"group\" aria-roledescription=\"slide\">\n\t\t\t\t\t\t\t\t\t<div class=\"elementor-testimonial\">\n\t\t\t\t\t\t\t<div class=\"elementor-testimonial__content\">\n\t\t\t\t\t<div class=\"elementor-testimonial__text\">\n\t\t\t\t\t\t<p>Imp\u00f4ts \u2022 <\/p>\n\t\t\t\t\t<\/div>\n\t\t\t\t\t\t\t\t\t<\/div>\n\t\t\t\t\t\t<div class=\"elementor-testimonial__footer\">\n\t\t\t\t\t\t\t\t\t\t\t<\/div>\n\t\t<\/div>\n\t\t\t\t\t\t\t\t<\/div>\n\t\t\t\t\t\t\t\t\t\t\t<div class=\"swiper-slide\" role=\"group\" aria-roledescription=\"slide\">\n\t\t\t\t\t\t\t\t\t<div class=\"elementor-testimonial\">\n\t\t\t\t\t\t\t<div class=\"elementor-testimonial__content\">\n\t\t\t\t\t<div class=\"elementor-testimonial__text\">\n\t\t\t\t\t\t<p>col blanc \u2022 <\/p>\n\t\t\t\t\t<\/div>\n\t\t\t\t\t\t\t\t\t<\/div>\n\t\t\t\t\t\t<div class=\"elementor-testimonial__footer\">\n\t\t\t\t\t\t\t\t\t\t\t<\/div>\n\t\t<\/div>\n\t\t\t\t\t\t\t\t<\/div>\n\t\t\t\t\t\t\t\t\t\t\t<div class=\"swiper-slide\" role=\"group\" aria-roledescription=\"slide\">\n\t\t\t\t\t\t\t\t\t<div class=\"elementor-testimonial\">\n\t\t\t\t\t\t\t<div class=\"elementor-testimonial__content\">\n\t\t\t\t\t<div class=\"elementor-testimonial__text\">\n\t\t\t\t\t\t<p> Droit des soci\u00e9t\u00e9s \u2022 <\/p>\n\t\t\t\t\t<\/div>\n\t\t\t\t\t\t\t\t\t<\/div>\n\t\t\t\t\t\t<div class=\"elementor-testimonial__footer\">\n\t\t\t\t\t\t\t\t\t\t\t<\/div>\n\t\t<\/div>\n\t\t\t\t\t\t\t\t<\/div>\n\t\t\t\t\t\t\t\t\t\t\t<div class=\"swiper-slide\" role=\"group\" aria-roledescription=\"slide\">\n\t\t\t\t\t\t\t\t\t<div class=\"elementor-testimonial\">\n\t\t\t\t\t\t\t<div class=\"elementor-testimonial__content\">\n\t\t\t\t\t<div class=\"elementor-testimonial__text\">\n\t\t\t\t\t\t<p>Procuration durable \u2022 <\/p>\n\t\t\t\t\t<\/div>\n\t\t\t\t\t\t\t\t\t<\/div>\n\t\t\t\t\t\t<div class=\"elementor-testimonial__footer\">\n\t\t\t\t\t\t\t\t\t\t\t<\/div>\n\t\t<\/div>\n\t\t\t\t\t\t\t\t<\/div>\n\t\t\t\t\t\t\t\t\t\t\t<div class=\"swiper-slide\" role=\"group\" aria-roledescription=\"slide\">\n\t\t\t\t\t\t\t\t\t<div class=\"elementor-testimonial\">\n\t\t\t\t\t\t\t<div class=\"elementor-testimonial__content\">\n\t\t\t\t\t<div class=\"elementor-testimonial__text\">\n\t\t\t\t\t\t<p>M\u00e9diation et arbitrage \u2022<\/p>\n\t\t\t\t\t<\/div>\n\t\t\t\t\t\t\t\t\t<\/div>\n\t\t\t\t\t\t<div class=\"elementor-testimonial__footer\">\n\t\t\t\t\t\t\t\t\t\t\t<\/div>\n\t\t<\/div>\n\t\t\t\t\t\t\t\t<\/div>\n\t\t\t\t\t\t\t\t\t<\/div>\n\t\t\t\t\t\t\t\t\t\t\t\t\t\t\t\t\t\t\t\t\t<\/div>\n\t\t\t\t<\/div>\n\t\t\t\t\t\t\t\t<\/div>\n\t\t\t\t<\/div>\n\t\t\t\t<\/div>\n\t\t<div class=\"elementor-element elementor-element-a75bdb1 e-con-full e-flex e-con e-parent\" data-id=\"a75bdb1\" data-element_type=\"container\" data-e-type=\"container\" data-settings=\"{&quot;background_background&quot;:&quot;classic&quot;}\">\n\t\t<div class=\"elementor-element elementor-element-20fff26 e-con-full e-flex elementor-invisible e-con e-child\" data-id=\"20fff26\" data-element_type=\"container\" data-e-type=\"container\" data-settings=\"{&quot;animation&quot;:&quot;fadeInUp&quot;}\">\n\t\t\t\t<div class=\"elementor-element elementor-element-337524c elementor-widget elementor-widget-breadcrumbs\" data-id=\"337524c\" data-element_type=\"widget\" data-e-type=\"widget\" data-widget_type=\"breadcrumbs.default\">\n\t\t\t\t<div class=\"elementor-widget-container\">\n\t\t\t\t\t<p id=\"breadcrumbs\"><span><span><a href=\"https:\/\/ish-shalom.co.il\/fr\/\">\u05d3\u05e3 \u05d4\u05d1\u05d9\u05ea<\/a><\/span><\/span><\/p>\t\t\t\t<\/div>\n\t\t\t\t<\/div>\n\t\t\t\t<div class=\"elementor-element elementor-element-48ff479 elementor-widget elementor-widget-text-editor\" data-id=\"48ff479\" data-element_type=\"widget\" data-e-type=\"widget\" data-widget_type=\"text-editor.default\">\n\t\t\t\t<div class=\"elementor-widget-container\">\n\t\t\t\t\t\t\t\t\t<p>La TVA est un imp\u00f4t indirect qui s&rsquo;ajoute \u00e0 presque toutes les transactions. C&rsquo;est un imp\u00f4t sur la valeur ajout\u00e9e dans la transaction et constitue l&rsquo;une des principales lois fiscales en Isra\u00ebl. \u00c9tant un imp\u00f4t aussi central, il permet aux entrepreneurs de faire une auto-\u00e9valuation, de d\u00e9duire de l&rsquo;imp\u00f4t qu&rsquo;ils doivent l&rsquo;imp\u00f4t qu&rsquo;ils ont pay\u00e9 et de transf\u00e9rer le solde ou de demander un remboursement de la part de l&rsquo;administration fiscale. Cette situation permet la commission d&rsquo;infractions fiscales et, en effet, les infractions \u00e0 la loi sur la TVA sont relativement courantes. Les infractions \u00e0 la taxe sur la valeur ajout\u00e9e se divisent en deux principaux types en fonction du niveau de gravit\u00e9 et des sanctions potentielles. Il est important de souligner qu&rsquo;en tout cas, il ne faut pas sous-estimer ces infractions en termes de leurs cons\u00e9quences pour ceux qui ont \u00e9t\u00e9 condamn\u00e9s. <br \/>Il est important de souligner qu&rsquo;en tout cas, il ne faut pas sous-estimer ces infractions en termes de leurs cons\u00e9quences pour ceux qui ont \u00e9t\u00e9 condamn\u00e9s. Il est donc recommand\u00e9 \u00e0 toute personne impliqu\u00e9e de solliciter l&rsquo;aide d&rsquo;un avocat sp\u00e9cialis\u00e9 dans les infractions \u00e0 la TVA. <\/p>\n\t\t\t\t\t\t\t\t<\/div>\n\t\t\t\t<\/div>\n\t\t\t\t<div class=\"elementor-element elementor-element-862dab0 elementor-widget elementor-widget-heading\" data-id=\"862dab0\" data-element_type=\"widget\" data-e-type=\"widget\" data-widget_type=\"heading.default\">\n\t\t\t\t<div class=\"elementor-widget-container\">\n\t\t\t\t\t<h2 class=\"elementor-heading-title elementor-size-default\">Infractions \u00e0 la loi sur la taxe sur la valeur ajout\u00e9e\n<\/h2>\t\t\t\t<\/div>\n\t\t\t\t<\/div>\n\t\t\t\t<div class=\"elementor-element elementor-element-0a490d3 elementor-widget elementor-widget-text-editor\" data-id=\"0a490d3\" data-element_type=\"widget\" data-e-type=\"widget\" data-widget_type=\"text-editor.default\">\n\t\t\t\t<div class=\"elementor-widget-container\">\n\t\t\t\t\t\t\t\t\t<p>Les infractions \u00e0 la loi sur la TVA se divisent en deux groupes : les infractions techniques et les infractions substantielles. Bien s\u00fbr, il est important de d\u00e9finir le type d&rsquo;infraction dont vous \u00eates accus\u00e9, et ce type d&rsquo;infraction a une influence majeure sur l&rsquo;issue de la proc\u00e9dure judiciaire \u00e0 votre encontre.<\/p>\n<p>Dans le cas des infractions techniques, il s&rsquo;agit de situations o\u00f9 un entrepreneur ou un contribuable agit en violation des prescriptions techniques de la loi sur la TVA, sans intention criminelle ou malveillance dans ses actions. Les infractions techniques concernent une gestion incorrecte, et leur nature n&rsquo;est pas l&rsquo;\u00e9vasion fiscale. Des exemples d&rsquo;infractions techniques incluent : non-d\u00e9claration ou retard dans la d\u00e9claration \u00e0 la TVA, gestion des livres comptables de mani\u00e8re non conforme aux prescriptions, ou absence totale de gestion des livres comptables, entre autres.  <\/p>\n\t\t\t\t\t\t\t\t<\/div>\n\t\t\t\t<\/div>\n\t\t\t\t<\/div>\n\t\t<div class=\"elementor-element elementor-element-a3da983 e-con-full e-flex elementor-invisible e-con e-child\" data-id=\"a3da983\" data-element_type=\"container\" data-e-type=\"container\" data-settings=\"{&quot;animation&quot;:&quot;fadeInUp&quot;}\">\n\t\t\t\t<div class=\"elementor-element elementor-element-20cbeee elementor-widget__width-initial elementor-widget elementor-widget-image\" data-id=\"20cbeee\" data-element_type=\"widget\" data-e-type=\"widget\" data-widget_type=\"image.default\">\n\t\t\t\t<div class=\"elementor-widget-container\">\n\t\t\t\t\t\t\t\t\t\t\t\t\t\t\t<img fetchpriority=\"high\" decoding=\"async\" width=\"600\" height=\"500\" src=\"https:\/\/ish-shalom.co.il\/wp-content\/uploads\/2025\/01\/\u05de\u05e2\u05de-600-500.jpg\" class=\"attachment-full size-full wp-image-2300\" alt=\"\u05de\u05e2&#039;&#039;\u05de\" srcset=\"https:\/\/ish-shalom.co.il\/wp-content\/uploads\/2025\/01\/\u05de\u05e2\u05de-600-500.jpg 600w, https:\/\/ish-shalom.co.il\/wp-content\/uploads\/2025\/01\/\u05de\u05e2\u05de-600-500-300x250.jpg 300w\" sizes=\"(max-width: 600px) 100vw, 600px\" \/>\t\t\t\t\t\t\t\t\t\t\t\t\t\t\t<\/div>\n\t\t\t\t<\/div>\n\t\t\t\t<\/div>\n\t\t\t\t<\/div>\n\t\t<div class=\"elementor-element elementor-element-d4e6fce e-con-full e-flex e-con e-parent\" data-id=\"d4e6fce\" data-element_type=\"container\" data-e-type=\"container\" data-settings=\"{&quot;background_background&quot;:&quot;classic&quot;}\">\n\t\t\t\t<div class=\"elementor-element elementor-element-dc56260 elementor-widget elementor-widget-text-editor\" data-id=\"dc56260\" data-element_type=\"widget\" data-e-type=\"widget\" data-widget_type=\"text-editor.default\">\n\t\t\t\t<div class=\"elementor-widget-container\">\n\t\t\t\t\t\t\t\t\t<p>Les infractions de ce type sont consid\u00e9r\u00e9es comme des infractions p\u00e9nales, mais leur gravit\u00e9 est moindre. La loi sur la TVA pr\u00e9voit qu&rsquo;une personne commettant une infraction technique peut \u00eatre condamn\u00e9e \u00e0 une peine d&#8217;emprisonnement r\u00e9elle pouvant aller jusqu&rsquo;\u00e0 un an. Les circonstances de l&rsquo;affaire jouent un r\u00f4le important dans la d\u00e9termination de la peine. Si les manquements ont \u00e9t\u00e9 corrig\u00e9s, la tendance sera de ne pas infliger une peine de prison r\u00e9elle, mais plut\u00f4t une amende, et il est possible d&rsquo;infliger une peine de prison avec sursis.<\/p>\n<p>Dans le cas des infractions substantielles, il s&rsquo;agit de situations o\u00f9 un entrepreneur ou un contribuable agit avec une intention criminelle pour \u00e9chapper ou se soustraire au paiement de la taxe qu&rsquo;il doit. Des exemples d&rsquo;infractions substantielles incluent : la compensation ou la diffusion de factures fiscales fictives, la dissimulation ou la destruction de donn\u00e9es ou de livres comptables, la d\u00e9duction de d\u00e9penses sans documentation comptable, et la demande de d\u00e9ductions priv\u00e9es pour r\u00e9duire le paiement de la TVA.<\/p>\n<p>Les infractions substantielles sont graves, et la peine encourue peut aller, dans des circonstances normales, jusqu&rsquo;\u00e0 une peine d&#8217;emprisonnement r\u00e9elle de 5 ans, et jusqu&rsquo;\u00e0 7 ans dans des circonstances graves. En r\u00e8gle g\u00e9n\u00e9rale, une lourde amende sera \u00e9galement impos\u00e9e \u00e0 la personne ayant commis une infraction de ce type.<\/p>\n<p>Dans le domaine de la TVA, le cabinet accompagne les entrepreneurs et les contribuables, les institutions financi\u00e8res, les promoteurs immobiliers, ainsi que les entreprises \u00e9trang\u00e8res et isra\u00e9liennes, tant dans les phases initiales de planification et de construction des transactions que dans les questions li\u00e9es \u00e0 la nature des demandes de paiement, y compris les aspects fiscaux des ONG et des institutions financi\u00e8res.<\/p>\n<ul>\n<li>Classification des transactions comme soumises \u00e0 la TVA ou non, d\u00e9claration des transactions et d\u00e9duction des entr\u00e9es de TVA.<\/li>\n<li> Conseils juridiques et accompagnement dans les proc\u00e9dures d&rsquo;\u00e9valuation et de v\u00e9rification, contestation et recours devant le tribunal.<\/li>\n<li> Conseils juridiques et accompagnement concernant les aspects de responsabilit\u00e9 de la TVA dans les transactions immobili\u00e8res.<\/li>\n<li> Conseils juridiques et accompagnement concernant les aspects de responsabilit\u00e9 de la TVA appliqu\u00e9e \u00e0 l&rsquo;importation de services et de biens immat\u00e9riels.<\/li>\n<li> Conseils juridiques et accompagnement pour les institutions financi\u00e8res et les organisations \u00e0 but non lucratif.<\/li>\n<\/ul>\n<p><strong>Un conseil juridique professionnel \u00e0 un stade pr\u00e9coce de la proc\u00e9dure peut n\u00e9cessairement changer la situation, que ce soit lorsqu&rsquo;un entrepreneur \/ contribuable a \u00e9t\u00e9 invit\u00e9 \u00e0 une v\u00e9rification comptable, ou lorsqu&rsquo;une enqu\u00eate a \u00e9t\u00e9 ouverte contre lui, ou, Dieu nous en pr\u00e9serve, s&rsquo;il a d\u00e9j\u00e0 fait l&rsquo;objet d&rsquo;une inculpation. Il est crucial de classer les infractions attribu\u00e9es, en mettant l&rsquo;accent sur l&rsquo;\u00e9l\u00e9ment de l&rsquo;intention, car en l&rsquo;absence de celle-ci, comme mentionn\u00e9, les infractions et les peines possibles peuvent \u00eatre moins s\u00e9v\u00e8res.<\/strong><\/p>\n\t\t\t\t\t\t\t\t<\/div>\n\t\t\t\t<\/div>\n\t\t\t\t<\/div>\n\t\t\t\t<\/div>\n\t\t","protected":false},"excerpt":{"rendered":"<p>Imp\u00f4ts \u2022 col blanc \u2022 Droit des soci\u00e9t\u00e9s \u2022 Procuration durable \u2022 M\u00e9diation et arbitrage \u2022 La TVA est un imp\u00f4t indirect qui s&rsquo;ajoute \u00e0 presque toutes les transactions. C&rsquo;est un imp\u00f4t sur la valeur ajout\u00e9e dans la transaction et constitue l&rsquo;une des principales lois fiscales en Isra\u00ebl. \u00c9tant un imp\u00f4t aussi central, il permet [&hellip;]<\/p>\n","protected":false},"author":1,"featured_media":0,"parent":0,"menu_order":0,"comment_status":"closed","ping_status":"closed","template":"elementor_header_footer","meta":{"footnotes":""},"class_list":["post-2739","page","type-page","status-publish","hentry"],"yoast_head":"<!-- This site is optimized with the Yoast SEO plugin v27.1.1 - https:\/\/yoast.com\/product\/yoast-seo-wordpress\/ -->\n<title>TVA - \u05d9\u05e0\u05d9\u05d1 \u05d0\u05d9\u05e9 \u05e9\u05dc\u05d5\u05dd \u05de\u05e9\u05e8\u05d3 \u05e2\u05d5\u05e8\u05db\u05d9 \u05d3\u05d9\u05df<\/title>\n<meta name=\"description\" content=\"La TVA est un imp\u00f4t indirect qui s&#039;ajoute \u00e0 presque toutes les transactions. C&#039;est un imp\u00f4t sur la valeur ajout\u00e9e dans la transaction et constitue l&#039;une des principales lois fiscales en Isra\u00ebl.\" \/>\n<meta name=\"robots\" content=\"index, follow, max-snippet:-1, max-image-preview:large, max-video-preview:-1\" \/>\n<link rel=\"canonical\" href=\"https:\/\/ish-shalom.co.il\/fr\/tva\/\" \/>\n<meta property=\"og:locale\" content=\"fr_FR\" \/>\n<meta property=\"og:type\" content=\"article\" \/>\n<meta property=\"og:title\" content=\"TVA - \u05d9\u05e0\u05d9\u05d1 \u05d0\u05d9\u05e9 \u05e9\u05dc\u05d5\u05dd \u05de\u05e9\u05e8\u05d3 \u05e2\u05d5\u05e8\u05db\u05d9 \u05d3\u05d9\u05df\" \/>\n<meta property=\"og:description\" content=\"La TVA est un imp\u00f4t indirect qui s&#039;ajoute \u00e0 presque toutes les transactions. C&#039;est un imp\u00f4t sur la valeur ajout\u00e9e dans la transaction et constitue l&#039;une des principales lois fiscales en Isra\u00ebl.\" \/>\n<meta property=\"og:url\" content=\"https:\/\/ish-shalom.co.il\/fr\/tva\/\" \/>\n<meta property=\"og:site_name\" content=\"\u05d9\u05e0\u05d9\u05d1 \u05d0\u05d9\u05e9 \u05e9\u05dc\u05d5\u05dd \u05de\u05e9\u05e8\u05d3 \u05e2\u05d5\u05e8\u05db\u05d9 \u05d3\u05d9\u05df\" \/>\n<meta property=\"article:modified_time\" content=\"2025-02-05T20:11:57+00:00\" \/>\n<meta name=\"twitter:card\" content=\"summary_large_image\" \/>\n<meta name=\"twitter:label1\" content=\"Dur\u00e9e de lecture estim\u00e9e\" \/>\n\t<meta name=\"twitter:data1\" content=\"5 minutes\" \/>\n<script type=\"application\/ld+json\" class=\"yoast-schema-graph\">{\"@context\":\"https:\/\/schema.org\",\"@graph\":[{\"@type\":\"WebPage\",\"@id\":\"https:\/\/ish-shalom.co.il\/fr\/tva\/\",\"url\":\"https:\/\/ish-shalom.co.il\/fr\/tva\/\",\"name\":\"TVA - \u05d9\u05e0\u05d9\u05d1 \u05d0\u05d9\u05e9 \u05e9\u05dc\u05d5\u05dd \u05de\u05e9\u05e8\u05d3 \u05e2\u05d5\u05e8\u05db\u05d9 \u05d3\u05d9\u05df\",\"isPartOf\":{\"@id\":\"https:\/\/ish-shalom.co.il\/fr\/#website\"},\"datePublished\":\"2025-01-03T11:42:04+00:00\",\"dateModified\":\"2025-02-05T20:11:57+00:00\",\"description\":\"La TVA est un imp\u00f4t indirect qui s'ajoute \u00e0 presque toutes les transactions. C'est un imp\u00f4t sur la valeur ajout\u00e9e dans la transaction et constitue l'une des principales lois fiscales en Isra\u00ebl.\",\"breadcrumb\":{\"@id\":\"https:\/\/ish-shalom.co.il\/fr\/tva\/#breadcrumb\"},\"inLanguage\":\"fr-FR\",\"potentialAction\":[{\"@type\":\"ReadAction\",\"target\":[\"https:\/\/ish-shalom.co.il\/fr\/tva\/\"]}]},{\"@type\":\"BreadcrumbList\",\"@id\":\"https:\/\/ish-shalom.co.il\/fr\/tva\/#breadcrumb\",\"itemListElement\":[{\"@type\":\"ListItem\",\"position\":1,\"name\":\"\u05d3\u05e3 \u05d4\u05d1\u05d9\u05ea\",\"item\":\"https:\/\/ish-shalom.co.il\/fr\/\"},{\"@type\":\"ListItem\",\"position\":2,\"name\":\"TVA\"}]},{\"@type\":\"WebSite\",\"@id\":\"https:\/\/ish-shalom.co.il\/fr\/#website\",\"url\":\"https:\/\/ish-shalom.co.il\/fr\/\",\"name\":\"\u05d9\u05e0\u05d9\u05d1 \u05d0\u05d9\u05e9 \u05e9\u05dc\u05d5\u05dd \u05de\u05e9\u05e8\u05d3 \u05e2\u05d5\u05e8\u05db\u05d9 \u05d3\u05d9\u05df\",\"description\":\"\",\"publisher\":{\"@id\":\"https:\/\/ish-shalom.co.il\/fr\/#organization\"},\"potentialAction\":[{\"@type\":\"SearchAction\",\"target\":{\"@type\":\"EntryPoint\",\"urlTemplate\":\"https:\/\/ish-shalom.co.il\/fr\/?s={search_term_string}\"},\"query-input\":{\"@type\":\"PropertyValueSpecification\",\"valueRequired\":true,\"valueName\":\"search_term_string\"}}],\"inLanguage\":\"fr-FR\"},{\"@type\":\"Organization\",\"@id\":\"https:\/\/ish-shalom.co.il\/fr\/#organization\",\"name\":\"\u05d9\u05e0\u05d9\u05d1 \u05d0\u05d9\u05e9 \u05e9\u05dc\u05d5\u05dd \u05de\u05e9\u05e8\u05d3 \u05e2\u05d5\u05e8\u05db\u05d9 \u05d3\u05d9\u05df\",\"url\":\"https:\/\/ish-shalom.co.il\/fr\/\",\"logo\":{\"@type\":\"ImageObject\",\"inLanguage\":\"fr-FR\",\"@id\":\"https:\/\/ish-shalom.co.il\/fr\/#\/schema\/logo\/image\/\",\"url\":\"https:\/\/ish-shalom.co.il\/wp-content\/uploads\/2024\/12\/logo-site.svg\",\"contentUrl\":\"https:\/\/ish-shalom.co.il\/wp-content\/uploads\/2024\/12\/logo-site.svg\",\"width\":293,\"height\":61,\"caption\":\"\u05d9\u05e0\u05d9\u05d1 \u05d0\u05d9\u05e9 \u05e9\u05dc\u05d5\u05dd \u05de\u05e9\u05e8\u05d3 \u05e2\u05d5\u05e8\u05db\u05d9 \u05d3\u05d9\u05df\"},\"image\":{\"@id\":\"https:\/\/ish-shalom.co.il\/fr\/#\/schema\/logo\/image\/\"}}]}<\/script>\n<!-- \/ Yoast SEO plugin. -->","yoast_head_json":{"title":"TVA - \u05d9\u05e0\u05d9\u05d1 \u05d0\u05d9\u05e9 \u05e9\u05dc\u05d5\u05dd \u05de\u05e9\u05e8\u05d3 \u05e2\u05d5\u05e8\u05db\u05d9 \u05d3\u05d9\u05df","description":"La TVA est un imp\u00f4t indirect qui s'ajoute \u00e0 presque toutes les transactions. C'est un imp\u00f4t sur la valeur ajout\u00e9e dans la transaction et constitue l'une des principales lois fiscales en Isra\u00ebl.","robots":{"index":"index","follow":"follow","max-snippet":"max-snippet:-1","max-image-preview":"max-image-preview:large","max-video-preview":"max-video-preview:-1"},"canonical":"https:\/\/ish-shalom.co.il\/fr\/tva\/","og_locale":"fr_FR","og_type":"article","og_title":"TVA - \u05d9\u05e0\u05d9\u05d1 \u05d0\u05d9\u05e9 \u05e9\u05dc\u05d5\u05dd \u05de\u05e9\u05e8\u05d3 \u05e2\u05d5\u05e8\u05db\u05d9 \u05d3\u05d9\u05df","og_description":"La TVA est un imp\u00f4t indirect qui s'ajoute \u00e0 presque toutes les transactions. C'est un imp\u00f4t sur la valeur ajout\u00e9e dans la transaction et constitue l'une des principales lois fiscales en Isra\u00ebl.","og_url":"https:\/\/ish-shalom.co.il\/fr\/tva\/","og_site_name":"\u05d9\u05e0\u05d9\u05d1 \u05d0\u05d9\u05e9 \u05e9\u05dc\u05d5\u05dd \u05de\u05e9\u05e8\u05d3 \u05e2\u05d5\u05e8\u05db\u05d9 \u05d3\u05d9\u05df","article_modified_time":"2025-02-05T20:11:57+00:00","twitter_card":"summary_large_image","twitter_misc":{"Dur\u00e9e de lecture estim\u00e9e":"5 minutes"},"schema":{"@context":"https:\/\/schema.org","@graph":[{"@type":"WebPage","@id":"https:\/\/ish-shalom.co.il\/fr\/tva\/","url":"https:\/\/ish-shalom.co.il\/fr\/tva\/","name":"TVA - \u05d9\u05e0\u05d9\u05d1 \u05d0\u05d9\u05e9 \u05e9\u05dc\u05d5\u05dd \u05de\u05e9\u05e8\u05d3 \u05e2\u05d5\u05e8\u05db\u05d9 \u05d3\u05d9\u05df","isPartOf":{"@id":"https:\/\/ish-shalom.co.il\/fr\/#website"},"datePublished":"2025-01-03T11:42:04+00:00","dateModified":"2025-02-05T20:11:57+00:00","description":"La TVA est un imp\u00f4t indirect qui s'ajoute \u00e0 presque toutes les transactions. C'est un imp\u00f4t sur la valeur ajout\u00e9e dans la transaction et constitue l'une des principales lois fiscales en Isra\u00ebl.","breadcrumb":{"@id":"https:\/\/ish-shalom.co.il\/fr\/tva\/#breadcrumb"},"inLanguage":"fr-FR","potentialAction":[{"@type":"ReadAction","target":["https:\/\/ish-shalom.co.il\/fr\/tva\/"]}]},{"@type":"BreadcrumbList","@id":"https:\/\/ish-shalom.co.il\/fr\/tva\/#breadcrumb","itemListElement":[{"@type":"ListItem","position":1,"name":"\u05d3\u05e3 \u05d4\u05d1\u05d9\u05ea","item":"https:\/\/ish-shalom.co.il\/fr\/"},{"@type":"ListItem","position":2,"name":"TVA"}]},{"@type":"WebSite","@id":"https:\/\/ish-shalom.co.il\/fr\/#website","url":"https:\/\/ish-shalom.co.il\/fr\/","name":"\u05d9\u05e0\u05d9\u05d1 \u05d0\u05d9\u05e9 \u05e9\u05dc\u05d5\u05dd \u05de\u05e9\u05e8\u05d3 \u05e2\u05d5\u05e8\u05db\u05d9 \u05d3\u05d9\u05df","description":"","publisher":{"@id":"https:\/\/ish-shalom.co.il\/fr\/#organization"},"potentialAction":[{"@type":"SearchAction","target":{"@type":"EntryPoint","urlTemplate":"https:\/\/ish-shalom.co.il\/fr\/?s={search_term_string}"},"query-input":{"@type":"PropertyValueSpecification","valueRequired":true,"valueName":"search_term_string"}}],"inLanguage":"fr-FR"},{"@type":"Organization","@id":"https:\/\/ish-shalom.co.il\/fr\/#organization","name":"\u05d9\u05e0\u05d9\u05d1 \u05d0\u05d9\u05e9 \u05e9\u05dc\u05d5\u05dd \u05de\u05e9\u05e8\u05d3 \u05e2\u05d5\u05e8\u05db\u05d9 \u05d3\u05d9\u05df","url":"https:\/\/ish-shalom.co.il\/fr\/","logo":{"@type":"ImageObject","inLanguage":"fr-FR","@id":"https:\/\/ish-shalom.co.il\/fr\/#\/schema\/logo\/image\/","url":"https:\/\/ish-shalom.co.il\/wp-content\/uploads\/2024\/12\/logo-site.svg","contentUrl":"https:\/\/ish-shalom.co.il\/wp-content\/uploads\/2024\/12\/logo-site.svg","width":293,"height":61,"caption":"\u05d9\u05e0\u05d9\u05d1 \u05d0\u05d9\u05e9 \u05e9\u05dc\u05d5\u05dd \u05de\u05e9\u05e8\u05d3 \u05e2\u05d5\u05e8\u05db\u05d9 \u05d3\u05d9\u05df"},"image":{"@id":"https:\/\/ish-shalom.co.il\/fr\/#\/schema\/logo\/image\/"}}]}},"_links":{"self":[{"href":"https:\/\/ish-shalom.co.il\/fr\/wp-json\/wp\/v2\/pages\/2739","targetHints":{"allow":["GET"]}}],"collection":[{"href":"https:\/\/ish-shalom.co.il\/fr\/wp-json\/wp\/v2\/pages"}],"about":[{"href":"https:\/\/ish-shalom.co.il\/fr\/wp-json\/wp\/v2\/types\/page"}],"author":[{"embeddable":true,"href":"https:\/\/ish-shalom.co.il\/fr\/wp-json\/wp\/v2\/users\/1"}],"replies":[{"embeddable":true,"href":"https:\/\/ish-shalom.co.il\/fr\/wp-json\/wp\/v2\/comments?post=2739"}],"version-history":[{"count":26,"href":"https:\/\/ish-shalom.co.il\/fr\/wp-json\/wp\/v2\/pages\/2739\/revisions"}],"predecessor-version":[{"id":6797,"href":"https:\/\/ish-shalom.co.il\/fr\/wp-json\/wp\/v2\/pages\/2739\/revisions\/6797"}],"wp:attachment":[{"href":"https:\/\/ish-shalom.co.il\/fr\/wp-json\/wp\/v2\/media?parent=2739"}],"curies":[{"name":"wp","href":"https:\/\/api.w.org\/{rel}","templated":true}]}}