{"id":2755,"date":"2025-01-03T13:44:38","date_gmt":"2025-01-03T11:44:38","guid":{"rendered":"https:\/\/ish-shalom.co.il\/taxes-a-limportation\/"},"modified":"2025-02-05T21:23:10","modified_gmt":"2025-02-05T19:23:10","slug":"taxes-a-limportation","status":"publish","type":"page","link":"https:\/\/ish-shalom.co.il\/fr\/taxes-a-limportation\/","title":{"rendered":"Taxes \u00e0 l&rsquo;importation"},"content":{"rendered":"\t\t<div data-elementor-type=\"wp-page\" data-elementor-id=\"2755\" class=\"elementor elementor-2755 elementor-1263\" data-elementor-post-type=\"page\">\n\t\t\t\t<div class=\"elementor-element elementor-element-eac8a48 e-con-full e-flex e-con e-parent\" data-id=\"eac8a48\" data-element_type=\"container\" data-e-type=\"container\" data-settings=\"{&quot;background_background&quot;:&quot;classic&quot;}\">\n\t\t\t\t<\/div>\n\t\t<div class=\"elementor-element elementor-element-9a25b71 e-con-full e-flex e-con e-parent\" data-id=\"9a25b71\" data-element_type=\"container\" data-e-type=\"container\" data-settings=\"{&quot;background_background&quot;:&quot;classic&quot;}\">\n\t\t\t\t<div class=\"elementor-element elementor-element-e4a0b72 elementor-testimonial--skin-default elementor-testimonial--layout-image_inline elementor-testimonial--align-center elementor-widget elementor-widget-testimonial-carousel\" data-id=\"e4a0b72\" data-element_type=\"widget\" data-e-type=\"widget\" data-settings=\"{&quot;slides_per_view&quot;:&quot;6&quot;,&quot;speed&quot;:15000,&quot;autoplay_speed&quot;:0,&quot;slides_per_view_mobile&quot;:&quot;3&quot;,&quot;space_between_mobile&quot;:{&quot;unit&quot;:&quot;px&quot;,&quot;size&quot;:0,&quot;sizes&quot;:[]},&quot;space_between&quot;:{&quot;unit&quot;:&quot;px&quot;,&quot;size&quot;:0,&quot;sizes&quot;:[]},&quot;slides_per_view_tablet_extra&quot;:&quot;6&quot;,&quot;autoplay&quot;:&quot;yes&quot;,&quot;loop&quot;:&quot;yes&quot;,&quot;space_between_tablet_extra&quot;:{&quot;unit&quot;:&quot;px&quot;,&quot;size&quot;:10,&quot;sizes&quot;:[]},&quot;space_between_tablet&quot;:{&quot;unit&quot;:&quot;px&quot;,&quot;size&quot;:10,&quot;sizes&quot;:[]}}\" data-widget_type=\"testimonial-carousel.default\">\n\t\t\t\t<div class=\"elementor-widget-container\">\n\t\t\t\t\t\t\t\t\t<div class=\"elementor-swiper\">\n\t\t\t\t\t<div class=\"elementor-main-swiper swiper\" role=\"region\" aria-roledescription=\"carousel\" aria-label=\"\u05e1\u05dc\u05d9\u05d9\u05d3\u05d9\u05dd\">\n\t\t\t\t<div class=\"swiper-wrapper\">\n\t\t\t\t\t\t\t\t\t\t\t<div class=\"swiper-slide\" role=\"group\" aria-roledescription=\"slide\">\n\t\t\t\t\t\t\t\t\t<div class=\"elementor-testimonial\">\n\t\t\t\t\t\t\t<div class=\"elementor-testimonial__content\">\n\t\t\t\t\t<div class=\"elementor-testimonial__text\">\n\t\t\t\t\t\t<p>Imp\u00f4ts \u2022 <\/p>\n\t\t\t\t\t<\/div>\n\t\t\t\t\t\t\t\t\t<\/div>\n\t\t\t\t\t\t<div class=\"elementor-testimonial__footer\">\n\t\t\t\t\t\t\t\t\t\t\t<\/div>\n\t\t<\/div>\n\t\t\t\t\t\t\t\t<\/div>\n\t\t\t\t\t\t\t\t\t\t\t<div class=\"swiper-slide\" role=\"group\" aria-roledescription=\"slide\">\n\t\t\t\t\t\t\t\t\t<div class=\"elementor-testimonial\">\n\t\t\t\t\t\t\t<div class=\"elementor-testimonial__content\">\n\t\t\t\t\t<div class=\"elementor-testimonial__text\">\n\t\t\t\t\t\t<p>col blanc \u2022 <\/p>\n\t\t\t\t\t<\/div>\n\t\t\t\t\t\t\t\t\t<\/div>\n\t\t\t\t\t\t<div class=\"elementor-testimonial__footer\">\n\t\t\t\t\t\t\t\t\t\t\t<\/div>\n\t\t<\/div>\n\t\t\t\t\t\t\t\t<\/div>\n\t\t\t\t\t\t\t\t\t\t\t<div class=\"swiper-slide\" role=\"group\" aria-roledescription=\"slide\">\n\t\t\t\t\t\t\t\t\t<div class=\"elementor-testimonial\">\n\t\t\t\t\t\t\t<div class=\"elementor-testimonial__content\">\n\t\t\t\t\t<div class=\"elementor-testimonial__text\">\n\t\t\t\t\t\t<p> Droit des soci\u00e9t\u00e9s \u2022 <\/p>\n\t\t\t\t\t<\/div>\n\t\t\t\t\t\t\t\t\t<\/div>\n\t\t\t\t\t\t<div class=\"elementor-testimonial__footer\">\n\t\t\t\t\t\t\t\t\t\t\t<\/div>\n\t\t<\/div>\n\t\t\t\t\t\t\t\t<\/div>\n\t\t\t\t\t\t\t\t\t\t\t<div class=\"swiper-slide\" role=\"group\" aria-roledescription=\"slide\">\n\t\t\t\t\t\t\t\t\t<div class=\"elementor-testimonial\">\n\t\t\t\t\t\t\t<div class=\"elementor-testimonial__content\">\n\t\t\t\t\t<div class=\"elementor-testimonial__text\">\n\t\t\t\t\t\t<p>Procuration durable \u2022 <\/p>\n\t\t\t\t\t<\/div>\n\t\t\t\t\t\t\t\t\t<\/div>\n\t\t\t\t\t\t<div class=\"elementor-testimonial__footer\">\n\t\t\t\t\t\t\t\t\t\t\t<\/div>\n\t\t<\/div>\n\t\t\t\t\t\t\t\t<\/div>\n\t\t\t\t\t\t\t\t\t\t\t<div class=\"swiper-slide\" role=\"group\" aria-roledescription=\"slide\">\n\t\t\t\t\t\t\t\t\t<div class=\"elementor-testimonial\">\n\t\t\t\t\t\t\t<div class=\"elementor-testimonial__content\">\n\t\t\t\t\t<div class=\"elementor-testimonial__text\">\n\t\t\t\t\t\t<p>M\u00e9diation et arbitrage \u2022<\/p>\n\t\t\t\t\t<\/div>\n\t\t\t\t\t\t\t\t\t<\/div>\n\t\t\t\t\t\t<div class=\"elementor-testimonial__footer\">\n\t\t\t\t\t\t\t\t\t\t\t<\/div>\n\t\t<\/div>\n\t\t\t\t\t\t\t\t<\/div>\n\t\t\t\t\t\t\t\t\t<\/div>\n\t\t\t\t\t\t\t\t\t\t\t\t\t\t\t\t\t\t\t\t\t<\/div>\n\t\t\t\t<\/div>\n\t\t\t\t\t\t\t\t<\/div>\n\t\t\t\t<\/div>\n\t\t\t\t<\/div>\n\t\t<div class=\"elementor-element elementor-element-ca1694c e-con-full e-flex e-con e-parent\" data-id=\"ca1694c\" data-element_type=\"container\" data-e-type=\"container\" data-settings=\"{&quot;background_background&quot;:&quot;classic&quot;}\">\n\t\t<div class=\"elementor-element elementor-element-41c7ed8 e-con-full e-flex elementor-invisible e-con e-child\" data-id=\"41c7ed8\" data-element_type=\"container\" data-e-type=\"container\" data-settings=\"{&quot;animation&quot;:&quot;fadeInUp&quot;}\">\n\t\t\t\t<div class=\"elementor-element elementor-element-d001cb4 elementor-widget elementor-widget-breadcrumbs\" data-id=\"d001cb4\" data-element_type=\"widget\" data-e-type=\"widget\" data-widget_type=\"breadcrumbs.default\">\n\t\t\t\t<div class=\"elementor-widget-container\">\n\t\t\t\t\t<p id=\"breadcrumbs\"><span><span><a href=\"https:\/\/ish-shalom.co.il\/fr\/\">\u05d3\u05e3 \u05d4\u05d1\u05d9\u05ea<\/a><\/span><\/span><\/p>\t\t\t\t<\/div>\n\t\t\t\t<\/div>\n\t\t\t\t<div class=\"elementor-element elementor-element-287a7b9 elementor-widget elementor-widget-text-editor\" data-id=\"287a7b9\" data-element_type=\"widget\" data-e-type=\"widget\" data-widget_type=\"text-editor.default\">\n\t\t\t\t<div class=\"elementor-widget-container\">\n\t\t\t\t\t\t\t\t\t<p>Dans le domaine des taxes \u00e0 l&rsquo;importation ( <strong>douanes, taxe d&rsquo;achat, accises<\/strong> ) et des d\u00e9marches du commerce ext\u00e9rieur, le cabinet accompagne ses clients sur le plan civil et p\u00e9nal dans toutes les questions li\u00e9es aux taux d&rsquo;imposition, \u00e0 la comptabilit\u00e9, aux exon\u00e9rations et aux remboursements, le cabinet met \u00e0 disposition de ses clients avec conseils et assistance pour toutes les questions li\u00e9es \u00e0 l&rsquo;importation de marchandises, y compris les importations personnelles.<\/p>\n<p>Le cabinet fournit des conseils dans le domaine des droits d&rsquo;accise aux soci\u00e9t\u00e9s p\u00e9troli\u00e8res et aux entit\u00e9s ayant droit \u00e0 l&rsquo;exon\u00e9ration ou au remboursement, ainsi qu&rsquo;une assistance dans la mise en \u0153uvre des dispositions de la loi p\u00e9troli\u00e8re et de la r\u00e9glementation diesel. Le cabinet s&rsquo;engage et fournit un service continu dans les sujets suivants :<\/p>\n<ul>\n<li>Assistance dans les d\u00e9marches douani\u00e8res d\u2019importation et d\u2019exportation.<\/li>\n<li>Repr\u00e9sentation juridique et accompagnement en cas de saisie de marchandises et de leur confiscation.<\/li>\n<li>Repr\u00e9sentation juridique et accompagnement dans les proc\u00e9dures de recours en cas de d\u00e9ficit et de d\u00e9p\u00f4t de plaintes devant les diff\u00e9rents tribunaux.<\/li>\n<li>Conseils juridiques et assistance pour d\u00e9terminer les taux d&rsquo;imposition, y compris la d\u00e9termination de la valeur des marchandises \u00e0 des fins douani\u00e8res.<\/li>\n<\/ul>\n<p>Les douanes sont une taxe indirecte impos\u00e9e sur l&rsquo;importation de marchandises dans l&rsquo;\u00c9tat d&rsquo;Isra\u00ebl, que ce soit par voie d&rsquo;importation personnelle ou par voie d&rsquo;importation commerciale, il existe diverses instructions concernant l&rsquo;importation personnelle de marchandises qui arrivent avec un passager revenu en Isra\u00ebl. , ces instructions font la distinction entre le passage terrestre et le passage de la fronti\u00e8re air\/mer. Dans chacun des cas, une exemption diff\u00e9rente est accord\u00e9e et dans tous il existe une obligation de d\u00e9clarer un \u00e9cart par rapport \u00e0 l&rsquo;exemption (piste verte \/ rouge).<\/p>\n\t\t\t\t\t\t\t\t<\/div>\n\t\t\t\t<\/div>\n\t\t\t\t<\/div>\n\t\t<div class=\"elementor-element elementor-element-ef14ec1 e-con-full e-flex elementor-invisible e-con e-child\" data-id=\"ef14ec1\" data-element_type=\"container\" data-e-type=\"container\" data-settings=\"{&quot;animation&quot;:&quot;fadeInUp&quot;}\">\n\t\t\t\t<div class=\"elementor-element elementor-element-04d4dfa elementor-widget__width-initial elementor-widget elementor-widget-image\" data-id=\"04d4dfa\" data-element_type=\"widget\" data-e-type=\"widget\" data-widget_type=\"image.default\">\n\t\t\t\t<div class=\"elementor-widget-container\">\n\t\t\t\t\t\t\t\t\t\t\t\t\t\t\t<img fetchpriority=\"high\" decoding=\"async\" width=\"600\" height=\"500\" src=\"https:\/\/ish-shalom.co.il\/wp-content\/uploads\/2025\/01\/\u05de\u05d9\u05e1\u05d9-\u05d9\u05d1\u05d5\u05d0-600-500.jpg\" class=\"attachment-full size-full wp-image-2292\" alt=\"\" srcset=\"https:\/\/ish-shalom.co.il\/wp-content\/uploads\/2025\/01\/\u05de\u05d9\u05e1\u05d9-\u05d9\u05d1\u05d5\u05d0-600-500.jpg 600w, https:\/\/ish-shalom.co.il\/wp-content\/uploads\/2025\/01\/\u05de\u05d9\u05e1\u05d9-\u05d9\u05d1\u05d5\u05d0-600-500-300x250.jpg 300w\" sizes=\"(max-width: 600px) 100vw, 600px\" \/>\t\t\t\t\t\t\t\t\t\t\t\t\t\t\t<\/div>\n\t\t\t\t<\/div>\n\t\t\t\t<\/div>\n\t\t\t\t<\/div>\n\t\t<div class=\"elementor-element elementor-element-3ca93c5 e-con-full e-flex e-con e-parent\" data-id=\"3ca93c5\" data-element_type=\"container\" data-e-type=\"container\" data-settings=\"{&quot;background_background&quot;:&quot;classic&quot;}\">\n\t\t\t\t<div class=\"elementor-element elementor-element-dc1c04a elementor-widget elementor-widget-heading\" data-id=\"dc1c04a\" data-element_type=\"widget\" data-e-type=\"widget\" data-widget_type=\"heading.default\">\n\t\t\t\t<div class=\"elementor-widget-container\">\n\t\t\t\t\t<h2 class=\"elementor-heading-title elementor-size-default\">Infractions \u00e0 l'ordonnance sur les douanes<\/h2>\t\t\t\t<\/div>\n\t\t\t\t<\/div>\n\t\t\t\t<div class=\"elementor-element elementor-element-40fff64 elementor-widget elementor-widget-text-editor\" data-id=\"40fff64\" data-element_type=\"widget\" data-e-type=\"widget\" data-widget_type=\"text-editor.default\">\n\t\t\t\t<div class=\"elementor-widget-container\">\n\t\t\t\t\t\t\t\t\t<p>Une violation de l&rsquo;ordonnance douani\u00e8re qui a \u00e9t\u00e9 commise sans l&rsquo;intention de se soustraire au paiement de la taxe constitue une infraction p\u00e9nale et la peine encourue peut \u00eatre une peine d&#8217;emprisonnement effective pouvant aller jusqu&rsquo;\u00e0 6 mois ou une amende, en cas de commission d&rsquo;une infraction avec le Dans l&rsquo;intention de se soustraire au paiement de l&rsquo;imp\u00f4t, la peine peut \u00eatre une peine d&#8217;emprisonnement effective pour une p\u00e9riode prolong\u00e9e alors qu&rsquo;en vertu de la loi contre le blanchiment d&rsquo;argent, elle peut aller jusqu&rsquo;\u00e0 10 ans d&#8217;emprisonnement effectif.<\/p><p>Outre les dispositions concernant l&rsquo;importation de marchandises, il existe des dispositions concernant les d\u00e9penses ou les revenus de fonds en provenance d&rsquo;Isra\u00ebl \u00e0 travers les diff\u00e9rents postes frontaliers. Ces dispositions \u00e9tablissent l&rsquo;obligation de d\u00e9clarer les d\u00e9penses ou les revenus de fonds d&rsquo;un montant sup\u00e9rieur au montant exon\u00e9r\u00e9. \u00e0 partir de la d\u00e9claration, aujourd&rsquo;hui, des esp\u00e8ces ou des ch\u00e8ques peuvent \u00eatre retir\u00e9s ou introduits en Isra\u00ebl sans qu&rsquo;il soit n\u00e9cessaire de se d\u00e9clarer. Pour les montants suivants : passage de la fronti\u00e8re a\u00e9rienne ou maritime jusqu&rsquo;\u00e0 50 000 NIS, passage de la fronti\u00e8re terrestre (sauf celui d&rsquo;Allenby) jusqu&rsquo;\u00e0 12 000 NIS, et au poste fronti\u00e8re d&rsquo;Allenby jusqu&rsquo;\u00e0 2 000 dinars jordaniens (environ 10 000 NIS)<\/p><p>Le fait de ne pas d\u00e9clarer le retrait ou l&rsquo;entr\u00e9e de fonds en Isra\u00ebl d&rsquo;un montant sup\u00e9rieur \u00e0 ces montants constitue une infraction et la totalit\u00e9 du montant peut \u00eatre confisqu\u00e9 imm\u00e9diatement, les douaniers aux postes fronti\u00e8res sont charg\u00e9s de faire respecter ces instructions.<\/p><p>Le fait de ne pas d\u00e9clarer les d\u00e9penses ou les revenus de fonds \u00e0 Isra\u00ebl peut entra\u00eener des sanctions civiles, administratives ou p\u00e9nales.<\/p><p><strong>Un conseil juridique professionnel d\u00e8s les premiers stades de la proc\u00e9dure peut in\u00e9vitablement changer la donne, soit en mettant fin \u00e0 la proc\u00e9dure sans inculpation p\u00e9nale en menant une proc\u00e9dure administrative et en imposant une sanction financi\u00e8re sans casier judiciaire ni peine de prison, ou bien en r\u00e9duisant les accusations.<\/strong><\/p>\t\t\t\t\t\t\t\t<\/div>\n\t\t\t\t<\/div>\n\t\t\t\t<\/div>\n\t\t\t\t<\/div>\n\t\t","protected":false},"excerpt":{"rendered":"<p>Imp\u00f4ts \u2022 col blanc \u2022 Droit des soci\u00e9t\u00e9s \u2022 Procuration durable \u2022 M\u00e9diation et arbitrage \u2022 Dans le domaine des taxes \u00e0 l&rsquo;importation ( douanes, taxe d&rsquo;achat, accises ) et des d\u00e9marches du commerce ext\u00e9rieur, le cabinet accompagne ses clients sur le plan civil et p\u00e9nal dans toutes les questions li\u00e9es aux taux d&rsquo;imposition, \u00e0 [&hellip;]<\/p>\n","protected":false},"author":1,"featured_media":0,"parent":0,"menu_order":0,"comment_status":"closed","ping_status":"closed","template":"elementor_header_footer","meta":{"footnotes":""},"class_list":["post-2755","page","type-page","status-publish","hentry"],"yoast_head":"<!-- This site is optimized with the Yoast SEO plugin v27.1.1 - https:\/\/yoast.com\/product\/yoast-seo-wordpress\/ -->\n<title>Taxes \u00e0 l&#039;importation - \u05d9\u05e0\u05d9\u05d1 \u05d0\u05d9\u05e9 \u05e9\u05dc\u05d5\u05dd \u05de\u05e9\u05e8\u05d3 \u05e2\u05d5\u05e8\u05db\u05d9 \u05d3\u05d9\u05df<\/title>\n<meta name=\"description\" content=\"Dans le domaine des taxes \u00e0 l&#039;importation (douanes, taxe d&#039;achat, accises) et des d\u00e9marches de commerce ext\u00e9rieur, le cabinet accompagne ses clients dans le volet civil et p\u00e9nal en mati\u00e8re de taux d&#039;imposition, de comptabilit\u00e9, d&#039;exon\u00e9rations et de remboursements, le cabinet conseille ses clients. et une assistance pour toutes les questions li\u00e9es \u00e0 l&#039;importation de marchandises, y compris les importations personnelles.\" \/>\n<meta name=\"robots\" content=\"index, follow, max-snippet:-1, max-image-preview:large, max-video-preview:-1\" \/>\n<link rel=\"canonical\" href=\"https:\/\/ish-shalom.co.il\/fr\/taxes-a-limportation\/\" \/>\n<meta property=\"og:locale\" content=\"fr_FR\" \/>\n<meta property=\"og:type\" content=\"article\" \/>\n<meta property=\"og:title\" content=\"Taxes \u00e0 l&#039;importation - \u05d9\u05e0\u05d9\u05d1 \u05d0\u05d9\u05e9 \u05e9\u05dc\u05d5\u05dd \u05de\u05e9\u05e8\u05d3 \u05e2\u05d5\u05e8\u05db\u05d9 \u05d3\u05d9\u05df\" \/>\n<meta property=\"og:description\" content=\"Dans le domaine des taxes \u00e0 l&#039;importation (douanes, taxe d&#039;achat, accises) et des d\u00e9marches de commerce ext\u00e9rieur, le cabinet accompagne ses clients dans le volet civil et p\u00e9nal en mati\u00e8re de taux d&#039;imposition, de comptabilit\u00e9, d&#039;exon\u00e9rations et de remboursements, le cabinet conseille ses clients. et une assistance pour toutes les questions li\u00e9es \u00e0 l&#039;importation de marchandises, y compris les importations personnelles.\" \/>\n<meta property=\"og:url\" content=\"https:\/\/ish-shalom.co.il\/fr\/taxes-a-limportation\/\" \/>\n<meta property=\"og:site_name\" content=\"\u05d9\u05e0\u05d9\u05d1 \u05d0\u05d9\u05e9 \u05e9\u05dc\u05d5\u05dd \u05de\u05e9\u05e8\u05d3 \u05e2\u05d5\u05e8\u05db\u05d9 \u05d3\u05d9\u05df\" \/>\n<meta property=\"article:modified_time\" content=\"2025-02-05T19:23:10+00:00\" \/>\n<meta name=\"twitter:card\" content=\"summary_large_image\" \/>\n<meta name=\"twitter:label1\" content=\"Dur\u00e9e de lecture estim\u00e9e\" \/>\n\t<meta name=\"twitter:data1\" content=\"4 minutes\" \/>\n<script type=\"application\/ld+json\" class=\"yoast-schema-graph\">{\"@context\":\"https:\/\/schema.org\",\"@graph\":[{\"@type\":\"WebPage\",\"@id\":\"https:\/\/ish-shalom.co.il\/fr\/taxes-a-limportation\/\",\"url\":\"https:\/\/ish-shalom.co.il\/fr\/taxes-a-limportation\/\",\"name\":\"Taxes \u00e0 l'importation - \u05d9\u05e0\u05d9\u05d1 \u05d0\u05d9\u05e9 \u05e9\u05dc\u05d5\u05dd \u05de\u05e9\u05e8\u05d3 \u05e2\u05d5\u05e8\u05db\u05d9 \u05d3\u05d9\u05df\",\"isPartOf\":{\"@id\":\"https:\/\/ish-shalom.co.il\/fr\/#website\"},\"datePublished\":\"2025-01-03T11:44:38+00:00\",\"dateModified\":\"2025-02-05T19:23:10+00:00\",\"description\":\"Dans le domaine des taxes \u00e0 l'importation (douanes, taxe d'achat, accises) et des d\u00e9marches de commerce ext\u00e9rieur, le cabinet accompagne ses clients dans le volet civil et p\u00e9nal en mati\u00e8re de taux d'imposition, de comptabilit\u00e9, d'exon\u00e9rations et de remboursements, le cabinet conseille ses clients. et une assistance pour toutes les questions li\u00e9es \u00e0 l'importation de marchandises, y compris les importations personnelles.\",\"breadcrumb\":{\"@id\":\"https:\/\/ish-shalom.co.il\/fr\/taxes-a-limportation\/#breadcrumb\"},\"inLanguage\":\"fr-FR\",\"potentialAction\":[{\"@type\":\"ReadAction\",\"target\":[\"https:\/\/ish-shalom.co.il\/fr\/taxes-a-limportation\/\"]}]},{\"@type\":\"BreadcrumbList\",\"@id\":\"https:\/\/ish-shalom.co.il\/fr\/taxes-a-limportation\/#breadcrumb\",\"itemListElement\":[{\"@type\":\"ListItem\",\"position\":1,\"name\":\"\u05d3\u05e3 \u05d4\u05d1\u05d9\u05ea\",\"item\":\"https:\/\/ish-shalom.co.il\/fr\/\"},{\"@type\":\"ListItem\",\"position\":2,\"name\":\"Taxes \u00e0 l'importation\"}]},{\"@type\":\"WebSite\",\"@id\":\"https:\/\/ish-shalom.co.il\/fr\/#website\",\"url\":\"https:\/\/ish-shalom.co.il\/fr\/\",\"name\":\"\u05d9\u05e0\u05d9\u05d1 \u05d0\u05d9\u05e9 \u05e9\u05dc\u05d5\u05dd \u05de\u05e9\u05e8\u05d3 \u05e2\u05d5\u05e8\u05db\u05d9 \u05d3\u05d9\u05df\",\"description\":\"\",\"publisher\":{\"@id\":\"https:\/\/ish-shalom.co.il\/fr\/#organization\"},\"potentialAction\":[{\"@type\":\"SearchAction\",\"target\":{\"@type\":\"EntryPoint\",\"urlTemplate\":\"https:\/\/ish-shalom.co.il\/fr\/?s={search_term_string}\"},\"query-input\":{\"@type\":\"PropertyValueSpecification\",\"valueRequired\":true,\"valueName\":\"search_term_string\"}}],\"inLanguage\":\"fr-FR\"},{\"@type\":\"Organization\",\"@id\":\"https:\/\/ish-shalom.co.il\/fr\/#organization\",\"name\":\"\u05d9\u05e0\u05d9\u05d1 \u05d0\u05d9\u05e9 \u05e9\u05dc\u05d5\u05dd \u05de\u05e9\u05e8\u05d3 \u05e2\u05d5\u05e8\u05db\u05d9 \u05d3\u05d9\u05df\",\"url\":\"https:\/\/ish-shalom.co.il\/fr\/\",\"logo\":{\"@type\":\"ImageObject\",\"inLanguage\":\"fr-FR\",\"@id\":\"https:\/\/ish-shalom.co.il\/fr\/#\/schema\/logo\/image\/\",\"url\":\"https:\/\/ish-shalom.co.il\/wp-content\/uploads\/2024\/12\/logo-site.svg\",\"contentUrl\":\"https:\/\/ish-shalom.co.il\/wp-content\/uploads\/2024\/12\/logo-site.svg\",\"width\":293,\"height\":61,\"caption\":\"\u05d9\u05e0\u05d9\u05d1 \u05d0\u05d9\u05e9 \u05e9\u05dc\u05d5\u05dd \u05de\u05e9\u05e8\u05d3 \u05e2\u05d5\u05e8\u05db\u05d9 \u05d3\u05d9\u05df\"},\"image\":{\"@id\":\"https:\/\/ish-shalom.co.il\/fr\/#\/schema\/logo\/image\/\"}}]}<\/script>\n<!-- \/ Yoast SEO plugin. -->","yoast_head_json":{"title":"Taxes \u00e0 l'importation - \u05d9\u05e0\u05d9\u05d1 \u05d0\u05d9\u05e9 \u05e9\u05dc\u05d5\u05dd \u05de\u05e9\u05e8\u05d3 \u05e2\u05d5\u05e8\u05db\u05d9 \u05d3\u05d9\u05df","description":"Dans le domaine des taxes \u00e0 l'importation (douanes, taxe d'achat, accises) et des d\u00e9marches de commerce ext\u00e9rieur, le cabinet accompagne ses clients dans le volet civil et p\u00e9nal en mati\u00e8re de taux d'imposition, de comptabilit\u00e9, d'exon\u00e9rations et de remboursements, le cabinet conseille ses clients. et une assistance pour toutes les questions li\u00e9es \u00e0 l'importation de marchandises, y compris les importations personnelles.","robots":{"index":"index","follow":"follow","max-snippet":"max-snippet:-1","max-image-preview":"max-image-preview:large","max-video-preview":"max-video-preview:-1"},"canonical":"https:\/\/ish-shalom.co.il\/fr\/taxes-a-limportation\/","og_locale":"fr_FR","og_type":"article","og_title":"Taxes \u00e0 l'importation - \u05d9\u05e0\u05d9\u05d1 \u05d0\u05d9\u05e9 \u05e9\u05dc\u05d5\u05dd \u05de\u05e9\u05e8\u05d3 \u05e2\u05d5\u05e8\u05db\u05d9 \u05d3\u05d9\u05df","og_description":"Dans le domaine des taxes \u00e0 l'importation (douanes, taxe d'achat, accises) et des d\u00e9marches de commerce ext\u00e9rieur, le cabinet accompagne ses clients dans le volet civil et p\u00e9nal en mati\u00e8re de taux d'imposition, de comptabilit\u00e9, d'exon\u00e9rations et de remboursements, le cabinet conseille ses clients. et une assistance pour toutes les questions li\u00e9es \u00e0 l'importation de marchandises, y compris les importations personnelles.","og_url":"https:\/\/ish-shalom.co.il\/fr\/taxes-a-limportation\/","og_site_name":"\u05d9\u05e0\u05d9\u05d1 \u05d0\u05d9\u05e9 \u05e9\u05dc\u05d5\u05dd \u05de\u05e9\u05e8\u05d3 \u05e2\u05d5\u05e8\u05db\u05d9 \u05d3\u05d9\u05df","article_modified_time":"2025-02-05T19:23:10+00:00","twitter_card":"summary_large_image","twitter_misc":{"Dur\u00e9e de lecture estim\u00e9e":"4 minutes"},"schema":{"@context":"https:\/\/schema.org","@graph":[{"@type":"WebPage","@id":"https:\/\/ish-shalom.co.il\/fr\/taxes-a-limportation\/","url":"https:\/\/ish-shalom.co.il\/fr\/taxes-a-limportation\/","name":"Taxes \u00e0 l'importation - \u05d9\u05e0\u05d9\u05d1 \u05d0\u05d9\u05e9 \u05e9\u05dc\u05d5\u05dd \u05de\u05e9\u05e8\u05d3 \u05e2\u05d5\u05e8\u05db\u05d9 \u05d3\u05d9\u05df","isPartOf":{"@id":"https:\/\/ish-shalom.co.il\/fr\/#website"},"datePublished":"2025-01-03T11:44:38+00:00","dateModified":"2025-02-05T19:23:10+00:00","description":"Dans le domaine des taxes \u00e0 l'importation (douanes, taxe d'achat, accises) et des d\u00e9marches de commerce ext\u00e9rieur, le cabinet accompagne ses clients dans le volet civil et p\u00e9nal en mati\u00e8re de taux d'imposition, de comptabilit\u00e9, d'exon\u00e9rations et de remboursements, le cabinet conseille ses clients. et une assistance pour toutes les questions li\u00e9es \u00e0 l'importation de marchandises, y compris les importations personnelles.","breadcrumb":{"@id":"https:\/\/ish-shalom.co.il\/fr\/taxes-a-limportation\/#breadcrumb"},"inLanguage":"fr-FR","potentialAction":[{"@type":"ReadAction","target":["https:\/\/ish-shalom.co.il\/fr\/taxes-a-limportation\/"]}]},{"@type":"BreadcrumbList","@id":"https:\/\/ish-shalom.co.il\/fr\/taxes-a-limportation\/#breadcrumb","itemListElement":[{"@type":"ListItem","position":1,"name":"\u05d3\u05e3 \u05d4\u05d1\u05d9\u05ea","item":"https:\/\/ish-shalom.co.il\/fr\/"},{"@type":"ListItem","position":2,"name":"Taxes \u00e0 l'importation"}]},{"@type":"WebSite","@id":"https:\/\/ish-shalom.co.il\/fr\/#website","url":"https:\/\/ish-shalom.co.il\/fr\/","name":"\u05d9\u05e0\u05d9\u05d1 \u05d0\u05d9\u05e9 \u05e9\u05dc\u05d5\u05dd \u05de\u05e9\u05e8\u05d3 \u05e2\u05d5\u05e8\u05db\u05d9 \u05d3\u05d9\u05df","description":"","publisher":{"@id":"https:\/\/ish-shalom.co.il\/fr\/#organization"},"potentialAction":[{"@type":"SearchAction","target":{"@type":"EntryPoint","urlTemplate":"https:\/\/ish-shalom.co.il\/fr\/?s={search_term_string}"},"query-input":{"@type":"PropertyValueSpecification","valueRequired":true,"valueName":"search_term_string"}}],"inLanguage":"fr-FR"},{"@type":"Organization","@id":"https:\/\/ish-shalom.co.il\/fr\/#organization","name":"\u05d9\u05e0\u05d9\u05d1 \u05d0\u05d9\u05e9 \u05e9\u05dc\u05d5\u05dd \u05de\u05e9\u05e8\u05d3 \u05e2\u05d5\u05e8\u05db\u05d9 \u05d3\u05d9\u05df","url":"https:\/\/ish-shalom.co.il\/fr\/","logo":{"@type":"ImageObject","inLanguage":"fr-FR","@id":"https:\/\/ish-shalom.co.il\/fr\/#\/schema\/logo\/image\/","url":"https:\/\/ish-shalom.co.il\/wp-content\/uploads\/2024\/12\/logo-site.svg","contentUrl":"https:\/\/ish-shalom.co.il\/wp-content\/uploads\/2024\/12\/logo-site.svg","width":293,"height":61,"caption":"\u05d9\u05e0\u05d9\u05d1 \u05d0\u05d9\u05e9 \u05e9\u05dc\u05d5\u05dd \u05de\u05e9\u05e8\u05d3 \u05e2\u05d5\u05e8\u05db\u05d9 \u05d3\u05d9\u05df"},"image":{"@id":"https:\/\/ish-shalom.co.il\/fr\/#\/schema\/logo\/image\/"}}]}},"_links":{"self":[{"href":"https:\/\/ish-shalom.co.il\/fr\/wp-json\/wp\/v2\/pages\/2755","targetHints":{"allow":["GET"]}}],"collection":[{"href":"https:\/\/ish-shalom.co.il\/fr\/wp-json\/wp\/v2\/pages"}],"about":[{"href":"https:\/\/ish-shalom.co.il\/fr\/wp-json\/wp\/v2\/types\/page"}],"author":[{"embeddable":true,"href":"https:\/\/ish-shalom.co.il\/fr\/wp-json\/wp\/v2\/users\/1"}],"replies":[{"embeddable":true,"href":"https:\/\/ish-shalom.co.il\/fr\/wp-json\/wp\/v2\/comments?post=2755"}],"version-history":[{"count":16,"href":"https:\/\/ish-shalom.co.il\/fr\/wp-json\/wp\/v2\/pages\/2755\/revisions"}],"predecessor-version":[{"id":6735,"href":"https:\/\/ish-shalom.co.il\/fr\/wp-json\/wp\/v2\/pages\/2755\/revisions\/6735"}],"wp:attachment":[{"href":"https:\/\/ish-shalom.co.il\/fr\/wp-json\/wp\/v2\/media?parent=2755"}],"curies":[{"name":"wp","href":"https:\/\/api.w.org\/{rel}","templated":true}]}}