{"id":2781,"date":"2025-01-03T13:17:31","date_gmt":"2025-01-03T11:17:31","guid":{"rendered":"https:\/\/ish-shalom.co.il\/procuration-durable\/"},"modified":"2025-03-05T12:35:04","modified_gmt":"2025-03-05T10:35:04","slug":"procuration-durable","status":"publish","type":"page","link":"https:\/\/ish-shalom.co.il\/fr\/procuration-durable\/","title":{"rendered":"Procuration durable"},"content":{"rendered":"\t\t<div data-elementor-type=\"wp-page\" data-elementor-id=\"2781\" class=\"elementor elementor-2781 elementor-1257\" data-elementor-post-type=\"page\">\n\t\t\t\t<div class=\"elementor-element elementor-element-51c96e0 e-con-full e-flex e-con e-parent\" data-id=\"51c96e0\" data-element_type=\"container\" data-e-type=\"container\" data-settings=\"{&quot;background_background&quot;:&quot;classic&quot;}\">\n\t\t\t\t<\/div>\n\t\t<div class=\"elementor-element elementor-element-07f5600 e-con-full e-flex e-con e-parent\" data-id=\"07f5600\" data-element_type=\"container\" data-e-type=\"container\" data-settings=\"{&quot;background_background&quot;:&quot;classic&quot;}\">\n\t\t\t\t<div class=\"elementor-element elementor-element-230229e elementor-testimonial--skin-default elementor-testimonial--layout-image_inline elementor-testimonial--align-center elementor-widget elementor-widget-testimonial-carousel\" data-id=\"230229e\" data-element_type=\"widget\" data-e-type=\"widget\" data-settings=\"{&quot;slides_per_view&quot;:&quot;6&quot;,&quot;speed&quot;:15000,&quot;autoplay_speed&quot;:0,&quot;slides_per_view_mobile&quot;:&quot;3&quot;,&quot;space_between_mobile&quot;:{&quot;unit&quot;:&quot;px&quot;,&quot;size&quot;:0,&quot;sizes&quot;:[]},&quot;space_between&quot;:{&quot;unit&quot;:&quot;px&quot;,&quot;size&quot;:0,&quot;sizes&quot;:[]},&quot;slides_per_view_tablet_extra&quot;:&quot;6&quot;,&quot;autoplay&quot;:&quot;yes&quot;,&quot;loop&quot;:&quot;yes&quot;,&quot;space_between_tablet_extra&quot;:{&quot;unit&quot;:&quot;px&quot;,&quot;size&quot;:10,&quot;sizes&quot;:[]},&quot;space_between_tablet&quot;:{&quot;unit&quot;:&quot;px&quot;,&quot;size&quot;:10,&quot;sizes&quot;:[]}}\" data-widget_type=\"testimonial-carousel.default\">\n\t\t\t\t<div class=\"elementor-widget-container\">\n\t\t\t\t\t\t\t\t\t<div class=\"elementor-swiper\">\n\t\t\t\t\t<div class=\"elementor-main-swiper swiper\" role=\"region\" aria-roledescription=\"carousel\" aria-label=\"\u05e1\u05dc\u05d9\u05d9\u05d3\u05d9\u05dd\">\n\t\t\t\t<div class=\"swiper-wrapper\">\n\t\t\t\t\t\t\t\t\t\t\t<div class=\"swiper-slide\" role=\"group\" aria-roledescription=\"slide\">\n\t\t\t\t\t\t\t\t\t<div class=\"elementor-testimonial\">\n\t\t\t\t\t\t\t<div class=\"elementor-testimonial__content\">\n\t\t\t\t\t<div class=\"elementor-testimonial__text\">\n\t\t\t\t\t\t<p>Imp\u00f4ts \u2022 <\/p>\n\t\t\t\t\t<\/div>\n\t\t\t\t\t\t\t\t\t<\/div>\n\t\t\t\t\t\t<div class=\"elementor-testimonial__footer\">\n\t\t\t\t\t\t\t\t\t\t\t<\/div>\n\t\t<\/div>\n\t\t\t\t\t\t\t\t<\/div>\n\t\t\t\t\t\t\t\t\t\t\t<div class=\"swiper-slide\" role=\"group\" aria-roledescription=\"slide\">\n\t\t\t\t\t\t\t\t\t<div class=\"elementor-testimonial\">\n\t\t\t\t\t\t\t<div class=\"elementor-testimonial__content\">\n\t\t\t\t\t<div class=\"elementor-testimonial__text\">\n\t\t\t\t\t\t<p>col blanc \u2022 <\/p>\n\t\t\t\t\t<\/div>\n\t\t\t\t\t\t\t\t\t<\/div>\n\t\t\t\t\t\t<div class=\"elementor-testimonial__footer\">\n\t\t\t\t\t\t\t\t\t\t\t<\/div>\n\t\t<\/div>\n\t\t\t\t\t\t\t\t<\/div>\n\t\t\t\t\t\t\t\t\t\t\t<div class=\"swiper-slide\" role=\"group\" aria-roledescription=\"slide\">\n\t\t\t\t\t\t\t\t\t<div class=\"elementor-testimonial\">\n\t\t\t\t\t\t\t<div class=\"elementor-testimonial__content\">\n\t\t\t\t\t<div class=\"elementor-testimonial__text\">\n\t\t\t\t\t\t<p> Droit des soci\u00e9t\u00e9s \u2022 <\/p>\n\t\t\t\t\t<\/div>\n\t\t\t\t\t\t\t\t\t<\/div>\n\t\t\t\t\t\t<div class=\"elementor-testimonial__footer\">\n\t\t\t\t\t\t\t\t\t\t\t<\/div>\n\t\t<\/div>\n\t\t\t\t\t\t\t\t<\/div>\n\t\t\t\t\t\t\t\t\t\t\t<div class=\"swiper-slide\" role=\"group\" aria-roledescription=\"slide\">\n\t\t\t\t\t\t\t\t\t<div class=\"elementor-testimonial\">\n\t\t\t\t\t\t\t<div class=\"elementor-testimonial__content\">\n\t\t\t\t\t<div class=\"elementor-testimonial__text\">\n\t\t\t\t\t\t<p>Procuration durable \u2022 <\/p>\n\t\t\t\t\t<\/div>\n\t\t\t\t\t\t\t\t\t<\/div>\n\t\t\t\t\t\t<div class=\"elementor-testimonial__footer\">\n\t\t\t\t\t\t\t\t\t\t\t<\/div>\n\t\t<\/div>\n\t\t\t\t\t\t\t\t<\/div>\n\t\t\t\t\t\t\t\t\t\t\t<div class=\"swiper-slide\" role=\"group\" aria-roledescription=\"slide\">\n\t\t\t\t\t\t\t\t\t<div class=\"elementor-testimonial\">\n\t\t\t\t\t\t\t<div class=\"elementor-testimonial__content\">\n\t\t\t\t\t<div class=\"elementor-testimonial__text\">\n\t\t\t\t\t\t<p>M\u00e9diation et arbitrage \u2022<\/p>\n\t\t\t\t\t<\/div>\n\t\t\t\t\t\t\t\t\t<\/div>\n\t\t\t\t\t\t<div class=\"elementor-testimonial__footer\">\n\t\t\t\t\t\t\t\t\t\t\t<\/div>\n\t\t<\/div>\n\t\t\t\t\t\t\t\t<\/div>\n\t\t\t\t\t\t\t\t\t<\/div>\n\t\t\t\t\t\t\t\t\t\t\t\t\t\t\t\t\t\t\t\t\t<\/div>\n\t\t\t\t<\/div>\n\t\t\t\t\t\t\t\t<\/div>\n\t\t\t\t<\/div>\n\t\t\t\t<\/div>\n\t\t<div class=\"elementor-element elementor-element-89292bb e-con-full e-flex e-con e-parent\" data-id=\"89292bb\" data-element_type=\"container\" data-e-type=\"container\" data-settings=\"{&quot;background_background&quot;:&quot;classic&quot;}\">\n\t\t<div class=\"elementor-element elementor-element-535973a e-con-full e-flex elementor-invisible e-con e-child\" data-id=\"535973a\" data-element_type=\"container\" data-e-type=\"container\" data-settings=\"{&quot;animation&quot;:&quot;fadeInUp&quot;}\">\n\t\t\t\t<div class=\"elementor-element elementor-element-298d926 elementor-widget elementor-widget-breadcrumbs\" data-id=\"298d926\" data-element_type=\"widget\" data-e-type=\"widget\" data-widget_type=\"breadcrumbs.default\">\n\t\t\t\t<div class=\"elementor-widget-container\">\n\t\t\t\t\t<p id=\"breadcrumbs\"><span><span><a href=\"https:\/\/ish-shalom.co.il\/fr\/\">\u05d3\u05e3 \u05d4\u05d1\u05d9\u05ea<\/a><\/span><\/span><\/p>\t\t\t\t<\/div>\n\t\t\t\t<\/div>\n\t\t\t\t<div class=\"elementor-element elementor-element-4898ec1 elementor-widget elementor-widget-heading\" data-id=\"4898ec1\" data-element_type=\"widget\" data-e-type=\"widget\" data-widget_type=\"heading.default\">\n\t\t\t\t<div class=\"elementor-widget-container\">\n\t\t\t\t\t<h2 class=\"elementor-heading-title elementor-size-default\">Qu'est-ce qu'une procuration durable ?<\/h2>\t\t\t\t<\/div>\n\t\t\t\t<\/div>\n\t\t\t\t<div class=\"elementor-element elementor-element-1b76498 elementor-widget elementor-widget-text-editor\" data-id=\"1b76498\" data-element_type=\"widget\" data-e-type=\"widget\" data-widget_type=\"text-editor.default\">\n\t\t\t\t<div class=\"elementor-widget-container\">\n\t\t\t\t\t\t\t\t\t<p>La procuration durable est un document juridique qui permet \u00e0 tout majeur (\u00e2g\u00e9 de plus de 18 ans) de d\u00e9terminer explicitement l&rsquo;identit\u00e9 de la personne qui sera habilit\u00e9e en son nom \u00e0 prendre des d\u00e9cisions en son nom et \u00e0 g\u00e9rer ses affaires m\u00e9dicales et\/ou financi\u00e8res. le jour o\u00f9 il ne pourra plus les d\u00e9cider et les g\u00e9rer lui-m\u00eame, il pourra \u00e9galement d\u00e9terminer comment sa vie sera conduite dans la nouvelle configuration de vie qui lui a \u00e9t\u00e9 impos\u00e9e alors que son jugement et sa capacit\u00e9 \u00e0 prendre des d\u00e9cisions \u00e9taient alt\u00e9r\u00e9s.<\/p>\t\t\t\t\t\t\t\t<\/div>\n\t\t\t\t<\/div>\n\t\t\t\t<div class=\"elementor-element elementor-element-789c059 elementor-widget elementor-widget-heading\" data-id=\"789c059\" data-element_type=\"widget\" data-e-type=\"widget\" data-widget_type=\"heading.default\">\n\t\t\t\t<div class=\"elementor-widget-container\">\n\t\t\t\t\t<h2 class=\"elementor-heading-title elementor-size-default\">Pourquoi tout le monde a-t-il besoin d\u2019une procuration durable ?<\/h2>\t\t\t\t<\/div>\n\t\t\t\t<\/div>\n\t\t\t\t<div class=\"elementor-element elementor-element-308ae77 elementor-widget elementor-widget-text-editor\" data-id=\"308ae77\" data-element_type=\"widget\" data-e-type=\"widget\" data-widget_type=\"text-editor.default\">\n\t\t\t\t<div class=\"elementor-widget-container\">\n\t\t\t\t\t\t\t\t\t<p>Chaque personne se voit confier sa vie et toutes ses d\u00e9cisions au cours de sa vie d&rsquo;adulte, ces d\u00e9cisions, parfois, s&rsquo;expriment \u00e9galement en mati\u00e8re concernant son testament au jour de son d\u00e9c\u00e8s par la r\u00e9daction d&rsquo;un testament qui r\u00e8gle ses affaires, ses biens et la modalit\u00e9s de sa distribution apr\u00e8s sa mort.<br \/>Il existe de nombreux cas o\u00f9 la sant\u00e9 d\u2019une personne se d\u00e9t\u00e9riore rapidement et soudainement, sans que l\u2019on s\u2019y attende. Dans ces cas, le patient perd la capacit\u00e9 de prendre des d\u00e9cisions concernant son corps et les moyens de le traiter, une d\u00e9t\u00e9rioration soudaine de la sant\u00e9 d&rsquo;une personne peut \u00eatre due \u00e0 une maladie, un accident de voiture, un accident du travail, un accident de sport et parfois aussi en raison de l&rsquo;atteinte d&rsquo;un \u00e2ge extr\u00eame &#8211; le troisi\u00e8me \u00e2ge. <br \/>Une planification pr\u00e9coce permet de r\u00e9duire l&rsquo;incertitude et d&rsquo;\u00e9viter des conflits et des dilemmes difficiles entre les membres de la famille, en ce qui concerne le traitement m\u00e9dical qui sera administr\u00e9 \u00e0 une personne si elle a perdu la capacit\u00e9 de d\u00e9cider elle-m\u00eame de son corps, ainsi qu&rsquo;en en ce qui concerne ses questions de propri\u00e9t\u00e9.<\/p>\t\t\t\t\t\t\t\t<\/div>\n\t\t\t\t<\/div>\n\t\t\t\t<\/div>\n\t\t<div class=\"elementor-element elementor-element-c931b10 e-con-full e-flex elementor-invisible e-con e-child\" data-id=\"c931b10\" data-element_type=\"container\" data-e-type=\"container\" data-settings=\"{&quot;animation&quot;:&quot;fadeInUp&quot;}\">\n\t\t\t\t<div class=\"elementor-element elementor-element-fe6fd05 elementor-widget__width-initial elementor-widget elementor-widget-image\" data-id=\"fe6fd05\" data-element_type=\"widget\" data-e-type=\"widget\" data-widget_type=\"image.default\">\n\t\t\t\t<div class=\"elementor-widget-container\">\n\t\t\t\t\t\t\t\t\t\t\t\t\t\t\t<img fetchpriority=\"high\" decoding=\"async\" width=\"600\" height=\"500\" src=\"https:\/\/ish-shalom.co.il\/wp-content\/uploads\/2025\/01\/\u05d9\u05d9\u05e4\u05d5\u05d9-\u05db\u05d5\u05d7-600-500.jpg\" class=\"attachment-full size-full wp-image-2280\" alt=\"\" srcset=\"https:\/\/ish-shalom.co.il\/wp-content\/uploads\/2025\/01\/\u05d9\u05d9\u05e4\u05d5\u05d9-\u05db\u05d5\u05d7-600-500.jpg 600w, https:\/\/ish-shalom.co.il\/wp-content\/uploads\/2025\/01\/\u05d9\u05d9\u05e4\u05d5\u05d9-\u05db\u05d5\u05d7-600-500-300x250.jpg 300w\" sizes=\"(max-width: 600px) 100vw, 600px\" \/>\t\t\t\t\t\t\t\t\t\t\t\t\t\t\t<\/div>\n\t\t\t\t<\/div>\n\t\t\t\t<\/div>\n\t\t\t\t<\/div>\n\t\t<div class=\"elementor-element elementor-element-c9f9191 e-con-full e-flex e-con e-parent\" data-id=\"c9f9191\" data-element_type=\"container\" data-e-type=\"container\" data-settings=\"{&quot;background_background&quot;:&quot;classic&quot;}\">\n\t\t\t\t<div class=\"elementor-element elementor-element-f2b8d80 elementor-widget elementor-widget-text-editor\" data-id=\"f2b8d80\" data-element_type=\"widget\" data-e-type=\"widget\" data-widget_type=\"text-editor.default\">\n\t\t\t\t<div class=\"elementor-widget-container\">\n\t\t\t\t\t\t\t\t\t<p>En octobre 2016, l&rsquo;amendement 18 \u00e0 la loi sur la formation juridique et les tutelles, 5772 1962, est entr\u00e9 en vigueur. Cet amendement est r\u00e9volutionnaire pour tout ce qui concerne le droit d&rsquo;une personne de nommer un \u00ab tuteur \u00bb pour son corps et ses biens lorsqu&rsquo;elle est libre. et sa d\u00e9cision est \u00e9clair\u00e9e, rendez-vous qui entrera en vigueur dans une situation pr\u00e9d\u00e9termin\u00e9e, Par exemple : perte de conscience pour quelque raison que ce soit, mort c\u00e9r\u00e9brale, d\u00e9mence, Alzheimer, accident vasculaire c\u00e9r\u00e9bral etc.<\/p>\n<p>Dans le pass\u00e9, pour d\u00e9signer un tuteur au tribunal, il fallait passer par une lourde proc\u00e9dure judiciaire, en soumettant un rapport chaque ann\u00e9e au tuteur g\u00e9n\u00e9ral.<\/p>\n<p>La d\u00e9signation d&rsquo;une personne par l&rsquo;\u00e9tablissement d&rsquo;une procuration durable est bien diff\u00e9rente de la d\u00e9signation d&rsquo;un tuteur par le tribunal, qui est une proc\u00e9dure lourde qui n\u00e9cessite un rapport annuel au tuteur g\u00e9n\u00e9ral, alors que dans le cadre de l&rsquo;\u00e9tablissement d&rsquo;une procuration durable procuration, une personne peut d\u00e9signer une personne sp\u00e9cifique qui g\u00e9rera ses affaires m\u00e9dicales et\/ou immobili\u00e8res, selon sa volont\u00e9, comme stipul\u00e9 \u00e0 l&rsquo;avance dans la procuration, de sorte que ce n&rsquo;est qu&rsquo;au moment de l&rsquo;entr\u00e9e en vigueur de la procuration effet, la procuration peut entrer \u00e0 sa place le mandataire<\/p>\n<p>Le mandataire choisira, dans la plupart des cas, un mandataire en qui il a confiance et en qui il a confiance, qu&rsquo;il s&rsquo;agisse d&rsquo;un membre de sa famille proche ou d&rsquo;une personne poss\u00e9dant une expertise particuli\u00e8re, un avocat, un m\u00e9decin, un CPA, etc.<\/p>\n<p>Notre cabinet estime qu&rsquo;il est important pour chaque personne de r\u00e9diger une procuration durable, \u00e0 tout \u00e2ge et en \u00e9tant conscient que la r\u00e9alit\u00e9 dans laquelle nous vivons peut changer de mani\u00e8re m\u00e9connaissable sans pr\u00e9avis, la r\u00e9daction d&rsquo;une procuration durable sera in\u00e9vitablement conduire \u00e0 l&rsquo;accomplissement de la volont\u00e9 de la personne telle qu&rsquo;elle l&rsquo;a d\u00e9termin\u00e9e \u00e0 l&rsquo;avance, ceci est en rapport avec l&rsquo;identit\u00e9 du mandataire qui s&rsquo;occupera de ses affaires et r\u00e9alisera ses volont\u00e9s conform\u00e9ment \u00e0 ses instructions donn\u00e9es \u00e0 l&rsquo;avance, ceci est volontairement diff\u00e9rent d&rsquo;une personne qui avait besoin de la nomination d&rsquo;un tuteur et celui-ci sera nomm\u00e9 contre sa volont\u00e9 et d\u00e9cider pour lui de mani\u00e8re ind\u00e9pendante.<\/p>\n\t\t\t\t\t\t\t\t<\/div>\n\t\t\t\t<\/div>\n\t\t\t\t<\/div>\n\t\t\t\t<\/div>\n\t\t","protected":false},"excerpt":{"rendered":"<p>Imp\u00f4ts \u2022 col blanc \u2022 Droit des soci\u00e9t\u00e9s \u2022 Procuration durable \u2022 M\u00e9diation et arbitrage \u2022 Qu&rsquo;est-ce qu&rsquo;une procuration durable ? La procuration durable est un document juridique qui permet \u00e0 tout majeur (\u00e2g\u00e9 de plus de 18 ans) de d\u00e9terminer explicitement l&rsquo;identit\u00e9 de la personne qui sera habilit\u00e9e en son nom \u00e0 prendre des [&hellip;]<\/p>\n","protected":false},"author":1,"featured_media":0,"parent":0,"menu_order":0,"comment_status":"closed","ping_status":"closed","template":"elementor_header_footer","meta":{"footnotes":""},"class_list":["post-2781","page","type-page","status-publish","hentry"],"yoast_head":"<!-- This site is optimized with the Yoast SEO plugin v27.1.1 - https:\/\/yoast.com\/product\/yoast-seo-wordpress\/ -->\n<title>Procuration durable - \u05d9\u05e0\u05d9\u05d1 \u05d0\u05d9\u05e9 \u05e9\u05dc\u05d5\u05dd \u05de\u05e9\u05e8\u05d3 \u05e2\u05d5\u05e8\u05db\u05d9 \u05d3\u05d9\u05df<\/title>\n<meta name=\"description\" content=\"L&#039;avocat Yani Ish Shalom et son cabinet fournissent des services juridiques dans le domaine du droit des soci\u00e9t\u00e9s et des soci\u00e9t\u00e9s et comprennent, entre autres : des conseils juridiques et un accompagnement dans la cr\u00e9ation d&#039;entreprises et de soci\u00e9t\u00e9s, y compris des partenariats et des associations. Des conseils juridiques et un accompagnement dans les proc\u00e9dures d&#039;achat. des soci\u00e9t\u00e9s, l&#039;achat d&#039;actions, l&#039;achat d&#039;activit\u00e9s de soci\u00e9t\u00e9s et les transactions entre actionnaires. Legal pour remplir les exigences de d\u00e9claration au registraire des soci\u00e9t\u00e9s.\" \/>\n<meta name=\"robots\" content=\"index, follow, max-snippet:-1, max-image-preview:large, max-video-preview:-1\" \/>\n<link rel=\"canonical\" href=\"https:\/\/ish-shalom.co.il\/fr\/procuration-durable\/\" \/>\n<meta property=\"og:locale\" content=\"fr_FR\" \/>\n<meta property=\"og:type\" content=\"article\" \/>\n<meta property=\"og:title\" content=\"Procuration durable - \u05d9\u05e0\u05d9\u05d1 \u05d0\u05d9\u05e9 \u05e9\u05dc\u05d5\u05dd \u05de\u05e9\u05e8\u05d3 \u05e2\u05d5\u05e8\u05db\u05d9 \u05d3\u05d9\u05df\" \/>\n<meta property=\"og:description\" content=\"L&#039;avocat Yani Ish Shalom et son cabinet fournissent des services juridiques dans le domaine du droit des soci\u00e9t\u00e9s et des soci\u00e9t\u00e9s et comprennent, entre autres : des conseils juridiques et un accompagnement dans la cr\u00e9ation d&#039;entreprises et de soci\u00e9t\u00e9s, y compris des partenariats et des associations. Des conseils juridiques et un accompagnement dans les proc\u00e9dures d&#039;achat. des soci\u00e9t\u00e9s, l&#039;achat d&#039;actions, l&#039;achat d&#039;activit\u00e9s de soci\u00e9t\u00e9s et les transactions entre actionnaires. Legal pour remplir les exigences de d\u00e9claration au registraire des soci\u00e9t\u00e9s.\" \/>\n<meta property=\"og:url\" content=\"https:\/\/ish-shalom.co.il\/fr\/procuration-durable\/\" \/>\n<meta property=\"og:site_name\" content=\"\u05d9\u05e0\u05d9\u05d1 \u05d0\u05d9\u05e9 \u05e9\u05dc\u05d5\u05dd \u05de\u05e9\u05e8\u05d3 \u05e2\u05d5\u05e8\u05db\u05d9 \u05d3\u05d9\u05df\" \/>\n<meta property=\"article:modified_time\" content=\"2025-03-05T10:35:04+00:00\" \/>\n<meta name=\"twitter:card\" content=\"summary_large_image\" \/>\n<meta name=\"twitter:label1\" content=\"Dur\u00e9e de lecture estim\u00e9e\" \/>\n\t<meta name=\"twitter:data1\" content=\"4 minutes\" \/>\n<script type=\"application\/ld+json\" class=\"yoast-schema-graph\">{\"@context\":\"https:\/\/schema.org\",\"@graph\":[{\"@type\":\"WebPage\",\"@id\":\"https:\/\/ish-shalom.co.il\/fr\/procuration-durable\/\",\"url\":\"https:\/\/ish-shalom.co.il\/fr\/procuration-durable\/\",\"name\":\"Procuration durable - \u05d9\u05e0\u05d9\u05d1 \u05d0\u05d9\u05e9 \u05e9\u05dc\u05d5\u05dd \u05de\u05e9\u05e8\u05d3 \u05e2\u05d5\u05e8\u05db\u05d9 \u05d3\u05d9\u05df\",\"isPartOf\":{\"@id\":\"https:\/\/ish-shalom.co.il\/fr\/#website\"},\"datePublished\":\"2025-01-03T11:17:31+00:00\",\"dateModified\":\"2025-03-05T10:35:04+00:00\",\"description\":\"L'avocat Yani Ish Shalom et son cabinet fournissent des services juridiques dans le domaine du droit des soci\u00e9t\u00e9s et des soci\u00e9t\u00e9s et comprennent, entre autres : des conseils juridiques et un accompagnement dans la cr\u00e9ation d'entreprises et de soci\u00e9t\u00e9s, y compris des partenariats et des associations. Des conseils juridiques et un accompagnement dans les proc\u00e9dures d'achat. des soci\u00e9t\u00e9s, l'achat d'actions, l'achat d'activit\u00e9s de soci\u00e9t\u00e9s et les transactions entre actionnaires. Legal pour remplir les exigences de d\u00e9claration au registraire des soci\u00e9t\u00e9s.\",\"breadcrumb\":{\"@id\":\"https:\/\/ish-shalom.co.il\/fr\/procuration-durable\/#breadcrumb\"},\"inLanguage\":\"fr-FR\",\"potentialAction\":[{\"@type\":\"ReadAction\",\"target\":[\"https:\/\/ish-shalom.co.il\/fr\/procuration-durable\/\"]}]},{\"@type\":\"BreadcrumbList\",\"@id\":\"https:\/\/ish-shalom.co.il\/fr\/procuration-durable\/#breadcrumb\",\"itemListElement\":[{\"@type\":\"ListItem\",\"position\":1,\"name\":\"\u05d3\u05e3 \u05d4\u05d1\u05d9\u05ea\",\"item\":\"https:\/\/ish-shalom.co.il\/fr\/\"},{\"@type\":\"ListItem\",\"position\":2,\"name\":\"Procuration durable\"}]},{\"@type\":\"WebSite\",\"@id\":\"https:\/\/ish-shalom.co.il\/fr\/#website\",\"url\":\"https:\/\/ish-shalom.co.il\/fr\/\",\"name\":\"\u05d9\u05e0\u05d9\u05d1 \u05d0\u05d9\u05e9 \u05e9\u05dc\u05d5\u05dd \u05de\u05e9\u05e8\u05d3 \u05e2\u05d5\u05e8\u05db\u05d9 \u05d3\u05d9\u05df\",\"description\":\"\",\"publisher\":{\"@id\":\"https:\/\/ish-shalom.co.il\/fr\/#organization\"},\"potentialAction\":[{\"@type\":\"SearchAction\",\"target\":{\"@type\":\"EntryPoint\",\"urlTemplate\":\"https:\/\/ish-shalom.co.il\/fr\/?s={search_term_string}\"},\"query-input\":{\"@type\":\"PropertyValueSpecification\",\"valueRequired\":true,\"valueName\":\"search_term_string\"}}],\"inLanguage\":\"fr-FR\"},{\"@type\":\"Organization\",\"@id\":\"https:\/\/ish-shalom.co.il\/fr\/#organization\",\"name\":\"\u05d9\u05e0\u05d9\u05d1 \u05d0\u05d9\u05e9 \u05e9\u05dc\u05d5\u05dd \u05de\u05e9\u05e8\u05d3 \u05e2\u05d5\u05e8\u05db\u05d9 \u05d3\u05d9\u05df\",\"url\":\"https:\/\/ish-shalom.co.il\/fr\/\",\"logo\":{\"@type\":\"ImageObject\",\"inLanguage\":\"fr-FR\",\"@id\":\"https:\/\/ish-shalom.co.il\/fr\/#\/schema\/logo\/image\/\",\"url\":\"https:\/\/ish-shalom.co.il\/wp-content\/uploads\/2024\/12\/logo-site.svg\",\"contentUrl\":\"https:\/\/ish-shalom.co.il\/wp-content\/uploads\/2024\/12\/logo-site.svg\",\"width\":293,\"height\":61,\"caption\":\"\u05d9\u05e0\u05d9\u05d1 \u05d0\u05d9\u05e9 \u05e9\u05dc\u05d5\u05dd \u05de\u05e9\u05e8\u05d3 \u05e2\u05d5\u05e8\u05db\u05d9 \u05d3\u05d9\u05df\"},\"image\":{\"@id\":\"https:\/\/ish-shalom.co.il\/fr\/#\/schema\/logo\/image\/\"}}]}<\/script>\n<!-- \/ Yoast SEO plugin. -->","yoast_head_json":{"title":"Procuration durable - \u05d9\u05e0\u05d9\u05d1 \u05d0\u05d9\u05e9 \u05e9\u05dc\u05d5\u05dd \u05de\u05e9\u05e8\u05d3 \u05e2\u05d5\u05e8\u05db\u05d9 \u05d3\u05d9\u05df","description":"L'avocat Yani Ish Shalom et son cabinet fournissent des services juridiques dans le domaine du droit des soci\u00e9t\u00e9s et des soci\u00e9t\u00e9s et comprennent, entre autres : des conseils juridiques et un accompagnement dans la cr\u00e9ation d'entreprises et de soci\u00e9t\u00e9s, y compris des partenariats et des associations. Des conseils juridiques et un accompagnement dans les proc\u00e9dures d'achat. des soci\u00e9t\u00e9s, l'achat d'actions, l'achat d'activit\u00e9s de soci\u00e9t\u00e9s et les transactions entre actionnaires. Legal pour remplir les exigences de d\u00e9claration au registraire des soci\u00e9t\u00e9s.","robots":{"index":"index","follow":"follow","max-snippet":"max-snippet:-1","max-image-preview":"max-image-preview:large","max-video-preview":"max-video-preview:-1"},"canonical":"https:\/\/ish-shalom.co.il\/fr\/procuration-durable\/","og_locale":"fr_FR","og_type":"article","og_title":"Procuration durable - \u05d9\u05e0\u05d9\u05d1 \u05d0\u05d9\u05e9 \u05e9\u05dc\u05d5\u05dd \u05de\u05e9\u05e8\u05d3 \u05e2\u05d5\u05e8\u05db\u05d9 \u05d3\u05d9\u05df","og_description":"L'avocat Yani Ish Shalom et son cabinet fournissent des services juridiques dans le domaine du droit des soci\u00e9t\u00e9s et des soci\u00e9t\u00e9s et comprennent, entre autres : des conseils juridiques et un accompagnement dans la cr\u00e9ation d'entreprises et de soci\u00e9t\u00e9s, y compris des partenariats et des associations. Des conseils juridiques et un accompagnement dans les proc\u00e9dures d'achat. des soci\u00e9t\u00e9s, l'achat d'actions, l'achat d'activit\u00e9s de soci\u00e9t\u00e9s et les transactions entre actionnaires. Legal pour remplir les exigences de d\u00e9claration au registraire des soci\u00e9t\u00e9s.","og_url":"https:\/\/ish-shalom.co.il\/fr\/procuration-durable\/","og_site_name":"\u05d9\u05e0\u05d9\u05d1 \u05d0\u05d9\u05e9 \u05e9\u05dc\u05d5\u05dd \u05de\u05e9\u05e8\u05d3 \u05e2\u05d5\u05e8\u05db\u05d9 \u05d3\u05d9\u05df","article_modified_time":"2025-03-05T10:35:04+00:00","twitter_card":"summary_large_image","twitter_misc":{"Dur\u00e9e de lecture estim\u00e9e":"4 minutes"},"schema":{"@context":"https:\/\/schema.org","@graph":[{"@type":"WebPage","@id":"https:\/\/ish-shalom.co.il\/fr\/procuration-durable\/","url":"https:\/\/ish-shalom.co.il\/fr\/procuration-durable\/","name":"Procuration durable - \u05d9\u05e0\u05d9\u05d1 \u05d0\u05d9\u05e9 \u05e9\u05dc\u05d5\u05dd \u05de\u05e9\u05e8\u05d3 \u05e2\u05d5\u05e8\u05db\u05d9 \u05d3\u05d9\u05df","isPartOf":{"@id":"https:\/\/ish-shalom.co.il\/fr\/#website"},"datePublished":"2025-01-03T11:17:31+00:00","dateModified":"2025-03-05T10:35:04+00:00","description":"L'avocat Yani Ish Shalom et son cabinet fournissent des services juridiques dans le domaine du droit des soci\u00e9t\u00e9s et des soci\u00e9t\u00e9s et comprennent, entre autres : des conseils juridiques et un accompagnement dans la cr\u00e9ation d'entreprises et de soci\u00e9t\u00e9s, y compris des partenariats et des associations. Des conseils juridiques et un accompagnement dans les proc\u00e9dures d'achat. des soci\u00e9t\u00e9s, l'achat d'actions, l'achat d'activit\u00e9s de soci\u00e9t\u00e9s et les transactions entre actionnaires. Legal pour remplir les exigences de d\u00e9claration au registraire des soci\u00e9t\u00e9s.","breadcrumb":{"@id":"https:\/\/ish-shalom.co.il\/fr\/procuration-durable\/#breadcrumb"},"inLanguage":"fr-FR","potentialAction":[{"@type":"ReadAction","target":["https:\/\/ish-shalom.co.il\/fr\/procuration-durable\/"]}]},{"@type":"BreadcrumbList","@id":"https:\/\/ish-shalom.co.il\/fr\/procuration-durable\/#breadcrumb","itemListElement":[{"@type":"ListItem","position":1,"name":"\u05d3\u05e3 \u05d4\u05d1\u05d9\u05ea","item":"https:\/\/ish-shalom.co.il\/fr\/"},{"@type":"ListItem","position":2,"name":"Procuration durable"}]},{"@type":"WebSite","@id":"https:\/\/ish-shalom.co.il\/fr\/#website","url":"https:\/\/ish-shalom.co.il\/fr\/","name":"\u05d9\u05e0\u05d9\u05d1 \u05d0\u05d9\u05e9 \u05e9\u05dc\u05d5\u05dd \u05de\u05e9\u05e8\u05d3 \u05e2\u05d5\u05e8\u05db\u05d9 \u05d3\u05d9\u05df","description":"","publisher":{"@id":"https:\/\/ish-shalom.co.il\/fr\/#organization"},"potentialAction":[{"@type":"SearchAction","target":{"@type":"EntryPoint","urlTemplate":"https:\/\/ish-shalom.co.il\/fr\/?s={search_term_string}"},"query-input":{"@type":"PropertyValueSpecification","valueRequired":true,"valueName":"search_term_string"}}],"inLanguage":"fr-FR"},{"@type":"Organization","@id":"https:\/\/ish-shalom.co.il\/fr\/#organization","name":"\u05d9\u05e0\u05d9\u05d1 \u05d0\u05d9\u05e9 \u05e9\u05dc\u05d5\u05dd \u05de\u05e9\u05e8\u05d3 \u05e2\u05d5\u05e8\u05db\u05d9 \u05d3\u05d9\u05df","url":"https:\/\/ish-shalom.co.il\/fr\/","logo":{"@type":"ImageObject","inLanguage":"fr-FR","@id":"https:\/\/ish-shalom.co.il\/fr\/#\/schema\/logo\/image\/","url":"https:\/\/ish-shalom.co.il\/wp-content\/uploads\/2024\/12\/logo-site.svg","contentUrl":"https:\/\/ish-shalom.co.il\/wp-content\/uploads\/2024\/12\/logo-site.svg","width":293,"height":61,"caption":"\u05d9\u05e0\u05d9\u05d1 \u05d0\u05d9\u05e9 \u05e9\u05dc\u05d5\u05dd \u05de\u05e9\u05e8\u05d3 \u05e2\u05d5\u05e8\u05db\u05d9 \u05d3\u05d9\u05df"},"image":{"@id":"https:\/\/ish-shalom.co.il\/fr\/#\/schema\/logo\/image\/"}}]}},"_links":{"self":[{"href":"https:\/\/ish-shalom.co.il\/fr\/wp-json\/wp\/v2\/pages\/2781","targetHints":{"allow":["GET"]}}],"collection":[{"href":"https:\/\/ish-shalom.co.il\/fr\/wp-json\/wp\/v2\/pages"}],"about":[{"href":"https:\/\/ish-shalom.co.il\/fr\/wp-json\/wp\/v2\/types\/page"}],"author":[{"embeddable":true,"href":"https:\/\/ish-shalom.co.il\/fr\/wp-json\/wp\/v2\/users\/1"}],"replies":[{"embeddable":true,"href":"https:\/\/ish-shalom.co.il\/fr\/wp-json\/wp\/v2\/comments?post=2781"}],"version-history":[{"count":21,"href":"https:\/\/ish-shalom.co.il\/fr\/wp-json\/wp\/v2\/pages\/2781\/revisions"}],"predecessor-version":[{"id":7583,"href":"https:\/\/ish-shalom.co.il\/fr\/wp-json\/wp\/v2\/pages\/2781\/revisions\/7583"}],"wp:attachment":[{"href":"https:\/\/ish-shalom.co.il\/fr\/wp-json\/wp\/v2\/media?parent=2781"}],"curies":[{"name":"wp","href":"https:\/\/api.w.org\/{rel}","templated":true}]}}