{"id":2789,"date":"2025-01-05T22:57:29","date_gmt":"2025-01-05T20:57:29","guid":{"rendered":"https:\/\/ish-shalom.co.il\/lois-fiscales\/"},"modified":"2025-02-05T22:11:02","modified_gmt":"2025-02-05T20:11:02","slug":"lois-fiscales","status":"publish","type":"page","link":"https:\/\/ish-shalom.co.il\/fr\/lois-fiscales\/","title":{"rendered":"Lois fiscales"},"content":{"rendered":"\t\t<div data-elementor-type=\"wp-page\" data-elementor-id=\"2789\" class=\"elementor elementor-2789 elementor-1678\" data-elementor-post-type=\"page\">\n\t\t\t\t<div class=\"elementor-element elementor-element-ebd158b e-con-full e-flex e-con e-parent\" data-id=\"ebd158b\" data-element_type=\"container\" data-e-type=\"container\" data-settings=\"{&quot;background_background&quot;:&quot;classic&quot;}\">\n\t\t\t\t<\/div>\n\t\t<div class=\"elementor-element elementor-element-0e8cb24 e-con-full e-flex e-con e-parent\" data-id=\"0e8cb24\" data-element_type=\"container\" data-e-type=\"container\" data-settings=\"{&quot;background_background&quot;:&quot;classic&quot;}\">\n\t\t\t\t<div class=\"elementor-element elementor-element-4c08723 elementor-testimonial--skin-default elementor-testimonial--layout-image_inline elementor-testimonial--align-center elementor-widget elementor-widget-testimonial-carousel\" data-id=\"4c08723\" data-element_type=\"widget\" data-e-type=\"widget\" data-settings=\"{&quot;slides_per_view&quot;:&quot;6&quot;,&quot;speed&quot;:15000,&quot;autoplay_speed&quot;:0,&quot;slides_per_view_mobile&quot;:&quot;3&quot;,&quot;space_between_mobile&quot;:{&quot;unit&quot;:&quot;px&quot;,&quot;size&quot;:0,&quot;sizes&quot;:[]},&quot;space_between&quot;:{&quot;unit&quot;:&quot;px&quot;,&quot;size&quot;:0,&quot;sizes&quot;:[]},&quot;autoplay&quot;:&quot;yes&quot;,&quot;loop&quot;:&quot;yes&quot;,&quot;space_between_tablet_extra&quot;:{&quot;unit&quot;:&quot;px&quot;,&quot;size&quot;:10,&quot;sizes&quot;:[]},&quot;space_between_tablet&quot;:{&quot;unit&quot;:&quot;px&quot;,&quot;size&quot;:10,&quot;sizes&quot;:[]}}\" data-widget_type=\"testimonial-carousel.default\">\n\t\t\t\t<div class=\"elementor-widget-container\">\n\t\t\t\t\t\t\t\t\t<div class=\"elementor-swiper\">\n\t\t\t\t\t<div class=\"elementor-main-swiper swiper\" role=\"region\" aria-roledescription=\"carousel\" aria-label=\"\u05e1\u05dc\u05d9\u05d9\u05d3\u05d9\u05dd\">\n\t\t\t\t<div class=\"swiper-wrapper\">\n\t\t\t\t\t\t\t\t\t\t\t<div class=\"swiper-slide\" role=\"group\" aria-roledescription=\"slide\">\n\t\t\t\t\t\t\t\t\t<div class=\"elementor-testimonial\">\n\t\t\t\t\t\t\t<div class=\"elementor-testimonial__content\">\n\t\t\t\t\t<div class=\"elementor-testimonial__text\">\n\t\t\t\t\t\t<p>Imp\u00f4ts \u2022 <\/p>\n\t\t\t\t\t<\/div>\n\t\t\t\t\t\t\t\t\t<\/div>\n\t\t\t\t\t\t<div class=\"elementor-testimonial__footer\">\n\t\t\t\t\t\t\t\t\t\t\t<\/div>\n\t\t<\/div>\n\t\t\t\t\t\t\t\t<\/div>\n\t\t\t\t\t\t\t\t\t\t\t<div class=\"swiper-slide\" role=\"group\" aria-roledescription=\"slide\">\n\t\t\t\t\t\t\t\t\t<div class=\"elementor-testimonial\">\n\t\t\t\t\t\t\t<div class=\"elementor-testimonial__content\">\n\t\t\t\t\t<div class=\"elementor-testimonial__text\">\n\t\t\t\t\t\t<p>col blanc \u2022 <\/p>\n\t\t\t\t\t<\/div>\n\t\t\t\t\t\t\t\t\t<\/div>\n\t\t\t\t\t\t<div class=\"elementor-testimonial__footer\">\n\t\t\t\t\t\t\t\t\t\t\t<\/div>\n\t\t<\/div>\n\t\t\t\t\t\t\t\t<\/div>\n\t\t\t\t\t\t\t\t\t\t\t<div class=\"swiper-slide\" role=\"group\" aria-roledescription=\"slide\">\n\t\t\t\t\t\t\t\t\t<div class=\"elementor-testimonial\">\n\t\t\t\t\t\t\t<div class=\"elementor-testimonial__content\">\n\t\t\t\t\t<div class=\"elementor-testimonial__text\">\n\t\t\t\t\t\t<p> Droit des soci\u00e9t\u00e9s \u2022 <\/p>\n\t\t\t\t\t<\/div>\n\t\t\t\t\t\t\t\t\t<\/div>\n\t\t\t\t\t\t<div class=\"elementor-testimonial__footer\">\n\t\t\t\t\t\t\t\t\t\t\t<\/div>\n\t\t<\/div>\n\t\t\t\t\t\t\t\t<\/div>\n\t\t\t\t\t\t\t\t\t\t\t<div class=\"swiper-slide\" role=\"group\" aria-roledescription=\"slide\">\n\t\t\t\t\t\t\t\t\t<div class=\"elementor-testimonial\">\n\t\t\t\t\t\t\t<div class=\"elementor-testimonial__content\">\n\t\t\t\t\t<div class=\"elementor-testimonial__text\">\n\t\t\t\t\t\t<p>Procuration durable \u2022 <\/p>\n\t\t\t\t\t<\/div>\n\t\t\t\t\t\t\t\t\t<\/div>\n\t\t\t\t\t\t<div class=\"elementor-testimonial__footer\">\n\t\t\t\t\t\t\t\t\t\t\t<\/div>\n\t\t<\/div>\n\t\t\t\t\t\t\t\t<\/div>\n\t\t\t\t\t\t\t\t\t\t\t<div class=\"swiper-slide\" role=\"group\" aria-roledescription=\"slide\">\n\t\t\t\t\t\t\t\t\t<div class=\"elementor-testimonial\">\n\t\t\t\t\t\t\t<div class=\"elementor-testimonial__content\">\n\t\t\t\t\t<div class=\"elementor-testimonial__text\">\n\t\t\t\t\t\t<p>M\u00e9diation et arbitrage \u2022<\/p>\n\t\t\t\t\t<\/div>\n\t\t\t\t\t\t\t\t\t<\/div>\n\t\t\t\t\t\t<div class=\"elementor-testimonial__footer\">\n\t\t\t\t\t\t\t\t\t\t\t<\/div>\n\t\t<\/div>\n\t\t\t\t\t\t\t\t<\/div>\n\t\t\t\t\t\t\t\t\t<\/div>\n\t\t\t\t\t\t\t\t\t\t\t\t\t\t\t\t\t\t\t\t\t<\/div>\n\t\t\t\t<\/div>\n\t\t\t\t\t\t\t\t<\/div>\n\t\t\t\t<\/div>\n\t\t\t\t<\/div>\n\t\t<div class=\"elementor-element elementor-element-1a4b956 e-con-full e-flex e-con e-parent\" data-id=\"1a4b956\" data-element_type=\"container\" data-e-type=\"container\" data-settings=\"{&quot;background_background&quot;:&quot;classic&quot;}\">\n\t\t\t\t<div class=\"elementor-element elementor-element-8bf159f elementor-invisible elementor-widget elementor-widget-breadcrumbs\" data-id=\"8bf159f\" data-element_type=\"widget\" data-e-type=\"widget\" data-settings=\"{&quot;_animation&quot;:&quot;fadeInUp&quot;}\" data-widget_type=\"breadcrumbs.default\">\n\t\t\t\t<div class=\"elementor-widget-container\">\n\t\t\t\t\t<p id=\"breadcrumbs\"><span><span><a href=\"https:\/\/ish-shalom.co.il\/fr\/\">\u05d3\u05e3 \u05d4\u05d1\u05d9\u05ea<\/a><\/span><\/span><\/p>\t\t\t\t<\/div>\n\t\t\t\t<\/div>\n\t\t\t\t<\/div>\n\t\t<div class=\"elementor-element elementor-element-495079c e-con-full e-flex e-con e-parent\" data-id=\"495079c\" data-element_type=\"container\" data-e-type=\"container\" data-settings=\"{&quot;background_background&quot;:&quot;classic&quot;}\">\n\t\t<div class=\"elementor-element elementor-element-4308796 e-grid e-con-boxed elementor-invisible e-con e-child\" data-id=\"4308796\" data-element_type=\"container\" data-e-type=\"container\" data-settings=\"{&quot;animation&quot;:&quot;fadeInUp&quot;}\">\n\t\t\t\t\t<div class=\"e-con-inner\">\n\t\t<div class=\"elementor-element elementor-element-f33acbf e-flex e-con-boxed e-con e-child\" data-id=\"f33acbf\" data-element_type=\"container\" data-e-type=\"container\" data-settings=\"{&quot;background_background&quot;:&quot;classic&quot;}\">\n\t\t\t\t\t<div class=\"e-con-inner\">\n\t\t<div class=\"elementor-element elementor-element-2d6aa13 e-con-full e-flex e-con e-child\" data-id=\"2d6aa13\" data-element_type=\"container\" data-e-type=\"container\" data-settings=\"{&quot;background_background&quot;:&quot;classic&quot;}\">\n\t\t\t\t<div class=\"elementor-element elementor-element-ab0b2ee elementor-widget elementor-widget-heading\" data-id=\"ab0b2ee\" data-element_type=\"widget\" data-e-type=\"widget\" data-widget_type=\"heading.default\">\n\t\t\t\t<div class=\"elementor-widget-container\">\n\t\t\t\t\t<h3 class=\"elementor-heading-title elementor-size-default\">T.V.A.<\/h3>\t\t\t\t<\/div>\n\t\t\t\t<\/div>\n\t\t\t\t<div class=\"elementor-element elementor-element-08fbbb1 elementor-align-center elementor-mobile-align-center elementor-widget elementor-widget-button\" data-id=\"08fbbb1\" data-element_type=\"widget\" data-e-type=\"widget\" data-widget_type=\"button.default\">\n\t\t\t\t<div class=\"elementor-widget-container\">\n\t\t\t\t\t\t\t\t\t<div class=\"elementor-button-wrapper\">\n\t\t\t\t\t<a class=\"elementor-button elementor-button-link elementor-size-sm elementor-animation-grow\" href=\"https:\/\/ish-shalom.co.il\/fr\/tva\/\">\n\t\t\t\t\t\t<span class=\"elementor-button-content-wrapper\">\n\t\t\t\t\t\t<span class=\"elementor-button-icon\">\n\t\t\t\t<svg xmlns=\"http:\/\/www.w3.org\/2000\/svg\" width=\"24\" height=\"17\" viewBox=\"0 0 24 17\" fill=\"none\"><path d=\"M8.29845 1.49731L1.52869 8.26708L8.29845 15.0368\" stroke=\"white\" stroke-width=\"2\" stroke-linecap=\"round\"><\/path><path d=\"M1.52869 8.26707H22.125\" stroke=\"white\" stroke-width=\"2\" stroke-linecap=\"round\"><\/path><\/svg>\t\t\t<\/span>\n\t\t\t\t\t\t\t\t\t<span class=\"elementor-button-text\">pour plus de d\u00e9tails<\/span>\n\t\t\t\t\t<\/span>\n\t\t\t\t\t<\/a>\n\t\t\t\t<\/div>\n\t\t\t\t\t\t\t\t<\/div>\n\t\t\t\t<\/div>\n\t\t\t\t<\/div>\n\t\t\t\t\t<\/div>\n\t\t\t\t<\/div>\n\t\t<div class=\"elementor-element elementor-element-c4406cc e-con-full e-flex e-con e-child\" data-id=\"c4406cc\" data-element_type=\"container\" data-e-type=\"container\" data-settings=\"{&quot;background_background&quot;:&quot;classic&quot;}\">\n\t\t<div class=\"elementor-element elementor-element-86788c9 e-con-full e-flex e-con e-child\" data-id=\"86788c9\" data-element_type=\"container\" data-e-type=\"container\" data-settings=\"{&quot;background_background&quot;:&quot;classic&quot;}\">\n\t\t\t\t<div class=\"elementor-element elementor-element-2f091cd elementor-widget elementor-widget-heading\" data-id=\"2f091cd\" data-element_type=\"widget\" data-e-type=\"widget\" data-widget_type=\"heading.default\">\n\t\t\t\t<div class=\"elementor-widget-container\">\n\t\t\t\t\t<h3 class=\"elementor-heading-title elementor-size-default\">Imp\u00f4t sur le revenu<\/h3>\t\t\t\t<\/div>\n\t\t\t\t<\/div>\n\t\t\t\t<div class=\"elementor-element elementor-element-c93ab8c elementor-align-center elementor-mobile-align-center elementor-widget elementor-widget-button\" data-id=\"c93ab8c\" data-element_type=\"widget\" data-e-type=\"widget\" data-widget_type=\"button.default\">\n\t\t\t\t<div class=\"elementor-widget-container\">\n\t\t\t\t\t\t\t\t\t<div class=\"elementor-button-wrapper\">\n\t\t\t\t\t<a class=\"elementor-button elementor-button-link elementor-size-sm elementor-animation-grow\" href=\"https:\/\/ish-shalom.co.il\/fr\/impot-sur-le-revenu\/\">\n\t\t\t\t\t\t<span class=\"elementor-button-content-wrapper\">\n\t\t\t\t\t\t<span class=\"elementor-button-icon\">\n\t\t\t\t<svg xmlns=\"http:\/\/www.w3.org\/2000\/svg\" width=\"24\" height=\"17\" viewBox=\"0 0 24 17\" fill=\"none\"><path d=\"M8.29845 1.49731L1.52869 8.26708L8.29845 15.0368\" stroke=\"white\" stroke-width=\"2\" stroke-linecap=\"round\"><\/path><path d=\"M1.52869 8.26707H22.125\" stroke=\"white\" stroke-width=\"2\" stroke-linecap=\"round\"><\/path><\/svg>\t\t\t<\/span>\n\t\t\t\t\t\t\t\t\t<span class=\"elementor-button-text\">pour plus de d\u00e9tails<\/span>\n\t\t\t\t\t<\/span>\n\t\t\t\t\t<\/a>\n\t\t\t\t<\/div>\n\t\t\t\t\t\t\t\t<\/div>\n\t\t\t\t<\/div>\n\t\t\t\t<\/div>\n\t\t\t\t<\/div>\n\t\t<div class=\"elementor-element elementor-element-1808adf e-con-full e-flex e-con e-child\" data-id=\"1808adf\" data-element_type=\"container\" data-e-type=\"container\" data-settings=\"{&quot;background_background&quot;:&quot;classic&quot;}\">\n\t\t\t\t<div class=\"elementor-element elementor-element-dc3f461 elementor-widget elementor-widget-heading\" data-id=\"dc3f461\" data-element_type=\"widget\" data-e-type=\"widget\" data-widget_type=\"heading.default\">\n\t\t\t\t<div class=\"elementor-widget-container\">\n\t\t\t\t\t<h3 class=\"elementor-heading-title elementor-size-default\">Taxes \u00e0 l'importation<\/h3>\t\t\t\t<\/div>\n\t\t\t\t<\/div>\n\t\t\t\t<div class=\"elementor-element elementor-element-ae4312d elementor-align-center elementor-mobile-align-center elementor-widget elementor-widget-button\" data-id=\"ae4312d\" data-element_type=\"widget\" data-e-type=\"widget\" data-widget_type=\"button.default\">\n\t\t\t\t<div class=\"elementor-widget-container\">\n\t\t\t\t\t\t\t\t\t<div class=\"elementor-button-wrapper\">\n\t\t\t\t\t<a class=\"elementor-button elementor-button-link elementor-size-sm elementor-animation-grow\" href=\"https:\/\/ish-shalom.co.il\/fr\/taxes-a-limportation\/\">\n\t\t\t\t\t\t<span class=\"elementor-button-content-wrapper\">\n\t\t\t\t\t\t<span class=\"elementor-button-icon\">\n\t\t\t\t<svg xmlns=\"http:\/\/www.w3.org\/2000\/svg\" width=\"24\" height=\"17\" viewBox=\"0 0 24 17\" fill=\"none\"><path d=\"M8.29845 1.49731L1.52869 8.26708L8.29845 15.0368\" stroke=\"white\" stroke-width=\"2\" stroke-linecap=\"round\"><\/path><path d=\"M1.52869 8.26707H22.125\" stroke=\"white\" stroke-width=\"2\" stroke-linecap=\"round\"><\/path><\/svg>\t\t\t<\/span>\n\t\t\t\t\t\t\t\t\t<span class=\"elementor-button-text\">pour plus de d\u00e9tails<\/span>\n\t\t\t\t\t<\/span>\n\t\t\t\t\t<\/a>\n\t\t\t\t<\/div>\n\t\t\t\t\t\t\t\t<\/div>\n\t\t\t\t<\/div>\n\t\t\t\t<\/div>\n\t\t\t\t\t<\/div>\n\t\t\t\t<\/div>\n\t\t\t\t<\/div>\n\t\t\t\t<\/div>\n\t\t","protected":false},"excerpt":{"rendered":"<p>Imp\u00f4ts \u2022 col blanc \u2022 Droit des soci\u00e9t\u00e9s \u2022 Procuration durable \u2022 M\u00e9diation et arbitrage \u2022 T.V.A. pour plus de d\u00e9tails Imp\u00f4t sur le revenu pour plus de d\u00e9tails Taxes \u00e0 l&rsquo;importation pour plus de d\u00e9tails<\/p>\n","protected":false},"author":1,"featured_media":0,"parent":0,"menu_order":0,"comment_status":"closed","ping_status":"closed","template":"elementor_header_footer","meta":{"footnotes":""},"class_list":["post-2789","page","type-page","status-publish","hentry"],"yoast_head":"<!-- This site is optimized with the Yoast SEO plugin v27.1.1 - https:\/\/yoast.com\/product\/yoast-seo-wordpress\/ -->\n<title>Lois fiscales - \u05d9\u05e0\u05d9\u05d1 \u05d0\u05d9\u05e9 \u05e9\u05dc\u05d5\u05dd \u05de\u05e9\u05e8\u05d3 \u05e2\u05d5\u05e8\u05db\u05d9 \u05d3\u05d9\u05df<\/title>\n<meta name=\"description\" content=\"Avocat Yaniv Ish Shalom, cabinet d&#039;avocats s&#039;occupe de divers domaines du droit fiscal : TVA, imp\u00f4t sur le revenu et taxes \u00e0 l&#039;importation\" \/>\n<meta name=\"robots\" content=\"index, follow, max-snippet:-1, max-image-preview:large, max-video-preview:-1\" \/>\n<link rel=\"canonical\" href=\"https:\/\/ish-shalom.co.il\/fr\/lois-fiscales\/\" \/>\n<meta property=\"og:locale\" content=\"fr_FR\" \/>\n<meta property=\"og:type\" content=\"article\" \/>\n<meta property=\"og:title\" content=\"Lois fiscales - \u05d9\u05e0\u05d9\u05d1 \u05d0\u05d9\u05e9 \u05e9\u05dc\u05d5\u05dd \u05de\u05e9\u05e8\u05d3 \u05e2\u05d5\u05e8\u05db\u05d9 \u05d3\u05d9\u05df\" \/>\n<meta property=\"og:description\" content=\"Avocat Yaniv Ish Shalom, cabinet d&#039;avocats s&#039;occupe de divers domaines du droit fiscal : TVA, imp\u00f4t sur le revenu et taxes \u00e0 l&#039;importation\" \/>\n<meta property=\"og:url\" content=\"https:\/\/ish-shalom.co.il\/fr\/lois-fiscales\/\" \/>\n<meta property=\"og:site_name\" content=\"\u05d9\u05e0\u05d9\u05d1 \u05d0\u05d9\u05e9 \u05e9\u05dc\u05d5\u05dd \u05de\u05e9\u05e8\u05d3 \u05e2\u05d5\u05e8\u05db\u05d9 \u05d3\u05d9\u05df\" \/>\n<meta property=\"article:modified_time\" content=\"2025-02-05T20:11:02+00:00\" \/>\n<meta name=\"twitter:card\" content=\"summary_large_image\" \/>\n<meta name=\"twitter:label1\" content=\"Dur\u00e9e de lecture estim\u00e9e\" \/>\n\t<meta name=\"twitter:data1\" content=\"1 minute\" \/>\n<script type=\"application\/ld+json\" class=\"yoast-schema-graph\">{\"@context\":\"https:\/\/schema.org\",\"@graph\":[{\"@type\":\"WebPage\",\"@id\":\"https:\/\/ish-shalom.co.il\/fr\/lois-fiscales\/\",\"url\":\"https:\/\/ish-shalom.co.il\/fr\/lois-fiscales\/\",\"name\":\"Lois fiscales - \u05d9\u05e0\u05d9\u05d1 \u05d0\u05d9\u05e9 \u05e9\u05dc\u05d5\u05dd \u05de\u05e9\u05e8\u05d3 \u05e2\u05d5\u05e8\u05db\u05d9 \u05d3\u05d9\u05df\",\"isPartOf\":{\"@id\":\"https:\/\/ish-shalom.co.il\/fr\/#website\"},\"datePublished\":\"2025-01-05T20:57:29+00:00\",\"dateModified\":\"2025-02-05T20:11:02+00:00\",\"description\":\"Avocat Yaniv Ish Shalom, cabinet d'avocats s'occupe de divers domaines du droit fiscal : TVA, imp\u00f4t sur le revenu et taxes \u00e0 l'importation\",\"breadcrumb\":{\"@id\":\"https:\/\/ish-shalom.co.il\/fr\/lois-fiscales\/#breadcrumb\"},\"inLanguage\":\"fr-FR\",\"potentialAction\":[{\"@type\":\"ReadAction\",\"target\":[\"https:\/\/ish-shalom.co.il\/fr\/lois-fiscales\/\"]}]},{\"@type\":\"BreadcrumbList\",\"@id\":\"https:\/\/ish-shalom.co.il\/fr\/lois-fiscales\/#breadcrumb\",\"itemListElement\":[{\"@type\":\"ListItem\",\"position\":1,\"name\":\"\u05d3\u05e3 \u05d4\u05d1\u05d9\u05ea\",\"item\":\"https:\/\/ish-shalom.co.il\/fr\/\"},{\"@type\":\"ListItem\",\"position\":2,\"name\":\"Lois fiscales\"}]},{\"@type\":\"WebSite\",\"@id\":\"https:\/\/ish-shalom.co.il\/fr\/#website\",\"url\":\"https:\/\/ish-shalom.co.il\/fr\/\",\"name\":\"\u05d9\u05e0\u05d9\u05d1 \u05d0\u05d9\u05e9 \u05e9\u05dc\u05d5\u05dd \u05de\u05e9\u05e8\u05d3 \u05e2\u05d5\u05e8\u05db\u05d9 \u05d3\u05d9\u05df\",\"description\":\"\",\"publisher\":{\"@id\":\"https:\/\/ish-shalom.co.il\/fr\/#organization\"},\"potentialAction\":[{\"@type\":\"SearchAction\",\"target\":{\"@type\":\"EntryPoint\",\"urlTemplate\":\"https:\/\/ish-shalom.co.il\/fr\/?s={search_term_string}\"},\"query-input\":{\"@type\":\"PropertyValueSpecification\",\"valueRequired\":true,\"valueName\":\"search_term_string\"}}],\"inLanguage\":\"fr-FR\"},{\"@type\":\"Organization\",\"@id\":\"https:\/\/ish-shalom.co.il\/fr\/#organization\",\"name\":\"\u05d9\u05e0\u05d9\u05d1 \u05d0\u05d9\u05e9 \u05e9\u05dc\u05d5\u05dd \u05de\u05e9\u05e8\u05d3 \u05e2\u05d5\u05e8\u05db\u05d9 \u05d3\u05d9\u05df\",\"url\":\"https:\/\/ish-shalom.co.il\/fr\/\",\"logo\":{\"@type\":\"ImageObject\",\"inLanguage\":\"fr-FR\",\"@id\":\"https:\/\/ish-shalom.co.il\/fr\/#\/schema\/logo\/image\/\",\"url\":\"https:\/\/ish-shalom.co.il\/wp-content\/uploads\/2024\/12\/logo-site.svg\",\"contentUrl\":\"https:\/\/ish-shalom.co.il\/wp-content\/uploads\/2024\/12\/logo-site.svg\",\"width\":293,\"height\":61,\"caption\":\"\u05d9\u05e0\u05d9\u05d1 \u05d0\u05d9\u05e9 \u05e9\u05dc\u05d5\u05dd \u05de\u05e9\u05e8\u05d3 \u05e2\u05d5\u05e8\u05db\u05d9 \u05d3\u05d9\u05df\"},\"image\":{\"@id\":\"https:\/\/ish-shalom.co.il\/fr\/#\/schema\/logo\/image\/\"}}]}<\/script>\n<!-- \/ Yoast SEO plugin. -->","yoast_head_json":{"title":"Lois fiscales - \u05d9\u05e0\u05d9\u05d1 \u05d0\u05d9\u05e9 \u05e9\u05dc\u05d5\u05dd \u05de\u05e9\u05e8\u05d3 \u05e2\u05d5\u05e8\u05db\u05d9 \u05d3\u05d9\u05df","description":"Avocat Yaniv Ish Shalom, cabinet d'avocats s'occupe de divers domaines du droit fiscal : TVA, imp\u00f4t sur le revenu et taxes \u00e0 l'importation","robots":{"index":"index","follow":"follow","max-snippet":"max-snippet:-1","max-image-preview":"max-image-preview:large","max-video-preview":"max-video-preview:-1"},"canonical":"https:\/\/ish-shalom.co.il\/fr\/lois-fiscales\/","og_locale":"fr_FR","og_type":"article","og_title":"Lois fiscales - \u05d9\u05e0\u05d9\u05d1 \u05d0\u05d9\u05e9 \u05e9\u05dc\u05d5\u05dd \u05de\u05e9\u05e8\u05d3 \u05e2\u05d5\u05e8\u05db\u05d9 \u05d3\u05d9\u05df","og_description":"Avocat Yaniv Ish Shalom, cabinet d'avocats s'occupe de divers domaines du droit fiscal : TVA, imp\u00f4t sur le revenu et taxes \u00e0 l'importation","og_url":"https:\/\/ish-shalom.co.il\/fr\/lois-fiscales\/","og_site_name":"\u05d9\u05e0\u05d9\u05d1 \u05d0\u05d9\u05e9 \u05e9\u05dc\u05d5\u05dd \u05de\u05e9\u05e8\u05d3 \u05e2\u05d5\u05e8\u05db\u05d9 \u05d3\u05d9\u05df","article_modified_time":"2025-02-05T20:11:02+00:00","twitter_card":"summary_large_image","twitter_misc":{"Dur\u00e9e de lecture estim\u00e9e":"1 minute"},"schema":{"@context":"https:\/\/schema.org","@graph":[{"@type":"WebPage","@id":"https:\/\/ish-shalom.co.il\/fr\/lois-fiscales\/","url":"https:\/\/ish-shalom.co.il\/fr\/lois-fiscales\/","name":"Lois fiscales - \u05d9\u05e0\u05d9\u05d1 \u05d0\u05d9\u05e9 \u05e9\u05dc\u05d5\u05dd \u05de\u05e9\u05e8\u05d3 \u05e2\u05d5\u05e8\u05db\u05d9 \u05d3\u05d9\u05df","isPartOf":{"@id":"https:\/\/ish-shalom.co.il\/fr\/#website"},"datePublished":"2025-01-05T20:57:29+00:00","dateModified":"2025-02-05T20:11:02+00:00","description":"Avocat Yaniv Ish Shalom, cabinet d'avocats s'occupe de divers domaines du droit fiscal : TVA, imp\u00f4t sur le revenu et taxes \u00e0 l'importation","breadcrumb":{"@id":"https:\/\/ish-shalom.co.il\/fr\/lois-fiscales\/#breadcrumb"},"inLanguage":"fr-FR","potentialAction":[{"@type":"ReadAction","target":["https:\/\/ish-shalom.co.il\/fr\/lois-fiscales\/"]}]},{"@type":"BreadcrumbList","@id":"https:\/\/ish-shalom.co.il\/fr\/lois-fiscales\/#breadcrumb","itemListElement":[{"@type":"ListItem","position":1,"name":"\u05d3\u05e3 \u05d4\u05d1\u05d9\u05ea","item":"https:\/\/ish-shalom.co.il\/fr\/"},{"@type":"ListItem","position":2,"name":"Lois fiscales"}]},{"@type":"WebSite","@id":"https:\/\/ish-shalom.co.il\/fr\/#website","url":"https:\/\/ish-shalom.co.il\/fr\/","name":"\u05d9\u05e0\u05d9\u05d1 \u05d0\u05d9\u05e9 \u05e9\u05dc\u05d5\u05dd \u05de\u05e9\u05e8\u05d3 \u05e2\u05d5\u05e8\u05db\u05d9 \u05d3\u05d9\u05df","description":"","publisher":{"@id":"https:\/\/ish-shalom.co.il\/fr\/#organization"},"potentialAction":[{"@type":"SearchAction","target":{"@type":"EntryPoint","urlTemplate":"https:\/\/ish-shalom.co.il\/fr\/?s={search_term_string}"},"query-input":{"@type":"PropertyValueSpecification","valueRequired":true,"valueName":"search_term_string"}}],"inLanguage":"fr-FR"},{"@type":"Organization","@id":"https:\/\/ish-shalom.co.il\/fr\/#organization","name":"\u05d9\u05e0\u05d9\u05d1 \u05d0\u05d9\u05e9 \u05e9\u05dc\u05d5\u05dd \u05de\u05e9\u05e8\u05d3 \u05e2\u05d5\u05e8\u05db\u05d9 \u05d3\u05d9\u05df","url":"https:\/\/ish-shalom.co.il\/fr\/","logo":{"@type":"ImageObject","inLanguage":"fr-FR","@id":"https:\/\/ish-shalom.co.il\/fr\/#\/schema\/logo\/image\/","url":"https:\/\/ish-shalom.co.il\/wp-content\/uploads\/2024\/12\/logo-site.svg","contentUrl":"https:\/\/ish-shalom.co.il\/wp-content\/uploads\/2024\/12\/logo-site.svg","width":293,"height":61,"caption":"\u05d9\u05e0\u05d9\u05d1 \u05d0\u05d9\u05e9 \u05e9\u05dc\u05d5\u05dd \u05de\u05e9\u05e8\u05d3 \u05e2\u05d5\u05e8\u05db\u05d9 \u05d3\u05d9\u05df"},"image":{"@id":"https:\/\/ish-shalom.co.il\/fr\/#\/schema\/logo\/image\/"}}]}},"_links":{"self":[{"href":"https:\/\/ish-shalom.co.il\/fr\/wp-json\/wp\/v2\/pages\/2789","targetHints":{"allow":["GET"]}}],"collection":[{"href":"https:\/\/ish-shalom.co.il\/fr\/wp-json\/wp\/v2\/pages"}],"about":[{"href":"https:\/\/ish-shalom.co.il\/fr\/wp-json\/wp\/v2\/types\/page"}],"author":[{"embeddable":true,"href":"https:\/\/ish-shalom.co.il\/fr\/wp-json\/wp\/v2\/users\/1"}],"replies":[{"embeddable":true,"href":"https:\/\/ish-shalom.co.il\/fr\/wp-json\/wp\/v2\/comments?post=2789"}],"version-history":[{"count":16,"href":"https:\/\/ish-shalom.co.il\/fr\/wp-json\/wp\/v2\/pages\/2789\/revisions"}],"predecessor-version":[{"id":6794,"href":"https:\/\/ish-shalom.co.il\/fr\/wp-json\/wp\/v2\/pages\/2789\/revisions\/6794"}],"wp:attachment":[{"href":"https:\/\/ish-shalom.co.il\/fr\/wp-json\/wp\/v2\/media?parent=2789"}],"curies":[{"name":"wp","href":"https:\/\/api.w.org\/{rel}","templated":true}]}}