{"id":2797,"date":"2025-01-03T13:14:04","date_gmt":"2025-01-03T11:14:04","guid":{"rendered":"https:\/\/ish-shalom.co.il\/droit-des-societes\/"},"modified":"2025-02-03T15:36:54","modified_gmt":"2025-02-03T13:36:54","slug":"droit-des-societes","status":"publish","type":"page","link":"https:\/\/ish-shalom.co.il\/fr\/droit-des-societes\/","title":{"rendered":"Droit des soci\u00e9t\u00e9s"},"content":{"rendered":"\t\t<div data-elementor-type=\"wp-page\" data-elementor-id=\"2797\" class=\"elementor elementor-2797 elementor-1247\" data-elementor-post-type=\"page\">\n\t\t\t\t<div class=\"elementor-element elementor-element-d452d40 e-con-full e-flex e-con e-parent\" data-id=\"d452d40\" data-element_type=\"container\" data-e-type=\"container\" data-settings=\"{&quot;background_background&quot;:&quot;classic&quot;}\">\n\t\t\t\t<\/div>\n\t\t<div class=\"elementor-element elementor-element-0ca083c e-con-full e-flex e-con e-parent\" data-id=\"0ca083c\" data-element_type=\"container\" data-e-type=\"container\" data-settings=\"{&quot;background_background&quot;:&quot;classic&quot;}\">\n\t\t\t\t<div class=\"elementor-element elementor-element-61a133f elementor-testimonial--skin-default elementor-testimonial--layout-image_inline elementor-testimonial--align-center elementor-widget elementor-widget-testimonial-carousel\" data-id=\"61a133f\" data-element_type=\"widget\" data-e-type=\"widget\" data-settings=\"{&quot;slides_per_view&quot;:&quot;6&quot;,&quot;speed&quot;:15000,&quot;autoplay_speed&quot;:0,&quot;slides_per_view_mobile&quot;:&quot;3&quot;,&quot;space_between_mobile&quot;:{&quot;unit&quot;:&quot;px&quot;,&quot;size&quot;:0,&quot;sizes&quot;:[]},&quot;space_between&quot;:{&quot;unit&quot;:&quot;px&quot;,&quot;size&quot;:0,&quot;sizes&quot;:[]},&quot;slides_per_view_tablet_extra&quot;:&quot;6&quot;,&quot;autoplay&quot;:&quot;yes&quot;,&quot;loop&quot;:&quot;yes&quot;,&quot;space_between_tablet_extra&quot;:{&quot;unit&quot;:&quot;px&quot;,&quot;size&quot;:10,&quot;sizes&quot;:[]},&quot;space_between_tablet&quot;:{&quot;unit&quot;:&quot;px&quot;,&quot;size&quot;:10,&quot;sizes&quot;:[]}}\" data-widget_type=\"testimonial-carousel.default\">\n\t\t\t\t<div class=\"elementor-widget-container\">\n\t\t\t\t\t\t\t\t\t<div class=\"elementor-swiper\">\n\t\t\t\t\t<div class=\"elementor-main-swiper swiper\" role=\"region\" aria-roledescription=\"carousel\" aria-label=\"\u05e1\u05dc\u05d9\u05d9\u05d3\u05d9\u05dd\">\n\t\t\t\t<div class=\"swiper-wrapper\">\n\t\t\t\t\t\t\t\t\t\t\t<div class=\"swiper-slide\" role=\"group\" aria-roledescription=\"slide\">\n\t\t\t\t\t\t\t\t\t<div class=\"elementor-testimonial\">\n\t\t\t\t\t\t\t<div class=\"elementor-testimonial__content\">\n\t\t\t\t\t<div class=\"elementor-testimonial__text\">\n\t\t\t\t\t\t<p>Imp\u00f4ts \u2022 <\/p>\n\t\t\t\t\t<\/div>\n\t\t\t\t\t\t\t\t\t<\/div>\n\t\t\t\t\t\t<div class=\"elementor-testimonial__footer\">\n\t\t\t\t\t\t\t\t\t\t\t<\/div>\n\t\t<\/div>\n\t\t\t\t\t\t\t\t<\/div>\n\t\t\t\t\t\t\t\t\t\t\t<div class=\"swiper-slide\" role=\"group\" aria-roledescription=\"slide\">\n\t\t\t\t\t\t\t\t\t<div class=\"elementor-testimonial\">\n\t\t\t\t\t\t\t<div class=\"elementor-testimonial__content\">\n\t\t\t\t\t<div class=\"elementor-testimonial__text\">\n\t\t\t\t\t\t<p>col blanc \u2022 <\/p>\n\t\t\t\t\t<\/div>\n\t\t\t\t\t\t\t\t\t<\/div>\n\t\t\t\t\t\t<div class=\"elementor-testimonial__footer\">\n\t\t\t\t\t\t\t\t\t\t\t<\/div>\n\t\t<\/div>\n\t\t\t\t\t\t\t\t<\/div>\n\t\t\t\t\t\t\t\t\t\t\t<div class=\"swiper-slide\" role=\"group\" aria-roledescription=\"slide\">\n\t\t\t\t\t\t\t\t\t<div class=\"elementor-testimonial\">\n\t\t\t\t\t\t\t<div class=\"elementor-testimonial__content\">\n\t\t\t\t\t<div class=\"elementor-testimonial__text\">\n\t\t\t\t\t\t<p> Droit des soci\u00e9t\u00e9s \u2022 <\/p>\n\t\t\t\t\t<\/div>\n\t\t\t\t\t\t\t\t\t<\/div>\n\t\t\t\t\t\t<div class=\"elementor-testimonial__footer\">\n\t\t\t\t\t\t\t\t\t\t\t<\/div>\n\t\t<\/div>\n\t\t\t\t\t\t\t\t<\/div>\n\t\t\t\t\t\t\t\t\t\t\t<div class=\"swiper-slide\" role=\"group\" aria-roledescription=\"slide\">\n\t\t\t\t\t\t\t\t\t<div class=\"elementor-testimonial\">\n\t\t\t\t\t\t\t<div class=\"elementor-testimonial__content\">\n\t\t\t\t\t<div class=\"elementor-testimonial__text\">\n\t\t\t\t\t\t<p>Procuration durable \u2022 <\/p>\n\t\t\t\t\t<\/div>\n\t\t\t\t\t\t\t\t\t<\/div>\n\t\t\t\t\t\t<div class=\"elementor-testimonial__footer\">\n\t\t\t\t\t\t\t\t\t\t\t<\/div>\n\t\t<\/div>\n\t\t\t\t\t\t\t\t<\/div>\n\t\t\t\t\t\t\t\t\t\t\t<div class=\"swiper-slide\" role=\"group\" aria-roledescription=\"slide\">\n\t\t\t\t\t\t\t\t\t<div class=\"elementor-testimonial\">\n\t\t\t\t\t\t\t<div class=\"elementor-testimonial__content\">\n\t\t\t\t\t<div class=\"elementor-testimonial__text\">\n\t\t\t\t\t\t<p>M\u00e9diation et arbitrage \u2022<\/p>\n\t\t\t\t\t<\/div>\n\t\t\t\t\t\t\t\t\t<\/div>\n\t\t\t\t\t\t<div class=\"elementor-testimonial__footer\">\n\t\t\t\t\t\t\t\t\t\t\t<\/div>\n\t\t<\/div>\n\t\t\t\t\t\t\t\t<\/div>\n\t\t\t\t\t\t\t\t\t<\/div>\n\t\t\t\t\t\t\t\t\t\t\t\t\t\t\t\t\t\t\t\t\t<\/div>\n\t\t\t\t<\/div>\n\t\t\t\t\t\t\t\t<\/div>\n\t\t\t\t<\/div>\n\t\t\t\t<\/div>\n\t\t<div class=\"elementor-element elementor-element-03013b0 e-con-full e-flex e-con e-parent\" data-id=\"03013b0\" data-element_type=\"container\" data-e-type=\"container\" data-settings=\"{&quot;background_background&quot;:&quot;classic&quot;}\">\n\t\t<div class=\"elementor-element elementor-element-f370962 e-con-full e-flex elementor-invisible e-con e-child\" data-id=\"f370962\" data-element_type=\"container\" data-e-type=\"container\" data-settings=\"{&quot;animation&quot;:&quot;fadeInUp&quot;}\">\n\t\t\t\t<div class=\"elementor-element elementor-element-3ed8084 elementor-widget elementor-widget-breadcrumbs\" data-id=\"3ed8084\" data-element_type=\"widget\" data-e-type=\"widget\" data-widget_type=\"breadcrumbs.default\">\n\t\t\t\t<div class=\"elementor-widget-container\">\n\t\t\t\t\t<p id=\"breadcrumbs\"><span><span><a href=\"https:\/\/ish-shalom.co.il\/fr\/\">\u05d3\u05e3 \u05d4\u05d1\u05d9\u05ea<\/a><\/span><\/span><\/p>\t\t\t\t<\/div>\n\t\t\t\t<\/div>\n\t\t\t\t<div class=\"elementor-element elementor-element-6acd1b3 elementor-widget elementor-widget-text-editor\" data-id=\"6acd1b3\" data-element_type=\"widget\" data-e-type=\"widget\" data-widget_type=\"text-editor.default\">\n\t\t\t\t<div class=\"elementor-widget-container\">\n\t\t\t\t\t\t\t\t\t<p>Le cabinet d&rsquo;avocats Ish-Shalom poss\u00e8de l&rsquo;exp\u00e9rience et la compr\u00e9hension de la r\u00e9alit\u00e9 commerciale dans laquelle une entreprise op\u00e8re en Isra\u00ebl, qu&rsquo;il s&rsquo;agisse d&rsquo;une entreprise individuelle, d&rsquo;une entreprise familiale ou d&rsquo;une soci\u00e9t\u00e9 publique. Le cabinet fournit des conseils juridiques aux clients isra\u00e9liens dans leurs op\u00e9rations quotidiennes dans le domaine du droit des soci\u00e9t\u00e9s et du droit des soci\u00e9t\u00e9s. A cet \u00e9gard, notre cabinet repr\u00e9sente des soci\u00e9t\u00e9s, des actionnaires, des dirigeants et des administrateurs et les conseille sur toutes les questions li\u00e9es \u00e0 la responsabilit\u00e9 des mandataires sociaux en mati\u00e8re de gouvernement d&rsquo;entreprise et de relations entre actionnaires.<\/p>\n<p>L&rsquo;avocat Ish-Shalom a une formation dans le domaine de l&rsquo;audit interne (CIA) et une ma\u00eetrise (LL.M) en droit (droit commercial) de l&rsquo;Universit\u00e9 Bar Ilan.<\/p>\n<p>Dans le cadre de l&rsquo;assistance juridique aux soci\u00e9t\u00e9s et soci\u00e9t\u00e9s, le cabinet s&rsquo;occupe \u00e9galement des diff\u00e9rents aspects des transactions n\u00e9cessitant des autorisations sp\u00e9ciales, des transactions avec les parties int\u00e9ress\u00e9es, des conseils aux dirigeants et aux organes sociaux de la soci\u00e9t\u00e9 (tels que le directoire et les actionnaires, les assembl\u00e9es et rapports requis pour les autorit\u00e9s, etc.).<\/p>\n<p>Les services juridiques fournis par le cabinet dans le domaine du droit des soci\u00e9t\u00e9s et du droit des soci\u00e9t\u00e9s comprennent, entre autres :<\/p>\n<ul>\n<li>Conseils juridiques et soutien \u00e0 la cr\u00e9ation d&rsquo;entreprises et de soci\u00e9t\u00e9s, y compris de partenariats et d&rsquo;associations.<\/li>\n<li>Conseil juridique et accompagnement dans les d\u00e9marches d&rsquo;achat de soci\u00e9t\u00e9s, d&rsquo;achat d&rsquo;actions, de rachat d&rsquo;activit\u00e9s de soci\u00e9t\u00e9s et de transactions entre actionnaires.<\/li>\n<li>Conseils juridiques et soutien pour remplir les exigences de d\u00e9claration au registraire des soci\u00e9t\u00e9s.<\/li>\n<\/ul>\n<p><strong>Notre bureau estime qu&rsquo;il est tr\u00e8s important de maintenir la continuit\u00e9 des activit\u00e9s de l&rsquo;entreprise m\u00eame lors de litiges judiciaires contre des tiers, ainsi que dans les litiges entre les propri\u00e9taires majoritaires de l&rsquo;entreprise qui sont dans une impasse et cherchent \u00e0 exercer leur droit.<\/strong><\/p>\n<p>Vous \u00eates invit\u00e9s \u00e0 contacter notre bureau pour plus de d\u00e9tails<\/p>\n\t\t\t\t\t\t\t\t<\/div>\n\t\t\t\t<\/div>\n\t\t\t\t<\/div>\n\t\t<div class=\"elementor-element elementor-element-2eabdf6 e-con-full e-flex elementor-invisible e-con e-child\" data-id=\"2eabdf6\" data-element_type=\"container\" data-e-type=\"container\" data-settings=\"{&quot;animation&quot;:&quot;fadeInUp&quot;}\">\n\t\t\t\t<div class=\"elementor-element elementor-element-a30755c elementor-widget__width-initial elementor-widget elementor-widget-image\" data-id=\"a30755c\" data-element_type=\"widget\" data-e-type=\"widget\" data-widget_type=\"image.default\">\n\t\t\t\t<div class=\"elementor-widget-container\">\n\t\t\t\t\t\t\t\t\t\t\t\t\t\t\t<img fetchpriority=\"high\" decoding=\"async\" width=\"600\" height=\"500\" src=\"https:\/\/ish-shalom.co.il\/wp-content\/uploads\/2025\/01\/\u05d3\u05d9\u05e0\u05d9-\u05d7\u05d1\u05e8\u05d5\u05ea-\u05e7\u05d8\u05d2\u05d8\u05e8\u05d9\u05d5\u05ea-600-500.jpg\" class=\"attachment-full size-full wp-image-2264\" alt=\"\u05de\u05e9\u05e4\u05d8 \u05de\u05e1\u05d7\u05e8\u05d9\" srcset=\"https:\/\/ish-shalom.co.il\/wp-content\/uploads\/2025\/01\/\u05d3\u05d9\u05e0\u05d9-\u05d7\u05d1\u05e8\u05d5\u05ea-\u05e7\u05d8\u05d2\u05d8\u05e8\u05d9\u05d5\u05ea-600-500.jpg 600w, https:\/\/ish-shalom.co.il\/wp-content\/uploads\/2025\/01\/\u05d3\u05d9\u05e0\u05d9-\u05d7\u05d1\u05e8\u05d5\u05ea-\u05e7\u05d8\u05d2\u05d8\u05e8\u05d9\u05d5\u05ea-600-500-300x250.jpg 300w\" sizes=\"(max-width: 600px) 100vw, 600px\" \/>\t\t\t\t\t\t\t\t\t\t\t\t\t\t\t<\/div>\n\t\t\t\t<\/div>\n\t\t\t\t<\/div>\n\t\t\t\t<\/div>\n\t\t\t\t<\/div>\n\t\t","protected":false},"excerpt":{"rendered":"<p>Imp\u00f4ts \u2022 col blanc \u2022 Droit des soci\u00e9t\u00e9s \u2022 Procuration durable \u2022 M\u00e9diation et arbitrage \u2022 Le cabinet d&rsquo;avocats Ish-Shalom poss\u00e8de l&rsquo;exp\u00e9rience et la compr\u00e9hension de la r\u00e9alit\u00e9 commerciale dans laquelle une entreprise op\u00e8re en Isra\u00ebl, qu&rsquo;il s&rsquo;agisse d&rsquo;une entreprise individuelle, d&rsquo;une entreprise familiale ou d&rsquo;une soci\u00e9t\u00e9 publique. Le cabinet fournit des conseils juridiques aux [&hellip;]<\/p>\n","protected":false},"author":1,"featured_media":0,"parent":0,"menu_order":0,"comment_status":"closed","ping_status":"closed","template":"elementor_header_footer","meta":{"footnotes":""},"class_list":["post-2797","page","type-page","status-publish","hentry"],"yoast_head":"<!-- This site is optimized with the Yoast SEO plugin v27.1.1 - https:\/\/yoast.com\/product\/yoast-seo-wordpress\/ -->\n<title>Droit des soci\u00e9t\u00e9s - \u05d9\u05e0\u05d9\u05d1 \u05d0\u05d9\u05e9 \u05e9\u05dc\u05d5\u05dd \u05de\u05e9\u05e8\u05d3 \u05e2\u05d5\u05e8\u05db\u05d9 \u05d3\u05d9\u05df<\/title>\n<meta name=\"description\" content=\"L&#039;avocat Yani Ish Shalom et son cabinet fournissent des services juridiques dans le domaine du droit des soci\u00e9t\u00e9s et du droit des soci\u00e9t\u00e9s et comprennent, entre autres : des conseils juridiques et un accompagnement dans la cr\u00e9ation d&#039;entreprises et de soci\u00e9t\u00e9s, y compris de partenariats et d&#039;associations. Conseil juridique et accompagnement dans les d\u00e9marches d&#039;achat de soci\u00e9t\u00e9s, d&#039;achat d&#039;actions, de rachat d&#039;activit\u00e9s de soci\u00e9t\u00e9s et de transactions entre actionnaires. Conseils juridiques et soutien pour remplir les exigences de d\u00e9claration au registraire des soci\u00e9t\u00e9s.\" \/>\n<meta name=\"robots\" content=\"index, follow, max-snippet:-1, max-image-preview:large, max-video-preview:-1\" \/>\n<link rel=\"canonical\" href=\"https:\/\/ish-shalom.co.il\/fr\/droit-des-societes\/\" \/>\n<meta property=\"og:locale\" content=\"fr_FR\" \/>\n<meta property=\"og:type\" content=\"article\" \/>\n<meta property=\"og:title\" content=\"Droit des soci\u00e9t\u00e9s - \u05d9\u05e0\u05d9\u05d1 \u05d0\u05d9\u05e9 \u05e9\u05dc\u05d5\u05dd \u05de\u05e9\u05e8\u05d3 \u05e2\u05d5\u05e8\u05db\u05d9 \u05d3\u05d9\u05df\" \/>\n<meta property=\"og:description\" content=\"L&#039;avocat Yani Ish Shalom et son cabinet fournissent des services juridiques dans le domaine du droit des soci\u00e9t\u00e9s et du droit des soci\u00e9t\u00e9s et comprennent, entre autres : des conseils juridiques et un accompagnement dans la cr\u00e9ation d&#039;entreprises et de soci\u00e9t\u00e9s, y compris de partenariats et d&#039;associations. Conseil juridique et accompagnement dans les d\u00e9marches d&#039;achat de soci\u00e9t\u00e9s, d&#039;achat d&#039;actions, de rachat d&#039;activit\u00e9s de soci\u00e9t\u00e9s et de transactions entre actionnaires. Conseils juridiques et soutien pour remplir les exigences de d\u00e9claration au registraire des soci\u00e9t\u00e9s.\" \/>\n<meta property=\"og:url\" content=\"https:\/\/ish-shalom.co.il\/fr\/droit-des-societes\/\" \/>\n<meta property=\"og:site_name\" content=\"\u05d9\u05e0\u05d9\u05d1 \u05d0\u05d9\u05e9 \u05e9\u05dc\u05d5\u05dd \u05de\u05e9\u05e8\u05d3 \u05e2\u05d5\u05e8\u05db\u05d9 \u05d3\u05d9\u05df\" \/>\n<meta property=\"article:modified_time\" content=\"2025-02-03T13:36:54+00:00\" \/>\n<meta name=\"twitter:card\" content=\"summary_large_image\" \/>\n<meta name=\"twitter:label1\" content=\"Dur\u00e9e de lecture estim\u00e9e\" \/>\n\t<meta name=\"twitter:data1\" content=\"3 minutes\" \/>\n<script type=\"application\/ld+json\" class=\"yoast-schema-graph\">{\"@context\":\"https:\/\/schema.org\",\"@graph\":[{\"@type\":\"WebPage\",\"@id\":\"https:\/\/ish-shalom.co.il\/fr\/droit-des-societes\/\",\"url\":\"https:\/\/ish-shalom.co.il\/fr\/droit-des-societes\/\",\"name\":\"Droit des soci\u00e9t\u00e9s - \u05d9\u05e0\u05d9\u05d1 \u05d0\u05d9\u05e9 \u05e9\u05dc\u05d5\u05dd \u05de\u05e9\u05e8\u05d3 \u05e2\u05d5\u05e8\u05db\u05d9 \u05d3\u05d9\u05df\",\"isPartOf\":{\"@id\":\"https:\/\/ish-shalom.co.il\/fr\/#website\"},\"datePublished\":\"2025-01-03T11:14:04+00:00\",\"dateModified\":\"2025-02-03T13:36:54+00:00\",\"description\":\"L'avocat Yani Ish Shalom et son cabinet fournissent des services juridiques dans le domaine du droit des soci\u00e9t\u00e9s et du droit des soci\u00e9t\u00e9s et comprennent, entre autres : des conseils juridiques et un accompagnement dans la cr\u00e9ation d'entreprises et de soci\u00e9t\u00e9s, y compris de partenariats et d'associations. Conseil juridique et accompagnement dans les d\u00e9marches d'achat de soci\u00e9t\u00e9s, d'achat d'actions, de rachat d'activit\u00e9s de soci\u00e9t\u00e9s et de transactions entre actionnaires. Conseils juridiques et soutien pour remplir les exigences de d\u00e9claration au registraire des soci\u00e9t\u00e9s.\",\"breadcrumb\":{\"@id\":\"https:\/\/ish-shalom.co.il\/fr\/droit-des-societes\/#breadcrumb\"},\"inLanguage\":\"fr-FR\",\"potentialAction\":[{\"@type\":\"ReadAction\",\"target\":[\"https:\/\/ish-shalom.co.il\/fr\/droit-des-societes\/\"]}]},{\"@type\":\"BreadcrumbList\",\"@id\":\"https:\/\/ish-shalom.co.il\/fr\/droit-des-societes\/#breadcrumb\",\"itemListElement\":[{\"@type\":\"ListItem\",\"position\":1,\"name\":\"\u05d3\u05e3 \u05d4\u05d1\u05d9\u05ea\",\"item\":\"https:\/\/ish-shalom.co.il\/fr\/\"},{\"@type\":\"ListItem\",\"position\":2,\"name\":\"Droit des soci\u00e9t\u00e9s\"}]},{\"@type\":\"WebSite\",\"@id\":\"https:\/\/ish-shalom.co.il\/fr\/#website\",\"url\":\"https:\/\/ish-shalom.co.il\/fr\/\",\"name\":\"\u05d9\u05e0\u05d9\u05d1 \u05d0\u05d9\u05e9 \u05e9\u05dc\u05d5\u05dd \u05de\u05e9\u05e8\u05d3 \u05e2\u05d5\u05e8\u05db\u05d9 \u05d3\u05d9\u05df\",\"description\":\"\",\"publisher\":{\"@id\":\"https:\/\/ish-shalom.co.il\/fr\/#organization\"},\"potentialAction\":[{\"@type\":\"SearchAction\",\"target\":{\"@type\":\"EntryPoint\",\"urlTemplate\":\"https:\/\/ish-shalom.co.il\/fr\/?s={search_term_string}\"},\"query-input\":{\"@type\":\"PropertyValueSpecification\",\"valueRequired\":true,\"valueName\":\"search_term_string\"}}],\"inLanguage\":\"fr-FR\"},{\"@type\":\"Organization\",\"@id\":\"https:\/\/ish-shalom.co.il\/fr\/#organization\",\"name\":\"\u05d9\u05e0\u05d9\u05d1 \u05d0\u05d9\u05e9 \u05e9\u05dc\u05d5\u05dd \u05de\u05e9\u05e8\u05d3 \u05e2\u05d5\u05e8\u05db\u05d9 \u05d3\u05d9\u05df\",\"url\":\"https:\/\/ish-shalom.co.il\/fr\/\",\"logo\":{\"@type\":\"ImageObject\",\"inLanguage\":\"fr-FR\",\"@id\":\"https:\/\/ish-shalom.co.il\/fr\/#\/schema\/logo\/image\/\",\"url\":\"https:\/\/ish-shalom.co.il\/wp-content\/uploads\/2024\/12\/logo-site.svg\",\"contentUrl\":\"https:\/\/ish-shalom.co.il\/wp-content\/uploads\/2024\/12\/logo-site.svg\",\"width\":293,\"height\":61,\"caption\":\"\u05d9\u05e0\u05d9\u05d1 \u05d0\u05d9\u05e9 \u05e9\u05dc\u05d5\u05dd \u05de\u05e9\u05e8\u05d3 \u05e2\u05d5\u05e8\u05db\u05d9 \u05d3\u05d9\u05df\"},\"image\":{\"@id\":\"https:\/\/ish-shalom.co.il\/fr\/#\/schema\/logo\/image\/\"}}]}<\/script>\n<!-- \/ Yoast SEO plugin. -->","yoast_head_json":{"title":"Droit des soci\u00e9t\u00e9s - \u05d9\u05e0\u05d9\u05d1 \u05d0\u05d9\u05e9 \u05e9\u05dc\u05d5\u05dd \u05de\u05e9\u05e8\u05d3 \u05e2\u05d5\u05e8\u05db\u05d9 \u05d3\u05d9\u05df","description":"L'avocat Yani Ish Shalom et son cabinet fournissent des services juridiques dans le domaine du droit des soci\u00e9t\u00e9s et du droit des soci\u00e9t\u00e9s et comprennent, entre autres : des conseils juridiques et un accompagnement dans la cr\u00e9ation d'entreprises et de soci\u00e9t\u00e9s, y compris de partenariats et d'associations. Conseil juridique et accompagnement dans les d\u00e9marches d'achat de soci\u00e9t\u00e9s, d'achat d'actions, de rachat d'activit\u00e9s de soci\u00e9t\u00e9s et de transactions entre actionnaires. Conseils juridiques et soutien pour remplir les exigences de d\u00e9claration au registraire des soci\u00e9t\u00e9s.","robots":{"index":"index","follow":"follow","max-snippet":"max-snippet:-1","max-image-preview":"max-image-preview:large","max-video-preview":"max-video-preview:-1"},"canonical":"https:\/\/ish-shalom.co.il\/fr\/droit-des-societes\/","og_locale":"fr_FR","og_type":"article","og_title":"Droit des soci\u00e9t\u00e9s - \u05d9\u05e0\u05d9\u05d1 \u05d0\u05d9\u05e9 \u05e9\u05dc\u05d5\u05dd \u05de\u05e9\u05e8\u05d3 \u05e2\u05d5\u05e8\u05db\u05d9 \u05d3\u05d9\u05df","og_description":"L'avocat Yani Ish Shalom et son cabinet fournissent des services juridiques dans le domaine du droit des soci\u00e9t\u00e9s et du droit des soci\u00e9t\u00e9s et comprennent, entre autres : des conseils juridiques et un accompagnement dans la cr\u00e9ation d'entreprises et de soci\u00e9t\u00e9s, y compris de partenariats et d'associations. Conseil juridique et accompagnement dans les d\u00e9marches d'achat de soci\u00e9t\u00e9s, d'achat d'actions, de rachat d'activit\u00e9s de soci\u00e9t\u00e9s et de transactions entre actionnaires. Conseils juridiques et soutien pour remplir les exigences de d\u00e9claration au registraire des soci\u00e9t\u00e9s.","og_url":"https:\/\/ish-shalom.co.il\/fr\/droit-des-societes\/","og_site_name":"\u05d9\u05e0\u05d9\u05d1 \u05d0\u05d9\u05e9 \u05e9\u05dc\u05d5\u05dd \u05de\u05e9\u05e8\u05d3 \u05e2\u05d5\u05e8\u05db\u05d9 \u05d3\u05d9\u05df","article_modified_time":"2025-02-03T13:36:54+00:00","twitter_card":"summary_large_image","twitter_misc":{"Dur\u00e9e de lecture estim\u00e9e":"3 minutes"},"schema":{"@context":"https:\/\/schema.org","@graph":[{"@type":"WebPage","@id":"https:\/\/ish-shalom.co.il\/fr\/droit-des-societes\/","url":"https:\/\/ish-shalom.co.il\/fr\/droit-des-societes\/","name":"Droit des soci\u00e9t\u00e9s - \u05d9\u05e0\u05d9\u05d1 \u05d0\u05d9\u05e9 \u05e9\u05dc\u05d5\u05dd \u05de\u05e9\u05e8\u05d3 \u05e2\u05d5\u05e8\u05db\u05d9 \u05d3\u05d9\u05df","isPartOf":{"@id":"https:\/\/ish-shalom.co.il\/fr\/#website"},"datePublished":"2025-01-03T11:14:04+00:00","dateModified":"2025-02-03T13:36:54+00:00","description":"L'avocat Yani Ish Shalom et son cabinet fournissent des services juridiques dans le domaine du droit des soci\u00e9t\u00e9s et du droit des soci\u00e9t\u00e9s et comprennent, entre autres : des conseils juridiques et un accompagnement dans la cr\u00e9ation d'entreprises et de soci\u00e9t\u00e9s, y compris de partenariats et d'associations. Conseil juridique et accompagnement dans les d\u00e9marches d'achat de soci\u00e9t\u00e9s, d'achat d'actions, de rachat d'activit\u00e9s de soci\u00e9t\u00e9s et de transactions entre actionnaires. Conseils juridiques et soutien pour remplir les exigences de d\u00e9claration au registraire des soci\u00e9t\u00e9s.","breadcrumb":{"@id":"https:\/\/ish-shalom.co.il\/fr\/droit-des-societes\/#breadcrumb"},"inLanguage":"fr-FR","potentialAction":[{"@type":"ReadAction","target":["https:\/\/ish-shalom.co.il\/fr\/droit-des-societes\/"]}]},{"@type":"BreadcrumbList","@id":"https:\/\/ish-shalom.co.il\/fr\/droit-des-societes\/#breadcrumb","itemListElement":[{"@type":"ListItem","position":1,"name":"\u05d3\u05e3 \u05d4\u05d1\u05d9\u05ea","item":"https:\/\/ish-shalom.co.il\/fr\/"},{"@type":"ListItem","position":2,"name":"Droit des soci\u00e9t\u00e9s"}]},{"@type":"WebSite","@id":"https:\/\/ish-shalom.co.il\/fr\/#website","url":"https:\/\/ish-shalom.co.il\/fr\/","name":"\u05d9\u05e0\u05d9\u05d1 \u05d0\u05d9\u05e9 \u05e9\u05dc\u05d5\u05dd \u05de\u05e9\u05e8\u05d3 \u05e2\u05d5\u05e8\u05db\u05d9 \u05d3\u05d9\u05df","description":"","publisher":{"@id":"https:\/\/ish-shalom.co.il\/fr\/#organization"},"potentialAction":[{"@type":"SearchAction","target":{"@type":"EntryPoint","urlTemplate":"https:\/\/ish-shalom.co.il\/fr\/?s={search_term_string}"},"query-input":{"@type":"PropertyValueSpecification","valueRequired":true,"valueName":"search_term_string"}}],"inLanguage":"fr-FR"},{"@type":"Organization","@id":"https:\/\/ish-shalom.co.il\/fr\/#organization","name":"\u05d9\u05e0\u05d9\u05d1 \u05d0\u05d9\u05e9 \u05e9\u05dc\u05d5\u05dd \u05de\u05e9\u05e8\u05d3 \u05e2\u05d5\u05e8\u05db\u05d9 \u05d3\u05d9\u05df","url":"https:\/\/ish-shalom.co.il\/fr\/","logo":{"@type":"ImageObject","inLanguage":"fr-FR","@id":"https:\/\/ish-shalom.co.il\/fr\/#\/schema\/logo\/image\/","url":"https:\/\/ish-shalom.co.il\/wp-content\/uploads\/2024\/12\/logo-site.svg","contentUrl":"https:\/\/ish-shalom.co.il\/wp-content\/uploads\/2024\/12\/logo-site.svg","width":293,"height":61,"caption":"\u05d9\u05e0\u05d9\u05d1 \u05d0\u05d9\u05e9 \u05e9\u05dc\u05d5\u05dd \u05de\u05e9\u05e8\u05d3 \u05e2\u05d5\u05e8\u05db\u05d9 \u05d3\u05d9\u05df"},"image":{"@id":"https:\/\/ish-shalom.co.il\/fr\/#\/schema\/logo\/image\/"}}]}},"_links":{"self":[{"href":"https:\/\/ish-shalom.co.il\/fr\/wp-json\/wp\/v2\/pages\/2797","targetHints":{"allow":["GET"]}}],"collection":[{"href":"https:\/\/ish-shalom.co.il\/fr\/wp-json\/wp\/v2\/pages"}],"about":[{"href":"https:\/\/ish-shalom.co.il\/fr\/wp-json\/wp\/v2\/types\/page"}],"author":[{"embeddable":true,"href":"https:\/\/ish-shalom.co.il\/fr\/wp-json\/wp\/v2\/users\/1"}],"replies":[{"embeddable":true,"href":"https:\/\/ish-shalom.co.il\/fr\/wp-json\/wp\/v2\/comments?post=2797"}],"version-history":[{"count":13,"href":"https:\/\/ish-shalom.co.il\/fr\/wp-json\/wp\/v2\/pages\/2797\/revisions"}],"predecessor-version":[{"id":6169,"href":"https:\/\/ish-shalom.co.il\/fr\/wp-json\/wp\/v2\/pages\/2797\/revisions\/6169"}],"wp:attachment":[{"href":"https:\/\/ish-shalom.co.il\/fr\/wp-json\/wp\/v2\/media?parent=2797"}],"curies":[{"name":"wp","href":"https:\/\/api.w.org\/{rel}","templated":true}]}}