{"id":2805,"date":"2025-01-03T13:13:24","date_gmt":"2025-01-03T11:13:24","guid":{"rendered":"https:\/\/ish-shalom.co.il\/mediation\/"},"modified":"2025-01-27T14:43:38","modified_gmt":"2025-01-27T12:43:38","slug":"mediation","status":"publish","type":"page","link":"https:\/\/ish-shalom.co.il\/fr\/mediation\/","title":{"rendered":"M\u00e9diation"},"content":{"rendered":"\t\t<div data-elementor-type=\"wp-page\" data-elementor-id=\"2805\" class=\"elementor elementor-2805 elementor-1245\" data-elementor-post-type=\"page\">\n\t\t\t\t<div class=\"elementor-element elementor-element-ebd158b e-con-full e-flex e-con e-parent\" data-id=\"ebd158b\" data-element_type=\"container\" data-e-type=\"container\" data-settings=\"{&quot;background_background&quot;:&quot;classic&quot;}\">\n\t\t\t\t<\/div>\n\t\t<div class=\"elementor-element elementor-element-0e8cb24 e-con-full e-flex e-con e-parent\" data-id=\"0e8cb24\" data-element_type=\"container\" data-e-type=\"container\" data-settings=\"{&quot;background_background&quot;:&quot;classic&quot;}\">\n\t\t\t\t<div class=\"elementor-element elementor-element-4c08723 elementor-testimonial--skin-default elementor-testimonial--layout-image_inline elementor-testimonial--align-center elementor-widget elementor-widget-testimonial-carousel\" data-id=\"4c08723\" data-element_type=\"widget\" data-e-type=\"widget\" data-settings=\"{&quot;slides_per_view&quot;:&quot;6&quot;,&quot;speed&quot;:15000,&quot;autoplay_speed&quot;:0,&quot;slides_per_view_mobile&quot;:&quot;3&quot;,&quot;space_between_mobile&quot;:{&quot;unit&quot;:&quot;px&quot;,&quot;size&quot;:0,&quot;sizes&quot;:[]},&quot;space_between&quot;:{&quot;unit&quot;:&quot;px&quot;,&quot;size&quot;:0,&quot;sizes&quot;:[]},&quot;slides_per_view_tablet_extra&quot;:&quot;6&quot;,&quot;autoplay&quot;:&quot;yes&quot;,&quot;loop&quot;:&quot;yes&quot;,&quot;space_between_tablet_extra&quot;:{&quot;unit&quot;:&quot;px&quot;,&quot;size&quot;:10,&quot;sizes&quot;:[]},&quot;space_between_tablet&quot;:{&quot;unit&quot;:&quot;px&quot;,&quot;size&quot;:10,&quot;sizes&quot;:[]}}\" data-widget_type=\"testimonial-carousel.default\">\n\t\t\t\t<div class=\"elementor-widget-container\">\n\t\t\t\t\t\t\t\t\t<div class=\"elementor-swiper\">\n\t\t\t\t\t<div class=\"elementor-main-swiper swiper\" role=\"region\" aria-roledescription=\"carousel\" aria-label=\"\u05e1\u05dc\u05d9\u05d9\u05d3\u05d9\u05dd\">\n\t\t\t\t<div class=\"swiper-wrapper\">\n\t\t\t\t\t\t\t\t\t\t\t<div class=\"swiper-slide\" role=\"group\" aria-roledescription=\"slide\">\n\t\t\t\t\t\t\t\t\t<div class=\"elementor-testimonial\">\n\t\t\t\t\t\t\t<div class=\"elementor-testimonial__content\">\n\t\t\t\t\t<div class=\"elementor-testimonial__text\">\n\t\t\t\t\t\t<p>Imp\u00f4ts \u2022 <\/p>\n\t\t\t\t\t<\/div>\n\t\t\t\t\t\t\t\t\t<\/div>\n\t\t\t\t\t\t<div class=\"elementor-testimonial__footer\">\n\t\t\t\t\t\t\t\t\t\t\t<\/div>\n\t\t<\/div>\n\t\t\t\t\t\t\t\t<\/div>\n\t\t\t\t\t\t\t\t\t\t\t<div class=\"swiper-slide\" role=\"group\" aria-roledescription=\"slide\">\n\t\t\t\t\t\t\t\t\t<div class=\"elementor-testimonial\">\n\t\t\t\t\t\t\t<div class=\"elementor-testimonial__content\">\n\t\t\t\t\t<div class=\"elementor-testimonial__text\">\n\t\t\t\t\t\t<p>col blanc \u2022 <\/p>\n\t\t\t\t\t<\/div>\n\t\t\t\t\t\t\t\t\t<\/div>\n\t\t\t\t\t\t<div class=\"elementor-testimonial__footer\">\n\t\t\t\t\t\t\t\t\t\t\t<\/div>\n\t\t<\/div>\n\t\t\t\t\t\t\t\t<\/div>\n\t\t\t\t\t\t\t\t\t\t\t<div class=\"swiper-slide\" role=\"group\" aria-roledescription=\"slide\">\n\t\t\t\t\t\t\t\t\t<div class=\"elementor-testimonial\">\n\t\t\t\t\t\t\t<div class=\"elementor-testimonial__content\">\n\t\t\t\t\t<div class=\"elementor-testimonial__text\">\n\t\t\t\t\t\t<p> Droit des soci\u00e9t\u00e9s \u2022 <\/p>\n\t\t\t\t\t<\/div>\n\t\t\t\t\t\t\t\t\t<\/div>\n\t\t\t\t\t\t<div class=\"elementor-testimonial__footer\">\n\t\t\t\t\t\t\t\t\t\t\t<\/div>\n\t\t<\/div>\n\t\t\t\t\t\t\t\t<\/div>\n\t\t\t\t\t\t\t\t\t\t\t<div class=\"swiper-slide\" role=\"group\" aria-roledescription=\"slide\">\n\t\t\t\t\t\t\t\t\t<div class=\"elementor-testimonial\">\n\t\t\t\t\t\t\t<div class=\"elementor-testimonial__content\">\n\t\t\t\t\t<div class=\"elementor-testimonial__text\">\n\t\t\t\t\t\t<p>Procuration durable \u2022 <\/p>\n\t\t\t\t\t<\/div>\n\t\t\t\t\t\t\t\t\t<\/div>\n\t\t\t\t\t\t<div class=\"elementor-testimonial__footer\">\n\t\t\t\t\t\t\t\t\t\t\t<\/div>\n\t\t<\/div>\n\t\t\t\t\t\t\t\t<\/div>\n\t\t\t\t\t\t\t\t\t\t\t<div class=\"swiper-slide\" role=\"group\" aria-roledescription=\"slide\">\n\t\t\t\t\t\t\t\t\t<div class=\"elementor-testimonial\">\n\t\t\t\t\t\t\t<div class=\"elementor-testimonial__content\">\n\t\t\t\t\t<div class=\"elementor-testimonial__text\">\n\t\t\t\t\t\t<p>M\u00e9diation et arbitrage \u2022<\/p>\n\t\t\t\t\t<\/div>\n\t\t\t\t\t\t\t\t\t<\/div>\n\t\t\t\t\t\t<div class=\"elementor-testimonial__footer\">\n\t\t\t\t\t\t\t\t\t\t\t<\/div>\n\t\t<\/div>\n\t\t\t\t\t\t\t\t<\/div>\n\t\t\t\t\t\t\t\t\t<\/div>\n\t\t\t\t\t\t\t\t\t\t\t\t\t\t\t\t\t\t\t\t\t<\/div>\n\t\t\t\t<\/div>\n\t\t\t\t\t\t\t\t<\/div>\n\t\t\t\t<\/div>\n\t\t\t\t<\/div>\n\t\t<div class=\"elementor-element elementor-element-dfea8cf e-con-full e-flex e-con e-parent\" data-id=\"dfea8cf\" data-element_type=\"container\" data-e-type=\"container\" data-settings=\"{&quot;background_background&quot;:&quot;classic&quot;}\">\n\t\t<div class=\"elementor-element elementor-element-ef38ea8 e-con-full e-flex elementor-invisible e-con e-child\" data-id=\"ef38ea8\" data-element_type=\"container\" data-e-type=\"container\" data-settings=\"{&quot;animation&quot;:&quot;fadeInUp&quot;}\">\n\t\t\t\t<div class=\"elementor-element elementor-element-8c495df elementor-widget elementor-widget-breadcrumbs\" data-id=\"8c495df\" data-element_type=\"widget\" data-e-type=\"widget\" data-widget_type=\"breadcrumbs.default\">\n\t\t\t\t<div class=\"elementor-widget-container\">\n\t\t\t\t\t<p id=\"breadcrumbs\"><span><span><a href=\"https:\/\/ish-shalom.co.il\/fr\/\">\u05d3\u05e3 \u05d4\u05d1\u05d9\u05ea<\/a><\/span><\/span><\/p>\t\t\t\t<\/div>\n\t\t\t\t<\/div>\n\t\t\t\t<div class=\"elementor-element elementor-element-9f6a5b5 elementor-widget elementor-widget-text-editor\" data-id=\"9f6a5b5\" data-element_type=\"widget\" data-e-type=\"widget\" data-widget_type=\"text-editor.default\">\n\t\t\t\t<div class=\"elementor-widget-container\">\n\t\t\t\t\t\t\t\t\t<p>La m\u00e9diation est une m\u00e9thode alternative de r\u00e8glement des diff\u00e9rends en dehors des murs du tribunal avec l&rsquo;aide d&rsquo;un m\u00e9diateur qui est une partie neutre qui aide les parties au conflit \u00e0 parvenir \u00e0 un accord sur une question o\u00f9 les parties ont un int\u00e9r\u00eat commun et des divergences d&rsquo;opinion. . La m\u00e9diation permet de parvenir \u00e0 un compromis et \u00e0 une solution sans proc\u00e9dure judiciaire. La m\u00e9diation est une proc\u00e9dure volontaire et soumise \u00e0 la volont\u00e9 des parties, la m\u00e9diation peut se faire dans tout domaine o\u00f9 il existe un conflit, par exemple :<\/p><p>Litiges commerciaux \u2013 entre partenaires ou concurrents<\/p><p>H\u00e9ritage &#8211; entre h\u00e9ritiers<\/p><p>Au travail &#8211; entre employ\u00e9 et employeur ou entre employ\u00e9s<\/p><p>Consum\u00e9risme &#8211; entre fournisseur de services et client<\/p><p>Divorce, s\u00e9paration, garde d&rsquo;enfants &#8211; entre \u00e9poux pendant le mariage, avant ou apr\u00e8s<\/p><p>Notre bureau estime que la proc\u00e9dure de m\u00e9diation est la proc\u00e9dure recommand\u00e9e pour les personnes en conflit et qui souhaitent \u00e9viter la bureaucratie et les co\u00fbts \u00e9lev\u00e9s li\u00e9s \u00e0 la gestion de la proc\u00e9dure devant les tribunaux. Vous pouvez recourir \u00e0 la m\u00e9diation \u00e0 tout moment du litige, tant qu\u2019aucune d\u00e9cision n\u2019a \u00e9t\u00e9 rendue par le tribunal.<\/p><p>Vous \u00eates invit\u00e9s \u00e0 contacter notre bureau pour plus de d\u00e9tails<\/p>\t\t\t\t\t\t\t\t<\/div>\n\t\t\t\t<\/div>\n\t\t\t\t<\/div>\n\t\t<div class=\"elementor-element elementor-element-9726c1c e-con-full e-flex elementor-invisible e-con e-child\" data-id=\"9726c1c\" data-element_type=\"container\" data-e-type=\"container\" data-settings=\"{&quot;animation&quot;:&quot;fadeInUp&quot;}\">\n\t\t\t\t<div class=\"elementor-element elementor-element-ab378f4 elementor-widget__width-initial elementor-widget elementor-widget-image\" data-id=\"ab378f4\" data-element_type=\"widget\" data-e-type=\"widget\" data-widget_type=\"image.default\">\n\t\t\t\t<div class=\"elementor-widget-container\">\n\t\t\t\t\t\t\t\t\t\t\t\t\t\t\t<img fetchpriority=\"high\" decoding=\"async\" width=\"600\" height=\"500\" src=\"https:\/\/ish-shalom.co.il\/wp-content\/uploads\/2025\/01\/\u05d2\u05d9\u05e9\u05d5\u05e8-\u05e7\u05d8\u05d2\u05d5\u05e8\u05d9\u05d4-600-500.jpg\" class=\"attachment-full size-full wp-image-2256\" alt=\"\u05de\u05e9\u05e4\u05d8 \u05de\u05e1\u05d7\u05e8\u05d9\" srcset=\"https:\/\/ish-shalom.co.il\/wp-content\/uploads\/2025\/01\/\u05d2\u05d9\u05e9\u05d5\u05e8-\u05e7\u05d8\u05d2\u05d5\u05e8\u05d9\u05d4-600-500.jpg 600w, https:\/\/ish-shalom.co.il\/wp-content\/uploads\/2025\/01\/\u05d2\u05d9\u05e9\u05d5\u05e8-\u05e7\u05d8\u05d2\u05d5\u05e8\u05d9\u05d4-600-500-300x250.jpg 300w\" sizes=\"(max-width: 600px) 100vw, 600px\" \/>\t\t\t\t\t\t\t\t\t\t\t\t\t\t\t<\/div>\n\t\t\t\t<\/div>\n\t\t\t\t<\/div>\n\t\t\t\t<\/div>\n\t\t\t\t<\/div>\n\t\t","protected":false},"excerpt":{"rendered":"<p>Imp\u00f4ts \u2022 col blanc \u2022 Droit des soci\u00e9t\u00e9s \u2022 Procuration durable \u2022 M\u00e9diation et arbitrage \u2022 La m\u00e9diation est une m\u00e9thode alternative de r\u00e8glement des diff\u00e9rends en dehors des murs du tribunal avec l&rsquo;aide d&rsquo;un m\u00e9diateur qui est une partie neutre qui aide les parties au conflit \u00e0 parvenir \u00e0 un accord sur une question [&hellip;]<\/p>\n","protected":false},"author":1,"featured_media":0,"parent":0,"menu_order":0,"comment_status":"closed","ping_status":"closed","template":"elementor_header_footer","meta":{"footnotes":""},"class_list":["post-2805","page","type-page","status-publish","hentry"],"yoast_head":"<!-- This site is optimized with the Yoast SEO plugin v27.1.1 - https:\/\/yoast.com\/product\/yoast-seo-wordpress\/ -->\n<title>M\u00e9diation - \u05d9\u05e0\u05d9\u05d1 \u05d0\u05d9\u05e9 \u05e9\u05dc\u05d5\u05dd \u05de\u05e9\u05e8\u05d3 \u05e2\u05d5\u05e8\u05db\u05d9 \u05d3\u05d9\u05df<\/title>\n<meta name=\"description\" content=\"Le bureau de l&#039;avocat Yaniv Ish Shalom estime que la proc\u00e9dure de m\u00e9diation est la proc\u00e9dure recommand\u00e9e pour les personnes en conflit et qui souhaitent \u00e9viter la bureaucratie et les co\u00fbts \u00e9lev\u00e9s li\u00e9s \u00e0 la gestion de la proc\u00e9dure devant les tribunaux.\" \/>\n<meta name=\"robots\" content=\"index, follow, max-snippet:-1, max-image-preview:large, max-video-preview:-1\" \/>\n<link rel=\"canonical\" href=\"https:\/\/ish-shalom.co.il\/fr\/mediation\/\" \/>\n<meta property=\"og:locale\" content=\"fr_FR\" \/>\n<meta property=\"og:type\" content=\"article\" \/>\n<meta property=\"og:title\" content=\"M\u00e9diation - \u05d9\u05e0\u05d9\u05d1 \u05d0\u05d9\u05e9 \u05e9\u05dc\u05d5\u05dd \u05de\u05e9\u05e8\u05d3 \u05e2\u05d5\u05e8\u05db\u05d9 \u05d3\u05d9\u05df\" \/>\n<meta property=\"og:description\" content=\"Le bureau de l&#039;avocat Yaniv Ish Shalom estime que la proc\u00e9dure de m\u00e9diation est la proc\u00e9dure recommand\u00e9e pour les personnes en conflit et qui souhaitent \u00e9viter la bureaucratie et les co\u00fbts \u00e9lev\u00e9s li\u00e9s \u00e0 la gestion de la proc\u00e9dure devant les tribunaux.\" \/>\n<meta property=\"og:url\" content=\"https:\/\/ish-shalom.co.il\/fr\/mediation\/\" \/>\n<meta property=\"og:site_name\" content=\"\u05d9\u05e0\u05d9\u05d1 \u05d0\u05d9\u05e9 \u05e9\u05dc\u05d5\u05dd \u05de\u05e9\u05e8\u05d3 \u05e2\u05d5\u05e8\u05db\u05d9 \u05d3\u05d9\u05df\" \/>\n<meta property=\"article:modified_time\" content=\"2025-01-27T12:43:38+00:00\" \/>\n<meta name=\"twitter:card\" content=\"summary_large_image\" \/>\n<meta name=\"twitter:label1\" content=\"Dur\u00e9e de lecture estim\u00e9e\" \/>\n\t<meta name=\"twitter:data1\" content=\"2 minutes\" \/>\n<script type=\"application\/ld+json\" class=\"yoast-schema-graph\">{\"@context\":\"https:\/\/schema.org\",\"@graph\":[{\"@type\":\"WebPage\",\"@id\":\"https:\/\/ish-shalom.co.il\/fr\/mediation\/\",\"url\":\"https:\/\/ish-shalom.co.il\/fr\/mediation\/\",\"name\":\"M\u00e9diation - \u05d9\u05e0\u05d9\u05d1 \u05d0\u05d9\u05e9 \u05e9\u05dc\u05d5\u05dd \u05de\u05e9\u05e8\u05d3 \u05e2\u05d5\u05e8\u05db\u05d9 \u05d3\u05d9\u05df\",\"isPartOf\":{\"@id\":\"https:\/\/ish-shalom.co.il\/fr\/#website\"},\"datePublished\":\"2025-01-03T11:13:24+00:00\",\"dateModified\":\"2025-01-27T12:43:38+00:00\",\"description\":\"Le bureau de l'avocat Yaniv Ish Shalom estime que la proc\u00e9dure de m\u00e9diation est la proc\u00e9dure recommand\u00e9e pour les personnes en conflit et qui souhaitent \u00e9viter la bureaucratie et les co\u00fbts \u00e9lev\u00e9s li\u00e9s \u00e0 la gestion de la proc\u00e9dure devant les tribunaux.\",\"breadcrumb\":{\"@id\":\"https:\/\/ish-shalom.co.il\/fr\/mediation\/#breadcrumb\"},\"inLanguage\":\"fr-FR\",\"potentialAction\":[{\"@type\":\"ReadAction\",\"target\":[\"https:\/\/ish-shalom.co.il\/fr\/mediation\/\"]}]},{\"@type\":\"BreadcrumbList\",\"@id\":\"https:\/\/ish-shalom.co.il\/fr\/mediation\/#breadcrumb\",\"itemListElement\":[{\"@type\":\"ListItem\",\"position\":1,\"name\":\"\u05d3\u05e3 \u05d4\u05d1\u05d9\u05ea\",\"item\":\"https:\/\/ish-shalom.co.il\/fr\/\"},{\"@type\":\"ListItem\",\"position\":2,\"name\":\"M\u00e9diation\"}]},{\"@type\":\"WebSite\",\"@id\":\"https:\/\/ish-shalom.co.il\/fr\/#website\",\"url\":\"https:\/\/ish-shalom.co.il\/fr\/\",\"name\":\"\u05d9\u05e0\u05d9\u05d1 \u05d0\u05d9\u05e9 \u05e9\u05dc\u05d5\u05dd \u05de\u05e9\u05e8\u05d3 \u05e2\u05d5\u05e8\u05db\u05d9 \u05d3\u05d9\u05df\",\"description\":\"\",\"publisher\":{\"@id\":\"https:\/\/ish-shalom.co.il\/fr\/#organization\"},\"potentialAction\":[{\"@type\":\"SearchAction\",\"target\":{\"@type\":\"EntryPoint\",\"urlTemplate\":\"https:\/\/ish-shalom.co.il\/fr\/?s={search_term_string}\"},\"query-input\":{\"@type\":\"PropertyValueSpecification\",\"valueRequired\":true,\"valueName\":\"search_term_string\"}}],\"inLanguage\":\"fr-FR\"},{\"@type\":\"Organization\",\"@id\":\"https:\/\/ish-shalom.co.il\/fr\/#organization\",\"name\":\"\u05d9\u05e0\u05d9\u05d1 \u05d0\u05d9\u05e9 \u05e9\u05dc\u05d5\u05dd \u05de\u05e9\u05e8\u05d3 \u05e2\u05d5\u05e8\u05db\u05d9 \u05d3\u05d9\u05df\",\"url\":\"https:\/\/ish-shalom.co.il\/fr\/\",\"logo\":{\"@type\":\"ImageObject\",\"inLanguage\":\"fr-FR\",\"@id\":\"https:\/\/ish-shalom.co.il\/fr\/#\/schema\/logo\/image\/\",\"url\":\"https:\/\/ish-shalom.co.il\/wp-content\/uploads\/2024\/12\/logo-site.svg\",\"contentUrl\":\"https:\/\/ish-shalom.co.il\/wp-content\/uploads\/2024\/12\/logo-site.svg\",\"width\":293,\"height\":61,\"caption\":\"\u05d9\u05e0\u05d9\u05d1 \u05d0\u05d9\u05e9 \u05e9\u05dc\u05d5\u05dd \u05de\u05e9\u05e8\u05d3 \u05e2\u05d5\u05e8\u05db\u05d9 \u05d3\u05d9\u05df\"},\"image\":{\"@id\":\"https:\/\/ish-shalom.co.il\/fr\/#\/schema\/logo\/image\/\"}}]}<\/script>\n<!-- \/ Yoast SEO plugin. -->","yoast_head_json":{"title":"M\u00e9diation - \u05d9\u05e0\u05d9\u05d1 \u05d0\u05d9\u05e9 \u05e9\u05dc\u05d5\u05dd \u05de\u05e9\u05e8\u05d3 \u05e2\u05d5\u05e8\u05db\u05d9 \u05d3\u05d9\u05df","description":"Le bureau de l'avocat Yaniv Ish Shalom estime que la proc\u00e9dure de m\u00e9diation est la proc\u00e9dure recommand\u00e9e pour les personnes en conflit et qui souhaitent \u00e9viter la bureaucratie et les co\u00fbts \u00e9lev\u00e9s li\u00e9s \u00e0 la gestion de la proc\u00e9dure devant les tribunaux.","robots":{"index":"index","follow":"follow","max-snippet":"max-snippet:-1","max-image-preview":"max-image-preview:large","max-video-preview":"max-video-preview:-1"},"canonical":"https:\/\/ish-shalom.co.il\/fr\/mediation\/","og_locale":"fr_FR","og_type":"article","og_title":"M\u00e9diation - \u05d9\u05e0\u05d9\u05d1 \u05d0\u05d9\u05e9 \u05e9\u05dc\u05d5\u05dd \u05de\u05e9\u05e8\u05d3 \u05e2\u05d5\u05e8\u05db\u05d9 \u05d3\u05d9\u05df","og_description":"Le bureau de l'avocat Yaniv Ish Shalom estime que la proc\u00e9dure de m\u00e9diation est la proc\u00e9dure recommand\u00e9e pour les personnes en conflit et qui souhaitent \u00e9viter la bureaucratie et les co\u00fbts \u00e9lev\u00e9s li\u00e9s \u00e0 la gestion de la proc\u00e9dure devant les tribunaux.","og_url":"https:\/\/ish-shalom.co.il\/fr\/mediation\/","og_site_name":"\u05d9\u05e0\u05d9\u05d1 \u05d0\u05d9\u05e9 \u05e9\u05dc\u05d5\u05dd \u05de\u05e9\u05e8\u05d3 \u05e2\u05d5\u05e8\u05db\u05d9 \u05d3\u05d9\u05df","article_modified_time":"2025-01-27T12:43:38+00:00","twitter_card":"summary_large_image","twitter_misc":{"Dur\u00e9e de lecture estim\u00e9e":"2 minutes"},"schema":{"@context":"https:\/\/schema.org","@graph":[{"@type":"WebPage","@id":"https:\/\/ish-shalom.co.il\/fr\/mediation\/","url":"https:\/\/ish-shalom.co.il\/fr\/mediation\/","name":"M\u00e9diation - \u05d9\u05e0\u05d9\u05d1 \u05d0\u05d9\u05e9 \u05e9\u05dc\u05d5\u05dd \u05de\u05e9\u05e8\u05d3 \u05e2\u05d5\u05e8\u05db\u05d9 \u05d3\u05d9\u05df","isPartOf":{"@id":"https:\/\/ish-shalom.co.il\/fr\/#website"},"datePublished":"2025-01-03T11:13:24+00:00","dateModified":"2025-01-27T12:43:38+00:00","description":"Le bureau de l'avocat Yaniv Ish Shalom estime que la proc\u00e9dure de m\u00e9diation est la proc\u00e9dure recommand\u00e9e pour les personnes en conflit et qui souhaitent \u00e9viter la bureaucratie et les co\u00fbts \u00e9lev\u00e9s li\u00e9s \u00e0 la gestion de la proc\u00e9dure devant les tribunaux.","breadcrumb":{"@id":"https:\/\/ish-shalom.co.il\/fr\/mediation\/#breadcrumb"},"inLanguage":"fr-FR","potentialAction":[{"@type":"ReadAction","target":["https:\/\/ish-shalom.co.il\/fr\/mediation\/"]}]},{"@type":"BreadcrumbList","@id":"https:\/\/ish-shalom.co.il\/fr\/mediation\/#breadcrumb","itemListElement":[{"@type":"ListItem","position":1,"name":"\u05d3\u05e3 \u05d4\u05d1\u05d9\u05ea","item":"https:\/\/ish-shalom.co.il\/fr\/"},{"@type":"ListItem","position":2,"name":"M\u00e9diation"}]},{"@type":"WebSite","@id":"https:\/\/ish-shalom.co.il\/fr\/#website","url":"https:\/\/ish-shalom.co.il\/fr\/","name":"\u05d9\u05e0\u05d9\u05d1 \u05d0\u05d9\u05e9 \u05e9\u05dc\u05d5\u05dd \u05de\u05e9\u05e8\u05d3 \u05e2\u05d5\u05e8\u05db\u05d9 \u05d3\u05d9\u05df","description":"","publisher":{"@id":"https:\/\/ish-shalom.co.il\/fr\/#organization"},"potentialAction":[{"@type":"SearchAction","target":{"@type":"EntryPoint","urlTemplate":"https:\/\/ish-shalom.co.il\/fr\/?s={search_term_string}"},"query-input":{"@type":"PropertyValueSpecification","valueRequired":true,"valueName":"search_term_string"}}],"inLanguage":"fr-FR"},{"@type":"Organization","@id":"https:\/\/ish-shalom.co.il\/fr\/#organization","name":"\u05d9\u05e0\u05d9\u05d1 \u05d0\u05d9\u05e9 \u05e9\u05dc\u05d5\u05dd \u05de\u05e9\u05e8\u05d3 \u05e2\u05d5\u05e8\u05db\u05d9 \u05d3\u05d9\u05df","url":"https:\/\/ish-shalom.co.il\/fr\/","logo":{"@type":"ImageObject","inLanguage":"fr-FR","@id":"https:\/\/ish-shalom.co.il\/fr\/#\/schema\/logo\/image\/","url":"https:\/\/ish-shalom.co.il\/wp-content\/uploads\/2024\/12\/logo-site.svg","contentUrl":"https:\/\/ish-shalom.co.il\/wp-content\/uploads\/2024\/12\/logo-site.svg","width":293,"height":61,"caption":"\u05d9\u05e0\u05d9\u05d1 \u05d0\u05d9\u05e9 \u05e9\u05dc\u05d5\u05dd \u05de\u05e9\u05e8\u05d3 \u05e2\u05d5\u05e8\u05db\u05d9 \u05d3\u05d9\u05df"},"image":{"@id":"https:\/\/ish-shalom.co.il\/fr\/#\/schema\/logo\/image\/"}}]}},"_links":{"self":[{"href":"https:\/\/ish-shalom.co.il\/fr\/wp-json\/wp\/v2\/pages\/2805","targetHints":{"allow":["GET"]}}],"collection":[{"href":"https:\/\/ish-shalom.co.il\/fr\/wp-json\/wp\/v2\/pages"}],"about":[{"href":"https:\/\/ish-shalom.co.il\/fr\/wp-json\/wp\/v2\/types\/page"}],"author":[{"embeddable":true,"href":"https:\/\/ish-shalom.co.il\/fr\/wp-json\/wp\/v2\/users\/1"}],"replies":[{"embeddable":true,"href":"https:\/\/ish-shalom.co.il\/fr\/wp-json\/wp\/v2\/comments?post=2805"}],"version-history":[{"count":14,"href":"https:\/\/ish-shalom.co.il\/fr\/wp-json\/wp\/v2\/pages\/2805\/revisions"}],"predecessor-version":[{"id":5729,"href":"https:\/\/ish-shalom.co.il\/fr\/wp-json\/wp\/v2\/pages\/2805\/revisions\/5729"}],"wp:attachment":[{"href":"https:\/\/ish-shalom.co.il\/fr\/wp-json\/wp\/v2\/media?parent=2805"}],"curies":[{"name":"wp","href":"https:\/\/api.w.org\/{rel}","templated":true}]}}